{"id":1006314,"date":"2022-03-24T09:59:28","date_gmt":"2022-03-24T09:59:28","guid":{"rendered":"https:\/\/nimblecamper.com\/praesentieren-sie-ihren-minicamper\/"},"modified":"2022-03-24T09:59:31","modified_gmt":"2022-03-24T09:59:31","slug":"praesentieren-sie-ihren-minicamper","status":"publish","type":"page","link":"https:\/\/nimblecamper.com\/de\/praesentieren-sie-ihren-minicamper\/","title":{"rendered":"Pr\u00e4sentieren Sie Ihren Minicamper"},"content":{"rendered":"\n<p class=\"has-text-align-center\">M\u00f6chten Sie Ihren Microcamper-Umbau auf nimblecamper.com pr\u00e4sentieren? Oder zu unserer <a href=\"https:\/\/nimblecamper.com\/car-camping-boot-gallery\/\" data-type=\"page\" data-id=\"1196\">Bibliothek mit Fotos und Abmessungen von Kofferraumn<\/a> hinzuf\u00fcgen?<\/p>\n\n<p class=\"has-text-align-center\">Schicken Sie mir einfach eine E-Mail an <a href=\"mailto:info@wordpress-811709-2785356.cloudwaysapps.com\" target=\"_blank\" rel=\"noreferrer noopener\" data-type=\"mailto\" data-id=\"mailto:info@wordpress-811709-2785356.cloudwaysapps.com\">info@wordpress-811709-2785356.cloudwaysapps.com<\/a> mit Ihren Bildern + einer Beschreibung &#8211; kurz oder lang &#8211; vielleicht machen wir sogar einen Post daraus, vielleicht eine <a href=\"https:\/\/nimblecamper.com\/de\/tag\/wahl-des-monats\/\" data-type=\"post_tag\" data-id=\"185\">Auswahl des Monats<\/a> ? :).  <\/p>\n\n<p class=\"has-text-align-center\">Ich lasse Sie wissen, wenn es auf der Website hochgeladen ist.<\/p>\n","protected":false},"excerpt":{"rendered":"<p>M\u00f6chten Sie Ihren Microcamper-Umbau auf nimblecamper.com pr\u00e4sentieren? Oder zu unserer Bibliothek mit Fotos und Abmessungen von Kofferraumn hinzuf\u00fcgen? Schicken Sie mir einfach eine E-Mail an info@wordpress-811709-2785356.cloudwaysapps.com mit Ihren Bildern + einer Beschreibung &#8211; kurz oder lang &#8211; vielleicht machen wir sogar einen Post daraus, vielleicht eine Auswahl des Monats ? :). Ich lasse Sie wissen,&#8230;<\/p>\n","protected":false},"author":1,"featured_media":0,"parent":0,"menu_order":0,"comment_status":"closed","ping_status":"closed","template":"","meta":{"_kad_blocks_custom_css":"","_kad_blocks_head_custom_js":"","_kad_blocks_body_custom_js":"","_kad_blocks_footer_custom_js":"","_kad_post_transparent":"","_kad_post_title":"","_kad_post_layout":"","_kad_post_sidebar_id":"default","_kad_post_content_style":"","_kad_post_vertical_padding":"","_kad_post_feature":"","_kad_post_feature_position":"","_kad_post_header":false,"_kad_post_footer":false,"_kad_post_classname":"","footnotes":""},"class_list":["post-1006314","page","type-page","status-publish","hentry"],"featured_image_src":null,"taxonomy_info":[],"featured_image_src_large":false,"author_info":{"display_name":"Lukas","author_link":"https:\/\/nimblecamper.com\/de\/author\/adminator\/"},"comment_info":0,"_links":{"self":[{"href":"https:\/\/nimblecamper.com\/de\/wp-json\/wp\/v2\/pages\/1006314","targetHints":{"allow":["GET"]}}],"collection":[{"href":"https:\/\/nimblecamper.com\/de\/wp-json\/wp\/v2\/pages"}],"about":[{"href":"https:\/\/nimblecamper.com\/de\/wp-json\/wp\/v2\/types\/page"}],"author":[{"embeddable":true,"href":"https:\/\/nimblecamper.com\/de\/wp-json\/wp\/v2\/users\/1"}],"replies":[{"embeddable":true,"href":"https:\/\/nimblecamper.com\/de\/wp-json\/wp\/v2\/comments?post=1006314"}],"version-history":[{"count":0,"href":"https:\/\/nimblecamper.com\/de\/wp-json\/wp\/v2\/pages\/1006314\/revisions"}],"wp:attachment":[{"href":"https:\/\/nimblecamper.com\/de\/wp-json\/wp\/v2\/media?parent=1006314"}],"curies":[{"name":"wp","href":"https:\/\/api.w.org\/{rel}","templated":true}]}}