{"id":1006348,"date":"2022-03-24T10:00:15","date_gmt":"2022-03-24T10:00:15","guid":{"rendered":"https:\/\/nimblecamper.com\/abonnieren-sie-den-newsletter-von-nimblecamper-com\/"},"modified":"2022-03-24T10:00:17","modified_gmt":"2022-03-24T10:00:17","slug":"abonnieren-sie-den-newsletter-von-nimblecamper-com","status":"publish","type":"page","link":"https:\/\/nimblecamper.com\/de\/abonnieren-sie-den-newsletter-von-nimblecamper-com\/","title":{"rendered":"Abonnieren Sie den Newsletter von nimblecamper.com"},"content":{"rendered":"<style>#kt-layout-id_6cc366-52 > .kt-row-column-wrap{align-content:start;}:where(#kt-layout-id_6cc366-52 > .kt-row-column-wrap) > .wp-block-kadence-column{justify-content:start;}#kt-layout-id_6cc366-52 > .kt-row-column-wrap{column-gap:var(--global-kb-gap-md, 2rem);row-gap:var(--global-kb-gap-md, 2rem);padding-top:var( --global-kb-row-default-top, 25px );padding-bottom:var( --global-kb-row-default-bottom, 25px );padding-top:var(--global-kb-spacing-sm, 1.5rem);padding-bottom:var(--global-kb-spacing-sm, 1.5rem);grid-template-columns:minmax(0, calc(60% - ((var(--global-kb-gap-md, 2rem) * 1 )\/2)))minmax(0, calc(40% - ((var(--global-kb-gap-md, 2rem) * 1 )\/2)));}#kt-layout-id_6cc366-52 > .kt-row-layout-overlay{opacity:0.30;}@media all and (max-width: 1024px){#kt-layout-id_6cc366-52 > .kt-row-column-wrap{grid-template-columns:repeat(2, minmax(0, 1fr));}}@media all and (max-width: 767px){#kt-layout-id_6cc366-52 > .kt-row-column-wrap{grid-template-columns:minmax(0, 1fr);}}<\/style>\n<div class=\"wp-block-kadence-rowlayout alignnone\"><div id=\"kt-layout-id_6cc366-52\" class=\"kt-row-layout-inner kt-layout-id_6cc366-52\"><div class=\"kt-row-column-wrap kt-has-2-columns kt-gutter-default kt-v-gutter-default kt-row-valign-top kt-row-layout-equal kt-tab-layout-inherit kt-m-colapse-left-to-right kt-mobile-layout-row  kt-custom-first-width-60  kt-custom-second-width-40\"><style>.kadence-column_36deb0-ba > .kt-inside-inner-col{border-top-width:0px;border-right-width:0px;border-bottom-width:0px;border-left-width:0px;}.kadence-column_36deb0-ba > .kt-inside-inner-col,.kadence-column_36deb0-ba > .kt-inside-inner-col:before{border-top-left-radius:0px;border-top-right-radius:0px;border-bottom-right-radius:0px;border-bottom-left-radius:0px;}.kadence-column_36deb0-ba > .kt-inside-inner-col{column-gap:var(--global-kb-gap-sm, 1rem);}.kadence-column_36deb0-ba > .kt-inside-inner-col{flex-direction:column;}.kadence-column_36deb0-ba > .kt-inside-inner-col > .aligncenter{width:100%;}.kadence-column_36deb0-ba > .kt-inside-inner-col:before{opacity:0.3;}.kadence-column_36deb0-ba{position:relative;}@media all and (max-width: 1024px){.kadence-column_36deb0-ba > .kt-inside-inner-col{flex-direction:column;justify-content:center;}}@media all and (max-width: 767px){.kadence-column_36deb0-ba > .kt-inside-inner-col{flex-direction:column;justify-content:center;}}<\/style>\n<div class=\"wp-block-kadence-column inner-column-1 kadence-column_36deb0-ba\"><div class=\"kt-inside-inner-col\">\n<h2 class=\"wp-block-heading\">Hier abonnieren ????<\/h2>\n\n\n\n<script src=\"https:\/\/www.google.com\/recaptcha\/api.js\"><\/script>\n<form action=\"https:\/\/nimblecamper.com\/sendy\/subscribe\" method=\"POST\" accept-charset=\"utf-8\">\n\t<label for=\"name\">Name<\/label><br\/>\n\t<input type=\"text\" name=\"name\" id=\"name\"\/>\n\t<br\/>\n\t<label for=\"email\">Email<\/label><br\/>\n\t<input type=\"email\" name=\"email\" id=\"email\"\/><br\/><br\/>\n<input type=\"checkbox\" name=\"gdpr\" id=\"gdpr\"\/>\n<span style=\"font-size: 12px; line-height:1em;\"><strong>Marketingerlaubnis<\/strong> : Ich erkl\u00e4re mich damit einverstanden, dass NimbleCamper Newsletter mich per E-Mail unter Verwendung der Informationen, die ich in diesem Formular angegeben habe, zum Zweck von Neuigkeiten, Updates und Marketing kontaktiert.<\/span>\n<br\/><br\/>\n<span style=\"font-size: 12px;line-height:1em;\"><strong>Was Sie erwartet<\/strong> : Wenn Sie Ihre Einwilligung widerrufen und nichts mehr von uns h\u00f6ren m\u00f6chten, klicken Sie einfach auf den Abmeldelink am Ende jeder E-Mail, die wir senden, oder kontaktieren Sie uns unter lukas@wordpress-811709-2785356.cloudwaysapps.com. Wir sch\u00e4tzen und respektieren Ihre pers\u00f6nlichen Daten und Ihre Privatsph\u00e4re. Um unsere Datenschutzrichtlinie einzusehen, besuchen Sie bitte unsere Website. Durch das Absenden dieses Formulars stimmen Sie zu, dass wir Ihre Daten gem\u00e4\u00df diesen Bedingungen verarbeiten d\u00fcrfen.<\/span>\n<br\/><br\/>\n\t<p class=\"g-recaptcha\" data-sitekey=\"6LdwBaMaAAAAAHcZOllUmPJDOtYDAT9CaHA4gb_J\"><\/p><div style=\"display:none;\">\n\t<label for=\"hp\">HP<\/label><br\/>\n\t<input type=\"text\" name=\"hp\" id=\"hp\"\/>\n\t<\/div>\n\t<input type=\"hidden\" name=\"list\" value=\"CX3OH6o7OmUuYPMGtCyhBw\"\/>\n\t<input type=\"hidden\" name=\"subform\" value=\"yes\"\/>\n\t<input type=\"submit\" name=\"submit\" id=\"submit\"\/>\n<\/form>\n<\/div><\/div>\n\n\n<style>.kadence-column_1013c1-05 > .kt-inside-inner-col{border-top-width:0px;border-right-width:0px;border-bottom-width:0px;border-left-width:0px;}.kadence-column_1013c1-05 > .kt-inside-inner-col,.kadence-column_1013c1-05 > .kt-inside-inner-col:before{border-top-left-radius:0px;border-top-right-radius:0px;border-bottom-right-radius:0px;border-bottom-left-radius:0px;}.kadence-column_1013c1-05 > .kt-inside-inner-col{column-gap:var(--global-kb-gap-sm, 1rem);}.kadence-column_1013c1-05 > .kt-inside-inner-col{flex-direction:column;}.kadence-column_1013c1-05 > .kt-inside-inner-col > .aligncenter{width:100%;}.kadence-column_1013c1-05 > .kt-inside-inner-col:before{opacity:0.3;}.kadence-column_1013c1-05{position:relative;}@media all and (max-width: 1024px){.kadence-column_1013c1-05 > .kt-inside-inner-col{flex-direction:column;justify-content:center;}}@media all and (max-width: 767px){.kadence-column_1013c1-05 > .kt-inside-inner-col{flex-direction:column;justify-content:center;}}<\/style>\n<div class=\"wp-block-kadence-column inner-column-2 kadence-column_1013c1-05\"><div class=\"kt-inside-inner-col\">\n<h3 class=\"wp-block-heading\">Hallo, ich bin Lukas ????????<\/h3>\n\n\n\n<div class=\"wp-block-image is-style-rounded\"><figure class=\"aligncenter size-large\"><img loading=\"lazy\" decoding=\"async\" width=\"799\" height=\"461\" src=\"https:\/\/nimblecamper.com\/wp-content\/uploads\/2021\/04\/lukas.webp\" alt=\"\" class=\"wp-image-2350\" title=\"car camping - Nimblecamper.com\" srcset=\"https:\/\/nimblecamper.com\/wp-content\/uploads\/2021\/04\/lukas.webp 799w, https:\/\/nimblecamper.com\/wp-content\/uploads\/2021\/04\/lukas-300x173.webp 300w, https:\/\/nimblecamper.com\/wp-content\/uploads\/2021\/04\/lukas-768x443.webp 768w\" sizes=\"auto, (max-width: 799px) 100vw, 799px\" \/><\/figure><\/div>\n\n\n\n<p>Und ich ver\u00f6ffentliche ungef\u00e4hr 2-4 Posts pro Monat &#8211; alle darauf ausgerichtet, Ihnen das Autocamping-Leben und Ihre Entscheidungen zu erleichtern.<\/p>\n\n\n\n<p>Dies begann urspr\u00fcnglich mit meiner Frustration, eine pr\u00e4gnante Informationsquelle dar\u00fcber zu finden, welches Auto gut zum Autocampen geeignet ist. Ich habe es nicht gefunden &#8211; also habe ich eines erstellt. \ud83d\ude42<\/p>\n<\/div><\/div>\n<\/div><\/div><\/div>\n\n<p><\/p>\n","protected":false},"excerpt":{"rendered":"<p>Hier abonnieren ???? Name Email Marketingerlaubnis : Ich erkl\u00e4re mich damit einverstanden, dass NimbleCamper Newsletter mich per E-Mail unter Verwendung der Informationen, die ich in diesem Formular angegeben habe, zum Zweck von Neuigkeiten, Updates und Marketing kontaktiert. Was Sie erwartet : Wenn Sie Ihre Einwilligung widerrufen und nichts mehr von uns h\u00f6ren m\u00f6chten, klicken Sie&#8230;<\/p>\n","protected":false},"author":1,"featured_media":0,"parent":0,"menu_order":0,"comment_status":"closed","ping_status":"closed","template":"","meta":{"_kad_blocks_custom_css":"","_kad_blocks_head_custom_js":"","_kad_blocks_body_custom_js":"","_kad_blocks_footer_custom_js":"","_kad_post_transparent":"","_kad_post_title":"","_kad_post_layout":"normal","_kad_post_sidebar_id":"","_kad_post_content_style":"","_kad_post_vertical_padding":"top","_kad_post_feature":"","_kad_post_feature_position":"","_kad_post_header":false,"_kad_post_footer":false,"_kad_post_classname":"","footnotes":""},"class_list":["post-1006348","page","type-page","status-publish","hentry"],"featured_image_src":null,"taxonomy_info":[],"featured_image_src_large":false,"author_info":{"display_name":"Lukas","author_link":"https:\/\/nimblecamper.com\/de\/author\/adminator\/"},"comment_info":0,"_links":{"self":[{"href":"https:\/\/nimblecamper.com\/de\/wp-json\/wp\/v2\/pages\/1006348","targetHints":{"allow":["GET"]}}],"collection":[{"href":"https:\/\/nimblecamper.com\/de\/wp-json\/wp\/v2\/pages"}],"about":[{"href":"https:\/\/nimblecamper.com\/de\/wp-json\/wp\/v2\/types\/page"}],"author":[{"embeddable":true,"href":"https:\/\/nimblecamper.com\/de\/wp-json\/wp\/v2\/users\/1"}],"replies":[{"embeddable":true,"href":"https:\/\/nimblecamper.com\/de\/wp-json\/wp\/v2\/comments?post=1006348"}],"version-history":[{"count":0,"href":"https:\/\/nimblecamper.com\/de\/wp-json\/wp\/v2\/pages\/1006348\/revisions"}],"wp:attachment":[{"href":"https:\/\/nimblecamper.com\/de\/wp-json\/wp\/v2\/media?parent=1006348"}],"curies":[{"name":"wp","href":"https:\/\/api.w.org\/{rel}","templated":true}]}}