{"id":2012841,"date":"2023-02-11T16:06:05","date_gmt":"2023-02-11T16:06:05","guid":{"rendered":"https:\/\/nimblecamper.com\/auto-vergleich-wie-funktioniert-es\/"},"modified":"2023-02-11T16:06:08","modified_gmt":"2023-02-11T16:06:08","slug":"auto-vergleich-wie-funktioniert-es","status":"publish","type":"page","link":"https:\/\/nimblecamper.com\/de\/auto-vergleich-wie-funktioniert-es\/","title":{"rendered":"Auto-Vergleich \u2013 wie funktioniert es?"},"content":{"rendered":"\n<p>Hier ist eine kurze Anleitung, wie Sie mehrere Autos auf einer einzigen Seite vergleichen k\u00f6nnen &#8211; sehen Sie ihre Kofferraumgr\u00f6\u00dfe und andere Attribute in einer einfachen Tabelle.<\/p>\n\n<figure class=\"wp-block-embed is-type-video is-provider-youtube wp-block-embed-youtube wp-embed-aspect-16-9 wp-has-aspect-ratio\"><div class=\"wp-block-embed__wrapper\">\n<iframe loading=\"lazy\" title=\"New Feature: Compare multiple cars boot dimensions in a simple table - how to | Nimblecamper.com\" width=\"720\" height=\"405\" src=\"https:\/\/www.youtube-nocookie.com\/embed\/4hz_k_Va3Rc?feature=oembed\" frameborder=\"0\" allow=\"accelerometer; autoplay; clipboard-write; encrypted-media; gyroscope; picture-in-picture; web-share\" allowfullscreen><\/iframe>\n<\/div><\/figure>\n","protected":false},"excerpt":{"rendered":"<p>Hier ist eine kurze Anleitung, wie Sie mehrere Autos auf einer einzigen Seite vergleichen k\u00f6nnen &#8211; sehen Sie ihre Kofferraumgr\u00f6\u00dfe und andere Attribute in einer einfachen Tabelle.<\/p>\n","protected":false},"author":1,"featured_media":0,"parent":0,"menu_order":0,"comment_status":"closed","ping_status":"closed","template":"","meta":{"_kad_blocks_custom_css":"","_kad_blocks_head_custom_js":"","_kad_blocks_body_custom_js":"","_kad_blocks_footer_custom_js":"","_kad_post_transparent":"","_kad_post_title":"","_kad_post_layout":"","_kad_post_sidebar_id":"","_kad_post_content_style":"","_kad_post_vertical_padding":"","_kad_post_feature":"","_kad_post_feature_position":"","_kad_post_header":false,"_kad_post_footer":false,"_kad_post_classname":"","footnotes":""},"class_list":["post-2012841","page","type-page","status-publish","hentry"],"featured_image_src":null,"taxonomy_info":[],"featured_image_src_large":false,"author_info":{"display_name":"Lukas","author_link":"https:\/\/nimblecamper.com\/de\/author\/adminator\/"},"comment_info":0,"_links":{"self":[{"href":"https:\/\/nimblecamper.com\/de\/wp-json\/wp\/v2\/pages\/2012841","targetHints":{"allow":["GET"]}}],"collection":[{"href":"https:\/\/nimblecamper.com\/de\/wp-json\/wp\/v2\/pages"}],"about":[{"href":"https:\/\/nimblecamper.com\/de\/wp-json\/wp\/v2\/types\/page"}],"author":[{"embeddable":true,"href":"https:\/\/nimblecamper.com\/de\/wp-json\/wp\/v2\/users\/1"}],"replies":[{"embeddable":true,"href":"https:\/\/nimblecamper.com\/de\/wp-json\/wp\/v2\/comments?post=2012841"}],"version-history":[{"count":0,"href":"https:\/\/nimblecamper.com\/de\/wp-json\/wp\/v2\/pages\/2012841\/revisions"}],"wp:attachment":[{"href":"https:\/\/nimblecamper.com\/de\/wp-json\/wp\/v2\/media?parent=2012841"}],"curies":[{"name":"wp","href":"https:\/\/api.w.org\/{rel}","templated":true}]}}