{"id":1006775,"date":"2022-02-01T21:15:41","date_gmt":"2022-03-25T09:51:40","guid":{"rendered":"https:\/\/nimblecamper.com\/renault-grand-espace-camper\/"},"modified":"2024-01-31T09:31:48","modified_gmt":"2024-01-31T09:31:48","slug":"renault-grand-espace-camper","status":"publish","type":"product","link":"https:\/\/nimblecamper.com\/de\/renault-grand-espace-camper\/","title":{"rendered":"Renault Grand Espace Camper"},"content":{"rendered":"<style>.kb-row-layout-id1005829_67024b-89 > .kt-row-column-wrap{align-content:start;}:where(.kb-row-layout-id1005829_67024b-89 > .kt-row-column-wrap) > .wp-block-kadence-column{justify-content:start;}.kb-row-layout-id1005829_67024b-89 > .kt-row-column-wrap{column-gap:var(--global-kb-gap-md, 2rem);row-gap:var(--global-kb-gap-md, 2rem);padding-top:var(--global-kb-spacing-sm, 1.5rem);padding-bottom:var(--global-kb-spacing-sm, 1.5rem);grid-template-columns:repeat(2, minmax(0, 1fr));}.kb-row-layout-id1005829_67024b-89 > .kt-row-layout-overlay{opacity:0.30;}@media all and (max-width: 1024px){.kb-row-layout-id1005829_67024b-89 > .kt-row-column-wrap{grid-template-columns:repeat(2, minmax(0, 1fr));}}@media all and (max-width: 767px){.kb-row-layout-id1005829_67024b-89 > .kt-row-column-wrap{grid-template-columns:minmax(0, 1fr);}}<\/style><div class=\"kb-row-layout-wrap kb-row-layout-id1005829_67024b-89 alignnone wp-block-kadence-rowlayout\"><div class=\"kt-row-column-wrap kt-has-2-columns kt-row-layout-equal kt-tab-layout-inherit kt-mobile-layout-row kt-row-valign-top\">\n<style>.kadence-column1005829_802637-50 > .kt-inside-inner-col,.kadence-column1005829_802637-50 > .kt-inside-inner-col:before{border-top-left-radius:0px;border-top-right-radius:0px;border-bottom-right-radius:0px;border-bottom-left-radius:0px;}.kadence-column1005829_802637-50 > .kt-inside-inner-col{column-gap:var(--global-kb-gap-sm, 1rem);}.kadence-column1005829_802637-50 > .kt-inside-inner-col{flex-direction:column;}.kadence-column1005829_802637-50 > .kt-inside-inner-col > .aligncenter{width:100%;}.kadence-column1005829_802637-50 > .kt-inside-inner-col:before{opacity:0.3;}.kadence-column1005829_802637-50{position:relative;}@media all and (max-width: 1024px){.kadence-column1005829_802637-50 > .kt-inside-inner-col{flex-direction:column;justify-content:center;}}@media all and (max-width: 767px){.kadence-column1005829_802637-50 > .kt-inside-inner-col{flex-direction:column;justify-content:center;}}<\/style>\n<div class=\"wp-block-kadence-column kadence-column1005829_802637-50 inner-column-1\"><div class=\"kt-inside-inner-col\"><table class=\"woocommerce-product-attributes shop_attributes\" aria-label=\"Produktdetails\">\n\t\t\t<tr class=\"woocommerce-product-attributes-item woocommerce-product-attributes-item--attribute_pa_body-type\">\n\t\t\t<th class=\"woocommerce-product-attributes-item__label\" scope=\"row\">Aufbautyp<\/th>\n\t\t\t<td class=\"woocommerce-product-attributes-item__value\"><p><a href=\"https:\/\/nimblecamper.com\/de\/body-type\/mpv-minivan-de\/\" rel=\"tag\">Hochdachkombi<\/a><\/p>\n<\/td>\n\t\t<\/tr>\n\t\t\t<tr class=\"woocommerce-product-attributes-item woocommerce-product-attributes-item--attribute_pa_make\">\n\t\t\t<th class=\"woocommerce-product-attributes-item__label\" scope=\"row\">Marke<\/th>\n\t\t\t<td class=\"woocommerce-product-attributes-item__value\"><p><a href=\"https:\/\/nimblecamper.com\/de\/make\/renault-de\/\" rel=\"tag\">Renault<\/a><\/p>\n<\/td>\n\t\t<\/tr>\n\t\t\t<tr class=\"woocommerce-product-attributes-item woocommerce-product-attributes-item--attribute_pa_boot-length\">\n\t\t\t<th class=\"woocommerce-product-attributes-item__label\" scope=\"row\">Kofferrauml&auml;nge (cm)<\/th>\n\t\t\t<td class=\"woocommerce-product-attributes-item__value\"><p>180<\/p>\n<\/td>\n\t\t<\/tr>\n\t\t\t<tr class=\"woocommerce-product-attributes-item woocommerce-product-attributes-item--attribute_pa_boot-height\">\n\t\t\t<th class=\"woocommerce-product-attributes-item__label\" scope=\"row\">Kofferraumh&ouml;he (cm)<\/th>\n\t\t\t<td class=\"woocommerce-product-attributes-item__value\"><p>104<\/p>\n<\/td>\n\t\t<\/tr>\n\t\t\t<tr class=\"woocommerce-product-attributes-item woocommerce-product-attributes-item--attribute_pa_boot-width\">\n\t\t\t<th class=\"woocommerce-product-attributes-item__label\" scope=\"row\">Kofferraumbreite [Radk&auml;sten] (cm)<\/th>\n\t\t\t<td class=\"woocommerce-product-attributes-item__value\"><p>117<\/p>\n<\/td>\n\t\t<\/tr>\n\t\t\t<tr class=\"woocommerce-product-attributes-item woocommerce-product-attributes-item--attribute_pa_comfort-rating\">\n\t\t\t<th class=\"woocommerce-product-attributes-item__label\" scope=\"row\">Komfortbewertung<\/th>\n\t\t\t<td class=\"woocommerce-product-attributes-item__value\"><p>1.5<\/p>\n<\/td>\n\t\t<\/tr>\n\t\t\t<tr class=\"woocommerce-product-attributes-item woocommerce-product-attributes-item--attribute_pa_consumption-l-100km\">\n\t\t\t<th class=\"woocommerce-product-attributes-item__label\" scope=\"row\">Verbrauch l\/100km<\/th>\n\t\t\t<td class=\"woocommerce-product-attributes-item__value\"><p>11.3<\/p>\n<\/td>\n\t\t<\/tr>\n\t\t\t<tr class=\"woocommerce-product-attributes-item woocommerce-product-attributes-item--attribute_pa_consumption-mpg-uk\">\n\t\t\t<th class=\"woocommerce-product-attributes-item__label\" scope=\"row\">Verbrauch MPG (UK)<\/th>\n\t\t\t<td class=\"woocommerce-product-attributes-item__value\"><p>35<\/p>\n<\/td>\n\t\t<\/tr>\n\t\t\t<tr class=\"woocommerce-product-attributes-item woocommerce-product-attributes-item--attribute_pa_available-in\">\n\t\t\t<th class=\"woocommerce-product-attributes-item__label\" scope=\"row\">Verf&uuml;gbar in<\/th>\n\t\t\t<td class=\"woocommerce-product-attributes-item__value\"><p><a href=\"https:\/\/nimblecamper.com\/de\/available-in\/eu-de\/\" rel=\"tag\">EU<\/a><\/p>\n<\/td>\n\t\t<\/tr>\n\t\t\t<tr class=\"woocommerce-product-attributes-item woocommerce-product-attributes-item--attribute_pa_engine-type\">\n\t\t\t<th class=\"woocommerce-product-attributes-item__label\" scope=\"row\">Motortyp<\/th>\n\t\t\t<td class=\"woocommerce-product-attributes-item__value\"><p><a href=\"https:\/\/nimblecamper.com\/de\/engine-type\/verbrennung\/\" rel=\"tag\">Verbrennung<\/a><\/p>\n<\/td>\n\t\t<\/tr>\n\t\t\t<tr class=\"woocommerce-product-attributes-item woocommerce-product-attributes-item--attribute_pa_nc-rating\">\n\t\t\t<th class=\"woocommerce-product-attributes-item__label\" scope=\"row\">NimbleCamper Bewertung (von max. 5)<\/th>\n\t\t\t<td class=\"woocommerce-product-attributes-item__value\"><p><a href=\"https:\/\/nimblecamper.com\/de\/nc-rating\/3-de\/\" rel=\"tag\">3<\/a><\/p>\n<\/td>\n\t\t<\/tr>\n\t\t\t<tr class=\"woocommerce-product-attributes-item woocommerce-product-attributes-item--attribute_pa_boot-door-type\">\n\t\t\t<th class=\"woocommerce-product-attributes-item__label\" scope=\"row\">Kofferraumt&uuml;r<\/th>\n\t\t\t<td class=\"woocommerce-product-attributes-item__value\"><p><a href=\"https:\/\/nimblecamper.com\/de\/boot-door-type\/heckklappe\/\" rel=\"tag\">Heckklappe<\/a><\/p>\n<\/td>\n\t\t<\/tr>\n\t<\/table>\n\n\n\n\n<p class=\"has-text-align-left has-small-font-size\">\u00a0<\/p>\n<\/div><\/div>\n\n\n<style>.kadence-column1005829_91e68a-e9 > .kt-inside-inner-col,.kadence-column1005829_91e68a-e9 > .kt-inside-inner-col:before{border-top-left-radius:0px;border-top-right-radius:0px;border-bottom-right-radius:0px;border-bottom-left-radius:0px;}.kadence-column1005829_91e68a-e9 > .kt-inside-inner-col{column-gap:var(--global-kb-gap-sm, 1rem);}.kadence-column1005829_91e68a-e9 > .kt-inside-inner-col{flex-direction:column;}.kadence-column1005829_91e68a-e9 > .kt-inside-inner-col > .aligncenter{width:100%;}.kadence-column1005829_91e68a-e9 > .kt-inside-inner-col:before{opacity:0.3;}.kadence-column1005829_91e68a-e9{position:relative;}@media all and (max-width: 1024px){.kadence-column1005829_91e68a-e9 > .kt-inside-inner-col{flex-direction:column;justify-content:center;}}@media all and (max-width: 767px){.kadence-column1005829_91e68a-e9 > .kt-inside-inner-col{flex-direction:column;justify-content:center;}}<\/style>\n<div class=\"wp-block-kadence-column kadence-column1005829_91e68a-e9 inner-column-2\"><div class=\"kt-inside-inner-col\"><style>.wp-block-kadence-advancedheading.kt-adv-heading1005829_a04a8c-63, .wp-block-kadence-advancedheading.kt-adv-heading1005829_a04a8c-63[data-kb-block=\"kb-adv-heading1005829_a04a8c-63\"]{padding-bottom:20px;font-style:normal;}.wp-block-kadence-advancedheading.kt-adv-heading1005829_a04a8c-63 mark.kt-highlight, .wp-block-kadence-advancedheading.kt-adv-heading1005829_a04a8c-63[data-kb-block=\"kb-adv-heading1005829_a04a8c-63\"] mark.kt-highlight{font-style:normal;color:#f76a0c;-webkit-box-decoration-break:clone;box-decoration-break:clone;padding-top:0px;padding-right:0px;padding-bottom:0px;padding-left:0px;}.wp-block-kadence-advancedheading.kt-adv-heading1005829_a04a8c-63 img.kb-inline-image, .wp-block-kadence-advancedheading.kt-adv-heading1005829_a04a8c-63[data-kb-block=\"kb-adv-heading1005829_a04a8c-63\"] img.kb-inline-image{width:150px;vertical-align:baseline;}<\/style>\n<h2 class=\"kt-adv-heading1005829_a04a8c-63 wp-block-kadence-advancedheading\" data-kb-block=\"kb-adv-heading1005829_a04a8c-63\">Schlafen im Renault Grand Espace, DIY-Campingausbau &amp; andere Beitr\u00e4ge<\/h2>\n\n\n<style>.kb-posts-id-1005829_a48fdb-43 .entry.loop-entry .entry-header .entry-title{font-size:18px;line-height:1.2em;}.kb-posts-id-1005829_a48fdb-43 .loop-entry{background:transparent;box-shadow:none;}.kb-posts-id-1005829_a48fdb-43 .loop-entry > .entry-content-wrap{padding:0px;}.kb-posts-id-1005829_a48fdb-43 .loop-entry .post-thumbnail{margin-bottom:1em;}.kb-posts-id-1005829_a48fdb-43 .kb-post-list-item{display:grid;}<\/style><ul class=\"wp-block-kadence-posts kb-posts kadence-posts-list kb-posts-id-1005829_a48fdb-43 content-wrap grid-cols kb-posts-style-unboxed grid-sm-col-1 grid-lg-col-1 item-image-style-beside\"><li class=\"kb-post-list-item\">\n\t<article class=\"entry content-bg loop-entry post-2021719 post type-post status-publish format-standard has-post-thumbnail hentry category-beste-autos-zum-campen tag-karneval tag-kia-de tag-sorento-de tag-vs-de\">\n\t\t\t\t<a aria-hidden=\"true\" tabindex=\"-1\" role=\"presentation\" class=\"post-thumbnail kadence-thumbnail-ratio-2-3\" href=\"https:\/\/nimblecamper.com\/de\/kia-carnival-vs-kia-sorento-boot-space\/\" aria-label=\"Kia Carnival vs. Kia Sorento Kofferraumvolumen\">\n\t\t\t<div class=\"post-thumbnail-inner\">\n\t\t\t\t<img loading=\"lazy\" decoding=\"async\" width=\"500\" height=\"280\" src=\"https:\/\/nimblecamper.com\/wp-content\/uploads\/2025\/03\/kia-carnival-vs-sorento-500x280.jpeg\" class=\"attachment-medium size-medium wp-post-image\" alt=\"Kia Carnival vs. Kia Sorento Kofferraumvolumen\" srcset=\"https:\/\/nimblecamper.com\/wp-content\/uploads\/2025\/03\/kia-carnival-vs-sorento-500x280.jpeg 500w, https:\/\/nimblecamper.com\/wp-content\/uploads\/2025\/03\/kia-carnival-vs-sorento-1024x574.jpeg 1024w, https:\/\/nimblecamper.com\/wp-content\/uploads\/2025\/03\/kia-carnival-vs-sorento-768x431.jpeg 768w, https:\/\/nimblecamper.com\/wp-content\/uploads\/2025\/03\/kia-carnival-vs-sorento-550x309.jpeg 550w, https:\/\/nimblecamper.com\/wp-content\/uploads\/2025\/03\/kia-carnival-vs-sorento.jpeg 1312w\" sizes=\"auto, (max-width: 500px) 100vw, 500px\" title=\"car camping - Nimblecamper.com\">\t\t\t<\/div>\n\t\t<\/a><!-- .post-thumbnail -->\n\t\t\t\t<div class=\"entry-content-wrap\">\n\t\t\t<header class=\"entry-header\">\n\t<h4 class=\"entry-title\"><a href=\"https:\/\/nimblecamper.com\/de\/kia-carnival-vs-kia-sorento-boot-space\/\" rel=\"bookmark\">Kia Carnival vs. Kia Sorento Kofferraumvolumen<\/a><\/h4><\/header><!-- .entry-header -->\n\t<div class=\"entry-summary\">\n\t\t<p>Der Kia Carnival und der Kia Sorento sind beides ger\u00e4umige Fahrzeuge, aber sie erf\u00fcllen unterschiedliche Bed\u00fcrfnisse. Der Carnival ist ein&#8230;<\/p>\n\t<\/div><!-- .entry-summary -->\n\t<footer class=\"entry-footer\">\n\t<\/footer><!-- .entry-footer -->\t\t<\/div>\n\t<\/article>\n<\/li>\n<li class=\"kb-post-list-item\">\n\t<article class=\"entry content-bg loop-entry post-2021633 post type-post status-publish format-standard has-post-thumbnail hentry category-kleinwagen category-dacia-jogger-de category-medium-cars-suvs-de tag-dacia-de tag-diy-de tag-fiat-de tag-jogger-de tag-panda-de\">\n\t\t\t\t<a aria-hidden=\"true\" tabindex=\"-1\" role=\"presentation\" class=\"post-thumbnail kadence-thumbnail-ratio-2-3\" href=\"https:\/\/nimblecamper.com\/de\/fiat-panda-mk3-als-wohnung-dacia-jogger-selbst-1-person-umbau-von-fabian\/\" aria-label=\"Fiat Panda Mk3 als Wohnung &amp; Dacia Jogger &#8211; Selbst 1-Person Umbau von Fabian\">\n\t\t\t<div class=\"post-thumbnail-inner\">\n\t\t\t\t<img loading=\"lazy\" decoding=\"async\" width=\"500\" height=\"257\" src=\"https:\/\/nimblecamper.com\/wp-content\/uploads\/2024\/07\/jogger-diy-camping-umbau-conversion-5-500x257.webp\" class=\"attachment-medium size-medium wp-post-image\" alt=\"Fiat Panda Mk3 als Wohnung &amp; Dacia Jogger &#8211; Selbst 1-Person Umbau von Fabian\" srcset=\"https:\/\/nimblecamper.com\/wp-content\/uploads\/2024\/07\/jogger-diy-camping-umbau-conversion-5-500x257.webp 500w, https:\/\/nimblecamper.com\/wp-content\/uploads\/2024\/07\/jogger-diy-camping-umbau-conversion-5-1024x527.webp 1024w, https:\/\/nimblecamper.com\/wp-content\/uploads\/2024\/07\/jogger-diy-camping-umbau-conversion-5-768x395.webp 768w, https:\/\/nimblecamper.com\/wp-content\/uploads\/2024\/07\/jogger-diy-camping-umbau-conversion-5.webp 1268w\" sizes=\"auto, (max-width: 500px) 100vw, 500px\" title=\"car camping - Nimblecamper.com\">\t\t\t<\/div>\n\t\t<\/a><!-- .post-thumbnail -->\n\t\t\t\t<div class=\"entry-content-wrap\">\n\t\t\t<header class=\"entry-header\">\n\t<h4 class=\"entry-title\"><a href=\"https:\/\/nimblecamper.com\/de\/fiat-panda-mk3-als-wohnung-dacia-jogger-selbst-1-person-umbau-von-fabian\/\" rel=\"bookmark\">Fiat Panda Mk3 als Wohnung &amp; Dacia Jogger &#8211; Selbst 1-Person Umbau von Fabian<\/a><\/h4><\/header><!-- .entry-header -->\n\t<div class=\"entry-summary\">\n\t\t<p>Hier sind zwei kreative Camping-Umbauten: Vom praktischen Fiat Panda-Camping-Umbau bis zum einfachen 1-Personen-Jogger-Setup von Fabian.<\/p>\n\t<\/div><!-- .entry-summary -->\n\t<footer class=\"entry-footer\">\n\t<\/footer><!-- .entry-footer -->\t\t<\/div>\n\t<\/article>\n<\/li>\n<li class=\"kb-post-list-item\">\n\t<article class=\"entry content-bg loop-entry post-2020961 post type-post status-publish format-standard has-post-thumbnail hentry category-auto-schlafen-ausbau category-kleinwagen tag-500-de tag-diy-de tag-fiat-de tag-panda-de tag-punto-de\">\n\t\t\t\t<a aria-hidden=\"true\" tabindex=\"-1\" role=\"presentation\" class=\"post-thumbnail kadence-thumbnail-ratio-2-3\" href=\"https:\/\/nimblecamper.com\/de\/fiat-panda-camping-ausbau-von-bill\/\" aria-label=\"Fiat Panda Camping-Ausbau DIY von Bill\">\n\t\t\t<div class=\"post-thumbnail-inner\">\n\t\t\t\t<img loading=\"lazy\" decoding=\"async\" width=\"500\" height=\"225\" src=\"https:\/\/nimblecamper.com\/wp-content\/uploads\/2024\/02\/Fiat-panda-camper-20240209_130709-500x225.webp\" class=\"attachment-medium size-medium wp-post-image\" alt=\"Fiat Panda Camping-Ausbau DIY von Bill\" srcset=\"https:\/\/nimblecamper.com\/wp-content\/uploads\/2024\/02\/Fiat-panda-camper-20240209_130709-500x225.webp 500w, https:\/\/nimblecamper.com\/wp-content\/uploads\/2024\/02\/Fiat-panda-camper-20240209_130709-1024x461.webp 1024w, https:\/\/nimblecamper.com\/wp-content\/uploads\/2024\/02\/Fiat-panda-camper-20240209_130709-768x346.webp 768w, https:\/\/nimblecamper.com\/wp-content\/uploads\/2024\/02\/Fiat-panda-camper-20240209_130709-1536x692.webp 1536w, https:\/\/nimblecamper.com\/wp-content\/uploads\/2024\/02\/Fiat-panda-camper-20240209_130709.webp 1959w\" sizes=\"auto, (max-width: 500px) 100vw, 500px\" title=\"car camping - Nimblecamper.com\">\t\t\t<\/div>\n\t\t<\/a><!-- .post-thumbnail -->\n\t\t\t\t<div class=\"entry-content-wrap\">\n\t\t\t<header class=\"entry-header\">\n\t<h4 class=\"entry-title\"><a href=\"https:\/\/nimblecamper.com\/de\/fiat-panda-camping-ausbau-von-bill\/\" rel=\"bookmark\">Fiat Panda Camping-Ausbau DIY von Bill<\/a><\/h4><\/header><!-- .entry-header -->\n\t<div class=\"entry-summary\">\n\t\t<p>Dieser DIY-Ausbau des Fiat Panda nutzt den vorhandenen Platz im Auto optimal aus. Bill Roberts zeigt uns, dass du auch&#8230;<\/p>\n\t<\/div><!-- .entry-summary -->\n\t<footer class=\"entry-footer\">\n\t<\/footer><!-- .entry-footer -->\t\t<\/div>\n\t<\/article>\n<\/li>\n<\/ul><\/div><\/div>\n\n<\/div><\/div>","protected":false},"excerpt":{"rendered":"","protected":false},"featured_media":1006776,"comment_status":"open","ping_status":"closed","template":"","meta":{"_kad_blocks_custom_css":"","_kad_blocks_head_custom_js":"","_kad_blocks_body_custom_js":"","_kad_blocks_footer_custom_js":"","_kad_post_transparent":"","_kad_post_title":"","_kad_post_layout":"","_kad_post_sidebar_id":"","_kad_post_content_style":"","_kad_post_vertical_padding":"","_kad_post_feature":"","_kad_post_feature_position":"","_kad_post_header":false,"_kad_post_footer":false,"_kad_post_classname":""},"product_brand":[],"product_cat":[1000555,1000556],"product_tag":[2001481],"class_list":{"0":"post-1006775","1":"product","2":"type-product","3":"status-publish","4":"has-post-thumbnail","6":"product_cat-die-besten-autos-zum-campen","7":"product_cat-mpv-minivan-de","8":"product_tag-eu-uk-de","9":"pa_available-in-eu-de","10":"pa_body-type-mpv-minivan-de","11":"pa_boot-door-type-heckklappe","12":"pa_engine-type-verbrennung","13":"pa_make-renault-de","14":"pa_nc-rating-3-de","16":"first","17":"instock","18":"shipping-taxable","19":"product-type-simple","20":"entry","21":"content-bg","22":"loop-entry"},"taxonomy_info":{"product_cat":[{"value":1000555,"label":"Die besten autos zum schlafen"},{"value":1000556,"label":"Hochdachkombi Camper"}],"product_tag":[{"value":2001481,"label":"EU\/UK"}],"pa_available-in":[{"value":1000545,"label":"EU"}],"pa_body-type":[{"value":1000546,"label":"Hochdachkombi"}],"pa_boot-door-type":[{"value":2000879,"label":"Heckklappe"}],"pa_engine-type":[{"value":1000552,"label":"Verbrennung"}],"pa_make":[{"value":1000592,"label":"Renault"}],"pa_nc-rating":[{"value":1000623,"label":"3"}]},"featured_image_src_large":["https:\/\/nimblecamper.com\/wp-content\/uploads\/2022\/02\/Renault-Espace-2020-3-1024x576.webp",1024,576,true],"author_info":[],"comment_info":0,"_links":{"self":[{"href":"https:\/\/nimblecamper.com\/de\/wp-json\/wp\/v2\/product\/1006775","targetHints":{"allow":["GET"]}}],"collection":[{"href":"https:\/\/nimblecamper.com\/de\/wp-json\/wp\/v2\/product"}],"about":[{"href":"https:\/\/nimblecamper.com\/de\/wp-json\/wp\/v2\/types\/product"}],"replies":[{"embeddable":true,"href":"https:\/\/nimblecamper.com\/de\/wp-json\/wp\/v2\/comments?post=1006775"}],"wp:featuredmedia":[{"embeddable":true,"href":"https:\/\/nimblecamper.com\/de\/wp-json\/wp\/v2\/media\/1006776"}],"wp:attachment":[{"href":"https:\/\/nimblecamper.com\/de\/wp-json\/wp\/v2\/media?parent=1006775"}],"wp:term":[{"taxonomy":"product_brand","embeddable":true,"href":"https:\/\/nimblecamper.com\/de\/wp-json\/wp\/v2\/product_brand?post=1006775"},{"taxonomy":"product_cat","embeddable":true,"href":"https:\/\/nimblecamper.com\/de\/wp-json\/wp\/v2\/product_cat?post=1006775"},{"taxonomy":"product_tag","embeddable":true,"href":"https:\/\/nimblecamper.com\/de\/wp-json\/wp\/v2\/product_tag?post=1006775"}],"curies":[{"name":"wp","href":"https:\/\/api.w.org\/{rel}","templated":true}]}}