{"id":1007211,"date":"2022-02-01T21:15:37","date_gmt":"2022-03-25T20:06:23","guid":{"rendered":"https:\/\/nimblecamper.com\/volkswagen-caddy-camper-leben-kurz\/"},"modified":"2024-01-31T09:46:54","modified_gmt":"2024-01-31T09:46:54","slug":"caddy-camper-kurz","status":"publish","type":"product","link":"https:\/\/nimblecamper.com\/de\/caddy-camper-kurz\/","title":{"rendered":"VW Caddy Camper (Life, kurz)"},"content":{"rendered":"<style>.kb-row-layout-id1005797_bd305b-05 > .kt-row-column-wrap{align-content:start;}:where(.kb-row-layout-id1005797_bd305b-05 > .kt-row-column-wrap) > .wp-block-kadence-column{justify-content:start;}.kb-row-layout-id1005797_bd305b-05 > .kt-row-column-wrap{column-gap:var(--global-kb-gap-md, 2rem);row-gap:var(--global-kb-gap-md, 2rem);padding-top:var(--global-kb-spacing-sm, 1.5rem);padding-bottom:var(--global-kb-spacing-sm, 1.5rem);grid-template-columns:repeat(2, minmax(0, 1fr));}.kb-row-layout-id1005797_bd305b-05 > .kt-row-layout-overlay{opacity:0.30;}@media all and (max-width: 1024px){.kb-row-layout-id1005797_bd305b-05 > .kt-row-column-wrap{grid-template-columns:repeat(2, minmax(0, 1fr));}}@media all and (max-width: 767px){.kb-row-layout-id1005797_bd305b-05 > .kt-row-column-wrap{grid-template-columns:minmax(0, 1fr);}}<\/style><div class=\"kb-row-layout-wrap kb-row-layout-id1005797_bd305b-05 alignnone wp-block-kadence-rowlayout\"><div class=\"kt-row-column-wrap kt-has-2-columns kt-row-layout-equal kt-tab-layout-inherit kt-mobile-layout-row kt-row-valign-top\">\n<style>.kadence-column1005797_9d8470-d5 > .kt-inside-inner-col,.kadence-column1005797_9d8470-d5 > .kt-inside-inner-col:before{border-top-left-radius:0px;border-top-right-radius:0px;border-bottom-right-radius:0px;border-bottom-left-radius:0px;}.kadence-column1005797_9d8470-d5 > .kt-inside-inner-col{column-gap:var(--global-kb-gap-sm, 1rem);}.kadence-column1005797_9d8470-d5 > .kt-inside-inner-col{flex-direction:column;}.kadence-column1005797_9d8470-d5 > .kt-inside-inner-col > .aligncenter{width:100%;}.kadence-column1005797_9d8470-d5 > .kt-inside-inner-col:before{opacity:0.3;}.kadence-column1005797_9d8470-d5{position:relative;}@media all and (max-width: 1024px){.kadence-column1005797_9d8470-d5 > .kt-inside-inner-col{flex-direction:column;justify-content:center;}}@media all and (max-width: 767px){.kadence-column1005797_9d8470-d5 > .kt-inside-inner-col{flex-direction:column;justify-content:center;}}<\/style>\n<div class=\"wp-block-kadence-column kadence-column1005797_9d8470-d5 inner-column-1\"><div class=\"kt-inside-inner-col\"><table class=\"woocommerce-product-attributes shop_attributes\" aria-label=\"Produktdetails\">\n\t\t\t<tr class=\"woocommerce-product-attributes-item woocommerce-product-attributes-item--attribute_pa_body-type\">\n\t\t\t<th class=\"woocommerce-product-attributes-item__label\" scope=\"row\">Aufbautyp<\/th>\n\t\t\t<td class=\"woocommerce-product-attributes-item__value\"><p><a href=\"https:\/\/nimblecamper.com\/de\/body-type\/mpv-minivan-de\/\" rel=\"tag\">Hochdachkombi<\/a><\/p>\n<\/td>\n\t\t<\/tr>\n\t\t\t<tr class=\"woocommerce-product-attributes-item woocommerce-product-attributes-item--attribute_pa_make\">\n\t\t\t<th class=\"woocommerce-product-attributes-item__label\" scope=\"row\">Marke<\/th>\n\t\t\t<td class=\"woocommerce-product-attributes-item__value\"><p><a href=\"https:\/\/nimblecamper.com\/de\/make\/volkswagen-de\/\" rel=\"tag\">Volkswagen<\/a><\/p>\n<\/td>\n\t\t<\/tr>\n\t\t\t<tr class=\"woocommerce-product-attributes-item woocommerce-product-attributes-item--attribute_pa_boot-length\">\n\t\t\t<th class=\"woocommerce-product-attributes-item__label\" scope=\"row\">Kofferrauml&auml;nge (cm)<\/th>\n\t\t\t<td class=\"woocommerce-product-attributes-item__value\"><p>178<\/p>\n<\/td>\n\t\t<\/tr>\n\t\t\t<tr class=\"woocommerce-product-attributes-item woocommerce-product-attributes-item--attribute_pa_boot-height\">\n\t\t\t<th class=\"woocommerce-product-attributes-item__label\" scope=\"row\">Kofferraumh&ouml;he (cm)<\/th>\n\t\t\t<td class=\"woocommerce-product-attributes-item__value\"><p>113<\/p>\n<\/td>\n\t\t<\/tr>\n\t\t\t<tr class=\"woocommerce-product-attributes-item woocommerce-product-attributes-item--attribute_pa_boot-width\">\n\t\t\t<th class=\"woocommerce-product-attributes-item__label\" scope=\"row\">Kofferraumbreite [Radk&auml;sten] (cm)<\/th>\n\t\t\t<td class=\"woocommerce-product-attributes-item__value\"><p>112<\/p>\n<\/td>\n\t\t<\/tr>\n\t\t\t<tr class=\"woocommerce-product-attributes-item woocommerce-product-attributes-item--attribute_pa_comfort-rating\">\n\t\t\t<th class=\"woocommerce-product-attributes-item__label\" scope=\"row\">Komfortbewertung<\/th>\n\t\t\t<td class=\"woocommerce-product-attributes-item__value\"><p>1<\/p>\n<\/td>\n\t\t<\/tr>\n\t\t\t<tr class=\"woocommerce-product-attributes-item woocommerce-product-attributes-item--attribute_pa_nc-rating\">\n\t\t\t<th class=\"woocommerce-product-attributes-item__label\" scope=\"row\">NimbleCamper Bewertung (von max. 5)<\/th>\n\t\t\t<td class=\"woocommerce-product-attributes-item__value\"><p><a href=\"https:\/\/nimblecamper.com\/de\/nc-rating\/3-de\/\" rel=\"tag\">3<\/a><\/p>\n<\/td>\n\t\t<\/tr>\n\t\t\t<tr class=\"woocommerce-product-attributes-item woocommerce-product-attributes-item--attribute_pa_consumption-l-100km\">\n\t\t\t<th class=\"woocommerce-product-attributes-item__label\" scope=\"row\">Verbrauch l\/100km<\/th>\n\t\t\t<td class=\"woocommerce-product-attributes-item__value\"><p>7.4<\/p>\n<\/td>\n\t\t<\/tr>\n\t\t\t<tr class=\"woocommerce-product-attributes-item woocommerce-product-attributes-item--attribute_pa_consumption-mpg-uk\">\n\t\t\t<th class=\"woocommerce-product-attributes-item__label\" scope=\"row\">Verbrauch MPG (UK)<\/th>\n\t\t\t<td class=\"woocommerce-product-attributes-item__value\"><p>40<\/p>\n<\/td>\n\t\t<\/tr>\n\t\t\t<tr class=\"woocommerce-product-attributes-item woocommerce-product-attributes-item--attribute_pa_available-in\">\n\t\t\t<th class=\"woocommerce-product-attributes-item__label\" scope=\"row\">Verf&uuml;gbar in<\/th>\n\t\t\t<td class=\"woocommerce-product-attributes-item__value\"><p><a href=\"https:\/\/nimblecamper.com\/de\/available-in\/eu-de\/\" rel=\"tag\">EU<\/a><\/p>\n<\/td>\n\t\t<\/tr>\n\t\t\t<tr class=\"woocommerce-product-attributes-item woocommerce-product-attributes-item--attribute_pa_engine-type\">\n\t\t\t<th class=\"woocommerce-product-attributes-item__label\" scope=\"row\">Motortyp<\/th>\n\t\t\t<td class=\"woocommerce-product-attributes-item__value\"><p><a href=\"https:\/\/nimblecamper.com\/de\/engine-type\/verbrennung\/\" rel=\"tag\">Verbrennung<\/a><\/p>\n<\/td>\n\t\t<\/tr>\n\t\t\t<tr class=\"woocommerce-product-attributes-item woocommerce-product-attributes-item--attribute_pa_used-price\">\n\t\t\t<th class=\"woocommerce-product-attributes-item__label\" scope=\"row\">Durchschnittlicher Gebrauchtpreis, GBP (2015)<\/th>\n\t\t\t<td class=\"woocommerce-product-attributes-item__value\"><p>10657<\/p>\n<\/td>\n\t\t<\/tr>\n\t\t\t<tr class=\"woocommerce-product-attributes-item woocommerce-product-attributes-item--attribute_pa_boot-door-type\">\n\t\t\t<th class=\"woocommerce-product-attributes-item__label\" scope=\"row\">Kofferraumt&uuml;r<\/th>\n\t\t\t<td class=\"woocommerce-product-attributes-item__value\"><p><a href=\"https:\/\/nimblecamper.com\/de\/boot-door-type\/heckklappe\/\" rel=\"tag\">Heckklappe<\/a><\/p>\n<\/td>\n\t\t<\/tr>\n\t<\/table>\n\n\n\n\n<ul class=\"wp-block-list\">\n<li><a href=\"https:\/\/www.euroncap.com\/en\/results\/vw\/caddy\/21487\" data-type=\"URL\" data-id=\"https:\/\/www.euroncap.com\/en\/results\/vw\/caddy\/21487\" target=\"_blank\" rel=\"noreferrer noopener\">EURO NCAP Sicherheitsbewertung (2015)<\/a> <strong>4\/5<\/strong><\/li>\n\n\n\n<li><a href=\"https:\/\/www.adac.de\/rund-ums-fahrzeug\/autokatalog\/marken-modelle\/vw-nutzfahrzeuge\/caddy\/iv\/251319\/\" data-type=\"URL\" data-id=\"https:\/\/www.adac.de\/rund-ums-fahrzeug\/autokatalog\/marken-modelle\/vw-nutzfahrzeuge\/caddy\/iv\/251319\/\" target=\"_blank\" rel=\"noreferrer noopener\">ADAC Wertung<\/a> (niedriger = besser) <strong>2,3\/5<\/strong><\/li>\n\n\n\n<li><a href=\"https:\/\/nimblecamper.com\/caddy-maxi-camper-life\/\" data-type=\"URL\" data-id=\"https:\/\/nimblecamper.com\/caddy-maxi-camper-life\/\">L\u00e4ngere Version verf\u00fcgbar (und empfohlen)<\/a><\/li>\n<\/ul>\n\n\n\n<p><strong>Standardbewertungen (nicht auf Camping ausgerichtet)<\/strong><\/p>\n\n\n\n<p><a href=\"https:\/\/vans.honestjohn.co.uk\/van-reviews\/volkswagen\/caddy-life-2015\/\" data-type=\"URL\" data-id=\"https:\/\/vans.honestjohn.co.uk\/van-reviews\/volkswagen\/caddy-life-2015\/\" target=\"_blank\" rel=\"noreferrer noopener\">HonestJohn.co.uk-Bewertung<\/a> 4\/5 \u2022 <a href=\"https:\/\/www.autoexpress.co.uk\/volkswagen\/caddy-life\" data-type=\"URL\" data-id=\"https:\/\/www.autoexpress.co.uk\/volkswagen\/caddy-life\" target=\"_blank\" rel=\"noreferrer noopener\">Autoexpress.co.uk-Bewertung<\/a> : 3\/5 \u2022 <a href=\"https:\/\/www.carbuyer.co.uk\/volkswagen\/caddy-life\" target=\"_blank\" rel=\"noreferrer noopener\">Carbuyer.co.uk-Bewertung<\/a> : 3,8\/5<br\/>Durchschnittliche Bewertung: <strong>3,6\/5<\/strong><br\/><\/p>\n\n\n\n<p class=\"has-text-align-left has-small-font-size\">\u00a0<\/p>\n\n\n<style>.wp-block-kadence-advancedbtn.kb-btns1005797_67e680-97{gap:var(--global-kb-gap-xs, 0.5rem );justify-content:flex-start;align-items:center;}.kt-btns1005797_67e680-97 .kt-button{font-weight:normal;font-style:normal;}<\/style>\n<div class=\"wp-block-kadence-advancedbtn kb-buttons-wrap kb-btns1005797_67e680-97\"><style>ul.menu .wp-block-kadence-advancedbtn .kb-btn1005797_b1faf1-66.kb-button{width:initial;}.wp-block-kadence-advancedbtn .kb-btn1005797_b1faf1-66.kb-button{background:#d80396;}<\/style><a class=\"kb-button kt-button button kb-btn1005797_b1faf1-66 kt-btn-size-standard kt-btn-width-type-auto kb-btn-global-inherit  kt-btn-has-text-true kt-btn-has-svg-false  wp-block-button__link wp-block-kadence-singlebtn\" href=\"https:\/\/nimblecamper.com\/car-camping-caddy-review\/\" target=\"_blank\" rel=\"noreferrer noopener\"><span class=\"kt-btn-inner-text\">LESEN SIE DIE VOLLST\u00c4NDIGE REZENSION VON CADDY MAXI<\/span><\/a><\/div>\n<\/div><\/div>\n\n\n<style>.kadence-column1005797_d8116e-e4 > .kt-inside-inner-col,.kadence-column1005797_d8116e-e4 > .kt-inside-inner-col:before{border-top-left-radius:0px;border-top-right-radius:0px;border-bottom-right-radius:0px;border-bottom-left-radius:0px;}.kadence-column1005797_d8116e-e4 > .kt-inside-inner-col{column-gap:var(--global-kb-gap-sm, 1rem);}.kadence-column1005797_d8116e-e4 > .kt-inside-inner-col{flex-direction:column;}.kadence-column1005797_d8116e-e4 > .kt-inside-inner-col > .aligncenter{width:100%;}.kadence-column1005797_d8116e-e4 > .kt-inside-inner-col:before{opacity:0.3;}.kadence-column1005797_d8116e-e4{position:relative;}@media all and (max-width: 1024px){.kadence-column1005797_d8116e-e4 > .kt-inside-inner-col{flex-direction:column;justify-content:center;}}@media all and (max-width: 767px){.kadence-column1005797_d8116e-e4 > .kt-inside-inner-col{flex-direction:column;justify-content:center;}}<\/style>\n<div class=\"wp-block-kadence-column kadence-column1005797_d8116e-e4 inner-column-2\"><div class=\"kt-inside-inner-col\"><style>.wp-block-kadence-advancedheading.kt-adv-heading1005797_4ce209-31, .wp-block-kadence-advancedheading.kt-adv-heading1005797_4ce209-31[data-kb-block=\"kb-adv-heading1005797_4ce209-31\"]{padding-bottom:20px;font-style:normal;}.wp-block-kadence-advancedheading.kt-adv-heading1005797_4ce209-31 mark.kt-highlight, .wp-block-kadence-advancedheading.kt-adv-heading1005797_4ce209-31[data-kb-block=\"kb-adv-heading1005797_4ce209-31\"] mark.kt-highlight{font-style:normal;color:#f76a0c;-webkit-box-decoration-break:clone;box-decoration-break:clone;padding-top:0px;padding-right:0px;padding-bottom:0px;padding-left:0px;}.wp-block-kadence-advancedheading.kt-adv-heading1005797_4ce209-31 img.kb-inline-image, .wp-block-kadence-advancedheading.kt-adv-heading1005797_4ce209-31[data-kb-block=\"kb-adv-heading1005797_4ce209-31\"] img.kb-inline-image{width:150px;vertical-align:baseline;}<\/style>\n<h2 class=\"kt-adv-heading1005797_4ce209-31 wp-block-kadence-advancedheading\" data-kb-block=\"kb-adv-heading1005797_4ce209-31\">Schlafen im VW Caddy, DIY-Campingausbau &amp; andere Beitr\u00e4ge<\/h2>\n\n\n<style>.kb-posts-id-1005797_108822-74 .entry.loop-entry .entry-header .entry-title{font-size:18px;line-height:1.2em;}.kb-posts-id-1005797_108822-74 .loop-entry{background:transparent;box-shadow:none;}.kb-posts-id-1005797_108822-74 .loop-entry > .entry-content-wrap{padding:0px;}.kb-posts-id-1005797_108822-74 .loop-entry .post-thumbnail{margin-bottom:1em;}.kb-posts-id-1005797_108822-74 .kb-post-list-item{display:grid;}<\/style><ul class=\"wp-block-kadence-posts kb-posts kadence-posts-list kb-posts-id-1005797_108822-74 content-wrap grid-cols kb-posts-style-unboxed grid-sm-col-1 grid-lg-col-1 item-image-style-beside\"><li class=\"kb-post-list-item\">\n\t<article class=\"entry content-bg loop-entry post-2014016 post type-post status-publish format-standard has-post-thumbnail hentry category-auto-campen-bewertungen category-beste-autos-zum-campen tag-caddy tag-mehrwagen tag-volkswagen-de tag-vs-de tag-vw-de tag-vw-caddy-de\">\n\t\t\t\t<a aria-hidden=\"true\" tabindex=\"-1\" role=\"presentation\" class=\"post-thumbnail kadence-thumbnail-ratio-2-3\" href=\"https:\/\/nimblecamper.com\/de\/caddy-vs-multivan\/\" aria-label=\"Caddy vs. Multivan &#8211; welcher ist besser f\u00fcrs Camping?\">\n\t\t\t<div class=\"post-thumbnail-inner\">\n\t\t\t\t<img loading=\"lazy\" decoding=\"async\" width=\"500\" height=\"281\" src=\"https:\/\/nimblecamper.com\/wp-content\/uploads\/2023\/02\/caddy-vs-multivan-nimblecamper-500x281.webp\" class=\"attachment-medium size-medium wp-post-image\" alt=\"Caddy vs. Multivan &#8211; welcher ist besser f\u00fcrs Camping?\" srcset=\"https:\/\/nimblecamper.com\/wp-content\/uploads\/2023\/02\/caddy-vs-multivan-nimblecamper-500x281.webp 500w, https:\/\/nimblecamper.com\/wp-content\/uploads\/2023\/02\/caddy-vs-multivan-nimblecamper-550x309.webp 550w, https:\/\/nimblecamper.com\/wp-content\/uploads\/2023\/02\/caddy-vs-multivan-nimblecamper.webp 560w\" sizes=\"auto, (max-width: 500px) 100vw, 500px\" title=\"car camping - Nimblecamper.com\">\t\t\t<\/div>\n\t\t<\/a><!-- .post-thumbnail -->\n\t\t\t\t<div class=\"entry-content-wrap\">\n\t\t\t<header class=\"entry-header\">\n\t<h4 class=\"entry-title\"><a href=\"https:\/\/nimblecamper.com\/de\/caddy-vs-multivan\/\" rel=\"bookmark\">Caddy vs. Multivan &#8211; welcher ist besser f\u00fcrs Camping?<\/a><\/h4><\/header><!-- .entry-header -->\n\t<div class=\"entry-summary\">\n\t\t<p>Dieser Beitrag hilft dir herauszufinden, welches Auto besser zum Campen geeignet ist &#8211; der Multivan oder der Caddy Maxi Life&#8230;.<\/p>\n\t<\/div><!-- .entry-summary -->\n\t<footer class=\"entry-footer\">\n\t<\/footer><!-- .entry-footer -->\t\t<\/div>\n\t<\/article>\n<\/li>\n<li class=\"kb-post-list-item\">\n\t<article class=\"entry content-bg loop-entry post-2012511 post type-post status-publish format-standard has-post-thumbnail hentry category-abmessungen-des-fahrzeugs category-beste-autos-zum-campen tag-ausweichen tag-chrysler-de tag-doblo-de tag-fiat-de tag-ford-de tag-grand-caravan-de tag-grand-voyager-de tag-grosraumlimousinen tag-honda-de tag-hyundai-de tag-karneval tag-kia-de tag-minivans-de tag-odyssee tag-pacifica-de tag-peugeot-de tag-rifter-de tag-sedona-de tag-sienna-de tag-staria-de tag-toyota-de tag-transit-connect-de tag-us tag-vw-de tag-vw-caddy-de\">\n\t\t\t\t<a aria-hidden=\"true\" tabindex=\"-1\" role=\"presentation\" class=\"post-thumbnail kadence-thumbnail-ratio-2-3\" href=\"https:\/\/nimblecamper.com\/de\/top-10-der-groessten-mpvs-welche-mpvs-haben-den-groessten-kofferraum\/\" aria-label=\"Top 5 der gr\u00f6\u00dften MPVs in der EU und den USA: Welche MPVs haben den gr\u00f6\u00dften Kofferraum?\">\n\t\t\t<div class=\"post-thumbnail-inner\">\n\t\t\t\t<img loading=\"lazy\" decoding=\"async\" width=\"500\" height=\"281\" src=\"https:\/\/nimblecamper.com\/wp-content\/uploads\/2023\/01\/biggest-MPVs-nimblecamper-500x281.webp\" class=\"attachment-medium size-medium wp-post-image\" alt=\"Top 5 der gr\u00f6\u00dften MPVs in der EU und den USA: Welche MPVs haben den gr\u00f6\u00dften Kofferraum?\" srcset=\"https:\/\/nimblecamper.com\/wp-content\/uploads\/2023\/01\/biggest-MPVs-nimblecamper-500x281.webp 500w, https:\/\/nimblecamper.com\/wp-content\/uploads\/2023\/01\/biggest-MPVs-nimblecamper-550x309.webp 550w, https:\/\/nimblecamper.com\/wp-content\/uploads\/2023\/01\/biggest-MPVs-nimblecamper-1024x576.webp 1024w, https:\/\/nimblecamper.com\/wp-content\/uploads\/2023\/01\/biggest-MPVs-nimblecamper-768x432.webp 768w, https:\/\/nimblecamper.com\/wp-content\/uploads\/2023\/01\/biggest-MPVs-nimblecamper-1536x864.webp 1536w, https:\/\/nimblecamper.com\/wp-content\/uploads\/2023\/01\/biggest-MPVs-nimblecamper-1200x675.webp 1200w, https:\/\/nimblecamper.com\/wp-content\/uploads\/2023\/01\/biggest-MPVs-nimblecamper.webp 1660w\" sizes=\"auto, (max-width: 500px) 100vw, 500px\" title=\"car camping - Nimblecamper.com\">\t\t\t<\/div>\n\t\t<\/a><!-- .post-thumbnail -->\n\t\t\t\t<div class=\"entry-content-wrap\">\n\t\t\t<header class=\"entry-header\">\n\t<h4 class=\"entry-title\"><a href=\"https:\/\/nimblecamper.com\/de\/top-10-der-groessten-mpvs-welche-mpvs-haben-den-groessten-kofferraum\/\" rel=\"bookmark\">Top 5 der gr\u00f6\u00dften MPVs in der EU und den USA: Welche MPVs haben den gr\u00f6\u00dften Kofferraum?<\/a><\/h4><\/header><!-- .entry-header -->\n\t<div class=\"entry-summary\">\n\t\t<p>Sehen wir uns die gr\u00f6\u00dften Hochdachkombis in den USA und der EU nach ihren tats\u00e4chlichen Kofferraumabmessungen1 an. Wir werden nicht&#8230;<\/p>\n\t<\/div><!-- .entry-summary -->\n\t<footer class=\"entry-footer\">\n\t<\/footer><!-- .entry-footer -->\t\t<\/div>\n\t<\/article>\n<\/li>\n<li class=\"kb-post-list-item\">\n\t<article class=\"entry content-bg loop-entry post-2011329 post type-post status-publish format-standard has-post-thumbnail hentry category-beste-autos-zum-campen tag-caddy tag-ford-de tag-ford-connect-de tag-vs-de tag-vw-de tag-vw-caddy-de\">\n\t\t\t\t<a aria-hidden=\"true\" tabindex=\"-1\" role=\"presentation\" class=\"post-thumbnail kadence-thumbnail-ratio-2-3\" href=\"https:\/\/nimblecamper.com\/de\/vw-caddy-vs-ford-connect-beim-camping-was-ist-besser\/\" aria-label=\"VW Caddy vs. Ford Connect beim Camping &#8211; was ist besser?\">\n\t\t\t<div class=\"post-thumbnail-inner\">\n\t\t\t\t<img loading=\"lazy\" decoding=\"async\" width=\"300\" height=\"169\" src=\"https:\/\/nimblecamper.com\/wp-content\/uploads\/2022\/10\/caddy-vs-ford-connect-300x169.webp\" class=\"attachment-medium size-medium wp-post-image\" alt=\"VW Caddy vs. Ford Connect beim Camping &#8211; was ist besser?\" srcset=\"https:\/\/nimblecamper.com\/wp-content\/uploads\/2022\/10\/caddy-vs-ford-connect-300x169.webp 300w, https:\/\/nimblecamper.com\/wp-content\/uploads\/2022\/10\/caddy-vs-ford-connect-550x309.webp 550w, https:\/\/nimblecamper.com\/wp-content\/uploads\/2022\/10\/caddy-vs-ford-connect-1024x576.webp 1024w, https:\/\/nimblecamper.com\/wp-content\/uploads\/2022\/10\/caddy-vs-ford-connect-768x432.webp 768w, https:\/\/nimblecamper.com\/wp-content\/uploads\/2022\/10\/caddy-vs-ford-connect-1536x864.webp 1536w, https:\/\/nimblecamper.com\/wp-content\/uploads\/2022\/10\/caddy-vs-ford-connect.webp 1660w\" sizes=\"auto, (max-width: 300px) 100vw, 300px\" title=\"car camping - Nimblecamper.com\">\t\t\t<\/div>\n\t\t<\/a><!-- .post-thumbnail -->\n\t\t\t\t<div class=\"entry-content-wrap\">\n\t\t\t<header class=\"entry-header\">\n\t<h4 class=\"entry-title\"><a href=\"https:\/\/nimblecamper.com\/de\/vw-caddy-vs-ford-connect-beim-camping-was-ist-besser\/\" rel=\"bookmark\">VW Caddy vs. Ford Connect beim Camping &#8211; was ist besser?<\/a><\/h4><\/header><!-- .entry-header -->\n\t<div class=\"entry-summary\">\n\t\t<p>Beide Fahrzeuge bieten einen gro\u00dfen Kofferraum und eine gute Ausstattung. Um zu entscheiden, welches Fahrzeug f\u00fcr einen Campingausbau besser geeignet&#8230;<\/p>\n\t<\/div><!-- .entry-summary -->\n\t<footer class=\"entry-footer\">\n\t<\/footer><!-- .entry-footer -->\t\t<\/div>\n\t<\/article>\n<\/li>\n<\/ul><\/div><\/div>\n\n<\/div><\/div><style>.wp-block-kadence-advancedheading.kt-adv-heading1005797_3d189e-37, .wp-block-kadence-advancedheading.kt-adv-heading1005797_3d189e-37[data-kb-block=\"kb-adv-heading1005797_3d189e-37\"]{margin-top:45px;margin-bottom:35px;font-style:normal;}.wp-block-kadence-advancedheading.kt-adv-heading1005797_3d189e-37 mark.kt-highlight, .wp-block-kadence-advancedheading.kt-adv-heading1005797_3d189e-37[data-kb-block=\"kb-adv-heading1005797_3d189e-37\"] mark.kt-highlight{font-style:normal;color:#f76a0c;-webkit-box-decoration-break:clone;box-decoration-break:clone;padding-top:0px;padding-right:0px;padding-bottom:0px;padding-left:0px;}.wp-block-kadence-advancedheading.kt-adv-heading1005797_3d189e-37 img.kb-inline-image, .wp-block-kadence-advancedheading.kt-adv-heading1005797_3d189e-37[data-kb-block=\"kb-adv-heading1005797_3d189e-37\"] img.kb-inline-image{width:150px;vertical-align:baseline;}<\/style>\n<h2 class=\"kt-adv-heading1005797_3d189e-37 wp-block-kadence-advancedheading\" data-kb-block=\"kb-adv-heading1005797_3d189e-37\">VW Caddy allgemeine Zusammenfassung<\/h2>\n\n<p>Der 2019er Volkswagen Caddy Life, ein <a class=\"wpil_keyword_link\" href=\"https:\/\/nimblecamper.com\/de\/produkt-kategorie\/die-besten-autos-zum-campen\/mpv-minivan-de\/\" title=\"Hochdachkombi\" data-wpil-keyword-link=\"linked\">MPV<\/a> auf Van-Basis, ist eine praktische Wahl f\u00fcr alle, die Personen und Fracht transportieren m\u00fcssen. Er bietet mehr Platz als ein typischer Kombi, eine solide Verarbeitungsqualit\u00e4t und Schiebet\u00fcren. Es gibt ihn als F\u00fcnf- oder Siebensitzer und er ist angenehmer zu fahren als erwartet.<\/p>\n\n<p>Besonders hervorzuheben ist der ger\u00e4umige Innenraum, vor allem im Fond, mit reichlich Knie- und Kopffreiheit. Es gibt auch eine Maxi-Version mit sieben Sitzen, aber die Sitze lassen sich nicht umklappen und m\u00fcssen f\u00fcr maximalen Laderaum ausgebaut werden, was unpraktisch sein kann.<\/p>\n\n<p>Was die Ausstattung angeht, so bietet der Caddy das N\u00f6tigste wie eine Klimaanlage, einen 5 Inch Touchscreen mit Bluetooth und eine beheizbare Windschutzscheibe, aber er verf\u00fcgt nicht \u00fcber fortschrittlichere Funktionen wie eine Geschwindigkeitserkennung oder eine \u00dcberwachung des toten Winkels. Der Innenraum wird als zweckm\u00e4\u00dfig beschrieben, mit praktischen, aber nicht luxuri\u00f6sen Materialien und Einrichtungsgegenst\u00e4nden.<\/p>\n\n<p>Der Caddy bietet drei Motoroptionen, darunter einen 1-Liter-Turbobenziner und einen 2-Liter-Diesel, wobei letzterer besser f\u00fcr den Transport von sieben Personen und Fracht geeignet ist. Das Ger\u00e4usch des Dieselmotors und die fehlende Ger\u00e4uschd\u00e4mmung in der Kabine sind jedoch seine Nachteile.<\/p>\n\n<p>Was die Betriebskosten angeht, gilt der Caddy als sparsam: Er verbraucht etwa 4,7 l\/100km (50 Meilen pro Gallone) bei guter Fahrt. Das Fahrgef\u00fchl ist angenehm, mit einer leichten Lenkung, guter Kurvenstabilit\u00e4t und einem unkomplizierten, schn\u00f6rkellosen Fahrgef\u00fchl. Trotz des fehlenden Stils wird der Caddy f\u00fcr seine Praktikabilit\u00e4t und solide Bauweise gelobt, auch wenn seine Konkurrenten vielleicht mehr Serienausstattung und familienfreundliches Design bieten.<\/p>\n\n<p>Der Preis des Caddy (2019) liegt zwischen 21.000 und 29.000 Pfund und ist damit relativ teuer, aber sein vern\u00fcnftiges VW-Image und sein solides Gef\u00fchl k\u00f6nnten einige K\u00e4ufer ansprechen.  <\/p>\n","protected":false},"excerpt":{"rendered":"<p>Eine k\u00fcrzere Version des Caddys &#8211; ich verstehe nicht, warum Sie sich f\u00fcr eine kurze Version entscheiden sollten, wenn es eine l\u00e4ngere Version gibt, bei der alles andere gleich ist :). Aber vielleicht m\u00f6chten Sie ein kompakteres Auto \u2013 der Hauptvorteil des k\u00fcrzeren Caddy ist seine Man\u00f6vrierf\u00e4higkeit \u2013 es ist einfacher, in der Stadt zu parken und zu fahren. Er ist 47 cm k\u00fcrzer und 13 cm niedriger als der <a href=\"https:\/\/nimblecamper.com\/caddy-maxi-camper-life\/\">Caddy Maxi Life<\/a> .<\/p>\n","protected":false},"featured_media":1007161,"comment_status":"open","ping_status":"closed","template":"","meta":{"_kad_blocks_custom_css":"","_kad_blocks_head_custom_js":"","_kad_blocks_body_custom_js":"","_kad_blocks_footer_custom_js":"","_kad_post_transparent":"","_kad_post_title":"","_kad_post_layout":"","_kad_post_sidebar_id":"","_kad_post_content_style":"","_kad_post_vertical_padding":"","_kad_post_feature":"","_kad_post_feature_position":"","_kad_post_header":false,"_kad_post_footer":false,"_kad_post_classname":""},"product_brand":[],"product_cat":[1000555,1000556],"product_tag":[1000620,2001481],"class_list":{"0":"post-1007211","1":"product","2":"type-product","3":"status-publish","4":"has-post-thumbnail","6":"product_cat-die-besten-autos-zum-campen","7":"product_cat-mpv-minivan-de","8":"product_tag-caddy-de","9":"product_tag-eu-uk-de","10":"pa_available-in-eu-de","11":"pa_body-type-mpv-minivan-de","12":"pa_boot-door-type-heckklappe","13":"pa_engine-type-verbrennung","14":"pa_make-volkswagen-de","15":"pa_nc-rating-3-de","17":"first","18":"instock","19":"shipping-taxable","20":"product-type-simple","21":"entry","22":"content-bg","23":"loop-entry"},"taxonomy_info":{"product_cat":[{"value":1000555,"label":"Die besten autos zum schlafen"},{"value":1000556,"label":"Hochdachkombi Camper"}],"product_tag":[{"value":1000620,"label":"Caddy"},{"value":2001481,"label":"EU\/UK"}],"pa_available-in":[{"value":1000545,"label":"EU"}],"pa_body-type":[{"value":1000546,"label":"Hochdachkombi"}],"pa_boot-door-type":[{"value":2000879,"label":"Heckklappe"}],"pa_engine-type":[{"value":1000552,"label":"Verbrennung"}],"pa_make":[{"value":1000618,"label":"Volkswagen"}],"pa_nc-rating":[{"value":1000623,"label":"3"}]},"featured_image_src_large":["https:\/\/nimblecamper.com\/wp-content\/uploads\/2022\/02\/caddy-life-short.webp",802,536,false],"author_info":[],"comment_info":0,"_links":{"self":[{"href":"https:\/\/nimblecamper.com\/de\/wp-json\/wp\/v2\/product\/1007211","targetHints":{"allow":["GET"]}}],"collection":[{"href":"https:\/\/nimblecamper.com\/de\/wp-json\/wp\/v2\/product"}],"about":[{"href":"https:\/\/nimblecamper.com\/de\/wp-json\/wp\/v2\/types\/product"}],"replies":[{"embeddable":true,"href":"https:\/\/nimblecamper.com\/de\/wp-json\/wp\/v2\/comments?post=1007211"}],"wp:featuredmedia":[{"embeddable":true,"href":"https:\/\/nimblecamper.com\/de\/wp-json\/wp\/v2\/media\/1007161"}],"wp:attachment":[{"href":"https:\/\/nimblecamper.com\/de\/wp-json\/wp\/v2\/media?parent=1007211"}],"wp:term":[{"taxonomy":"product_brand","embeddable":true,"href":"https:\/\/nimblecamper.com\/de\/wp-json\/wp\/v2\/product_brand?post=1007211"},{"taxonomy":"product_cat","embeddable":true,"href":"https:\/\/nimblecamper.com\/de\/wp-json\/wp\/v2\/product_cat?post=1007211"},{"taxonomy":"product_tag","embeddable":true,"href":"https:\/\/nimblecamper.com\/de\/wp-json\/wp\/v2\/product_tag?post=1007211"}],"curies":[{"name":"wp","href":"https:\/\/api.w.org\/{rel}","templated":true}]}}