{"id":1007215,"date":"2022-02-01T21:15:37","date_gmt":"2022-03-25T20:08:02","guid":{"rendered":"https:\/\/nimblecamper.com\/ford-s-max-camper\/"},"modified":"2024-01-31T09:46:49","modified_gmt":"2024-01-31T09:46:49","slug":"ford-s-max-camper","status":"publish","type":"product","link":"https:\/\/nimblecamper.com\/de\/ford-s-max-camper\/","title":{"rendered":"Ford S-Max Camper"},"content":{"rendered":"<style>.kb-row-layout-id1005796_c689e4-8b > .kt-row-column-wrap{align-content:start;}:where(.kb-row-layout-id1005796_c689e4-8b > .kt-row-column-wrap) > .wp-block-kadence-column{justify-content:start;}.kb-row-layout-id1005796_c689e4-8b > .kt-row-column-wrap{column-gap:var(--global-kb-gap-md, 2rem);row-gap:var(--global-kb-gap-md, 2rem);padding-top:var(--global-kb-spacing-sm, 1.5rem);padding-bottom:var(--global-kb-spacing-sm, 1.5rem);grid-template-columns:repeat(2, minmax(0, 1fr));}.kb-row-layout-id1005796_c689e4-8b > .kt-row-layout-overlay{opacity:0.30;}@media all and (max-width: 1024px){.kb-row-layout-id1005796_c689e4-8b > .kt-row-column-wrap{grid-template-columns:repeat(2, minmax(0, 1fr));}}@media all and (max-width: 767px){.kb-row-layout-id1005796_c689e4-8b > .kt-row-column-wrap{grid-template-columns:minmax(0, 1fr);}}<\/style><div class=\"kb-row-layout-wrap kb-row-layout-id1005796_c689e4-8b alignnone wp-block-kadence-rowlayout\"><div class=\"kt-row-column-wrap kt-has-2-columns kt-row-layout-equal kt-tab-layout-inherit kt-mobile-layout-row kt-row-valign-top\">\n<style>.kadence-column1005796_ada69e-5c > .kt-inside-inner-col,.kadence-column1005796_ada69e-5c > .kt-inside-inner-col:before{border-top-left-radius:0px;border-top-right-radius:0px;border-bottom-right-radius:0px;border-bottom-left-radius:0px;}.kadence-column1005796_ada69e-5c > .kt-inside-inner-col{column-gap:var(--global-kb-gap-sm, 1rem);}.kadence-column1005796_ada69e-5c > .kt-inside-inner-col{flex-direction:column;}.kadence-column1005796_ada69e-5c > .kt-inside-inner-col > .aligncenter{width:100%;}.kadence-column1005796_ada69e-5c > .kt-inside-inner-col:before{opacity:0.3;}.kadence-column1005796_ada69e-5c{position:relative;}@media all and (max-width: 1024px){.kadence-column1005796_ada69e-5c > .kt-inside-inner-col{flex-direction:column;justify-content:center;}}@media all and (max-width: 767px){.kadence-column1005796_ada69e-5c > .kt-inside-inner-col{flex-direction:column;justify-content:center;}}<\/style>\n<div class=\"wp-block-kadence-column kadence-column1005796_ada69e-5c inner-column-1\"><div class=\"kt-inside-inner-col\"><table class=\"woocommerce-product-attributes shop_attributes\" aria-label=\"Produktdetails\">\n\t\t\t<tr class=\"woocommerce-product-attributes-item woocommerce-product-attributes-item--attribute_pa_body-type\">\n\t\t\t<th class=\"woocommerce-product-attributes-item__label\" scope=\"row\">Aufbautyp<\/th>\n\t\t\t<td class=\"woocommerce-product-attributes-item__value\"><p><a href=\"https:\/\/nimblecamper.com\/de\/body-type\/mpv-minivan-de\/\" rel=\"tag\">Hochdachkombi<\/a><\/p>\n<\/td>\n\t\t<\/tr>\n\t\t\t<tr class=\"woocommerce-product-attributes-item woocommerce-product-attributes-item--attribute_pa_make\">\n\t\t\t<th class=\"woocommerce-product-attributes-item__label\" scope=\"row\">Marke<\/th>\n\t\t\t<td class=\"woocommerce-product-attributes-item__value\"><p><a href=\"https:\/\/nimblecamper.com\/de\/make\/ford-de\/\" rel=\"tag\">Ford<\/a><\/p>\n<\/td>\n\t\t<\/tr>\n\t\t\t<tr class=\"woocommerce-product-attributes-item woocommerce-product-attributes-item--attribute_pa_boot-length\">\n\t\t\t<th class=\"woocommerce-product-attributes-item__label\" scope=\"row\">Kofferrauml&auml;nge (cm)<\/th>\n\t\t\t<td class=\"woocommerce-product-attributes-item__value\"><p>199<\/p>\n<\/td>\n\t\t<\/tr>\n\t\t\t<tr class=\"woocommerce-product-attributes-item woocommerce-product-attributes-item--attribute_pa_boot-height\">\n\t\t\t<th class=\"woocommerce-product-attributes-item__label\" scope=\"row\">Kofferraumh&ouml;he (cm)<\/th>\n\t\t\t<td class=\"woocommerce-product-attributes-item__value\"><p>94<\/p>\n<\/td>\n\t\t<\/tr>\n\t\t\t<tr class=\"woocommerce-product-attributes-item woocommerce-product-attributes-item--attribute_pa_boot-width\">\n\t\t\t<th class=\"woocommerce-product-attributes-item__label\" scope=\"row\">Kofferraumbreite [Radk&auml;sten] (cm)<\/th>\n\t\t\t<td class=\"woocommerce-product-attributes-item__value\"><p>102<\/p>\n<\/td>\n\t\t<\/tr>\n\t\t\t<tr class=\"woocommerce-product-attributes-item woocommerce-product-attributes-item--attribute_pa_comfort-rating\">\n\t\t\t<th class=\"woocommerce-product-attributes-item__label\" scope=\"row\">Komfortbewertung<\/th>\n\t\t\t<td class=\"woocommerce-product-attributes-item__value\"><p>2<\/p>\n<\/td>\n\t\t<\/tr>\n\t\t\t<tr class=\"woocommerce-product-attributes-item woocommerce-product-attributes-item--attribute_pa_consumption-l-100km\">\n\t\t\t<th class=\"woocommerce-product-attributes-item__label\" scope=\"row\">Verbrauch l\/100km<\/th>\n\t\t\t<td class=\"woocommerce-product-attributes-item__value\"><p>7.2<\/p>\n<\/td>\n\t\t<\/tr>\n\t\t\t<tr class=\"woocommerce-product-attributes-item woocommerce-product-attributes-item--attribute_pa_consumption-mpg-uk\">\n\t\t\t<th class=\"woocommerce-product-attributes-item__label\" scope=\"row\">Verbrauch MPG (UK)<\/th>\n\t\t\t<td class=\"woocommerce-product-attributes-item__value\"><p>39<\/p>\n<\/td>\n\t\t<\/tr>\n\t\t\t<tr class=\"woocommerce-product-attributes-item woocommerce-product-attributes-item--attribute_pa_available-in\">\n\t\t\t<th class=\"woocommerce-product-attributes-item__label\" scope=\"row\">Verf&uuml;gbar in<\/th>\n\t\t\t<td class=\"woocommerce-product-attributes-item__value\"><p><a href=\"https:\/\/nimblecamper.com\/de\/available-in\/eu-de\/\" rel=\"tag\">EU<\/a><\/p>\n<\/td>\n\t\t<\/tr>\n\t\t\t<tr class=\"woocommerce-product-attributes-item woocommerce-product-attributes-item--attribute_pa_engine-type\">\n\t\t\t<th class=\"woocommerce-product-attributes-item__label\" scope=\"row\">Motortyp<\/th>\n\t\t\t<td class=\"woocommerce-product-attributes-item__value\"><p><a href=\"https:\/\/nimblecamper.com\/de\/engine-type\/verbrennung\/\" rel=\"tag\">Verbrennung<\/a><\/p>\n<\/td>\n\t\t<\/tr>\n\t\t\t<tr class=\"woocommerce-product-attributes-item woocommerce-product-attributes-item--attribute_pa_nc-rating\">\n\t\t\t<th class=\"woocommerce-product-attributes-item__label\" scope=\"row\">NimbleCamper Bewertung (von max. 5)<\/th>\n\t\t\t<td class=\"woocommerce-product-attributes-item__value\"><p><a href=\"https:\/\/nimblecamper.com\/de\/nc-rating\/3-1-de\/\" rel=\"tag\">3.1<\/a><\/p>\n<\/td>\n\t\t<\/tr>\n\t\t\t<tr class=\"woocommerce-product-attributes-item woocommerce-product-attributes-item--attribute_pa_used-price\">\n\t\t\t<th class=\"woocommerce-product-attributes-item__label\" scope=\"row\">Durchschnittlicher Gebrauchtpreis, GBP (2015)<\/th>\n\t\t\t<td class=\"woocommerce-product-attributes-item__value\"><p>15339<\/p>\n<\/td>\n\t\t<\/tr>\n\t\t\t<tr class=\"woocommerce-product-attributes-item woocommerce-product-attributes-item--attribute_pa_boot-door-type\">\n\t\t\t<th class=\"woocommerce-product-attributes-item__label\" scope=\"row\">Kofferraumt&uuml;r<\/th>\n\t\t\t<td class=\"woocommerce-product-attributes-item__value\"><p><a href=\"https:\/\/nimblecamper.com\/de\/boot-door-type\/heckklappe\/\" rel=\"tag\">Heckklappe<\/a><\/p>\n<\/td>\n\t\t<\/tr>\n\t<\/table>\n\n\n\n\n<ul class=\"wp-block-list\">\n<li><a href=\"https:\/\/www.euroncap.com\/en\/results\/ford\/s-max\/21198\" data-type=\"URL\" data-id=\"https:\/\/www.euroncap.com\/en\/results\/ford\/s-max\/21198\" target=\"_blank\" rel=\"noreferrer noopener\">EURO NCAP-Sicherheitsbewertung (2015)<\/a> : <strong><span style=\"color: var(--stk-global-color-1007, #09ae00);\" class=\"stk-highlight\">5\/5<\/span><\/strong><\/li>\n\n\n\n<li><a href=\"https:\/\/www.adac.de\/rund-ums-fahrzeug\/autokatalog\/marken-modelle\/ford\/s-max\/ii\/245420\/\" data-type=\"URL\" data-id=\"https:\/\/www.adac.de\/rund-ums-fahrzeug\/autokatalog\/marken-modelle\/ford\/s-max\/ii\/245420\/\" target=\"_blank\" rel=\"noreferrer noopener\">ADAC Wertung<\/a> (niedriger = besser) <strong>2,1\/5<\/strong><\/li>\n<\/ul>\n\n\n\n<p><strong>Standardbewertungen (nicht auf Camping ausgerichtet)<\/strong><\/p>\n\n\n\n<p><a href=\"https:\/\/www.honestjohn.co.uk\/ford\/s-max\/\" data-type=\"URL\" data-id=\"https:\/\/www.honestjohn.co.uk\/ford\/s-max\/\" target=\"_blank\" rel=\"noreferrer noopener\">HonestJohn.co.uk-Bewertung<\/a> 4\/5 \u2022 <a href=\"https:\/\/www.autoexpress.co.uk\/ford\/s-max\" data-type=\"URL\" data-id=\"https:\/\/www.autoexpress.co.uk\/ford\/s-max\" target=\"_blank\" rel=\"noreferrer noopener\">Autoexpress.co.uk-Bewertung<\/a> : 4\/5 \u2022 <a href=\"https:\/\/www.carbuyer.co.uk\/ford\/galaxy\" data-type=\"URL\" data-id=\"https:\/\/www.carbuyer.co.uk\/ford\/galaxy\" target=\"_blank\" rel=\"noreferrer noopener\">Carbuyer.co.uk-Bewertung<\/a> : 3,9\/5<br\/>Durchschnittliche Bewertung: <strong>3,9\/5<\/strong><\/p>\n<\/div><\/div>\n\n\n<style>.kadence-column1005796_9b5df1-8c > .kt-inside-inner-col,.kadence-column1005796_9b5df1-8c > .kt-inside-inner-col:before{border-top-left-radius:0px;border-top-right-radius:0px;border-bottom-right-radius:0px;border-bottom-left-radius:0px;}.kadence-column1005796_9b5df1-8c > .kt-inside-inner-col{column-gap:var(--global-kb-gap-sm, 1rem);}.kadence-column1005796_9b5df1-8c > .kt-inside-inner-col{flex-direction:column;}.kadence-column1005796_9b5df1-8c > .kt-inside-inner-col > .aligncenter{width:100%;}.kadence-column1005796_9b5df1-8c > .kt-inside-inner-col:before{opacity:0.3;}.kadence-column1005796_9b5df1-8c{position:relative;}@media all and (max-width: 1024px){.kadence-column1005796_9b5df1-8c > .kt-inside-inner-col{flex-direction:column;justify-content:center;}}@media all and (max-width: 767px){.kadence-column1005796_9b5df1-8c > .kt-inside-inner-col{flex-direction:column;justify-content:center;}}<\/style>\n<div class=\"wp-block-kadence-column kadence-column1005796_9b5df1-8c inner-column-2\"><div class=\"kt-inside-inner-col\"><style>.wp-block-kadence-advancedheading.kt-adv-heading1005796_2016b4-2c, .wp-block-kadence-advancedheading.kt-adv-heading1005796_2016b4-2c[data-kb-block=\"kb-adv-heading1005796_2016b4-2c\"]{padding-bottom:20px;font-style:normal;}.wp-block-kadence-advancedheading.kt-adv-heading1005796_2016b4-2c mark.kt-highlight, .wp-block-kadence-advancedheading.kt-adv-heading1005796_2016b4-2c[data-kb-block=\"kb-adv-heading1005796_2016b4-2c\"] mark.kt-highlight{font-style:normal;color:#f76a0c;-webkit-box-decoration-break:clone;box-decoration-break:clone;padding-top:0px;padding-right:0px;padding-bottom:0px;padding-left:0px;}.wp-block-kadence-advancedheading.kt-adv-heading1005796_2016b4-2c img.kb-inline-image, .wp-block-kadence-advancedheading.kt-adv-heading1005796_2016b4-2c[data-kb-block=\"kb-adv-heading1005796_2016b4-2c\"] img.kb-inline-image{width:150px;vertical-align:baseline;}<\/style>\n<h2 class=\"kt-adv-heading1005796_2016b4-2c wp-block-kadence-advancedheading\" data-kb-block=\"kb-adv-heading1005796_2016b4-2c\">Wie man in einem Ford S-Max schl\u00e4ft, DIY-Camping-Umbauten &amp; andere Beitr\u00e4ge<\/h2>\n\n\n<style>.kb-posts-id-1005796_fa7abc-98 .entry.loop-entry .entry-header .entry-title{font-size:18px;line-height:1.2em;}.kb-posts-id-1005796_fa7abc-98 .loop-entry{background:transparent;box-shadow:none;}.kb-posts-id-1005796_fa7abc-98 .loop-entry > .entry-content-wrap{padding:0px;}.kb-posts-id-1005796_fa7abc-98 .loop-entry .post-thumbnail{margin-bottom:1em;}.kb-posts-id-1005796_fa7abc-98 .kb-post-list-item{display:grid;}<\/style><ul class=\"wp-block-kadence-posts kb-posts kadence-posts-list kb-posts-id-1005796_fa7abc-98 content-wrap grid-cols kb-posts-style-unboxed grid-sm-col-1 grid-lg-col-1 item-image-style-beside\"><li class=\"kb-post-list-item\">\n\t<article class=\"entry content-bg loop-entry post-2012511 post type-post status-publish format-standard has-post-thumbnail hentry category-abmessungen-des-fahrzeugs category-beste-autos-zum-campen tag-ausweichen tag-chrysler-de tag-doblo-de tag-fiat-de tag-ford-de tag-grand-caravan-de tag-grand-voyager-de tag-grosraumlimousinen tag-honda-de tag-hyundai-de tag-karneval tag-kia-de tag-minivans-de tag-odyssee tag-pacifica-de tag-peugeot-de tag-rifter-de tag-sedona-de tag-sienna-de tag-staria-de tag-toyota-de tag-transit-connect-de tag-us tag-vw-de tag-vw-caddy-de\">\n\t\t\t\t<a aria-hidden=\"true\" tabindex=\"-1\" role=\"presentation\" class=\"post-thumbnail kadence-thumbnail-ratio-2-3\" href=\"https:\/\/nimblecamper.com\/de\/top-10-der-groessten-mpvs-welche-mpvs-haben-den-groessten-kofferraum\/\" aria-label=\"Top 5 der gr\u00f6\u00dften MPVs in der EU und den USA: Welche MPVs haben den gr\u00f6\u00dften Kofferraum?\">\n\t\t\t<div class=\"post-thumbnail-inner\">\n\t\t\t\t<img loading=\"lazy\" decoding=\"async\" width=\"500\" height=\"281\" src=\"https:\/\/nimblecamper.com\/wp-content\/uploads\/2023\/01\/biggest-MPVs-nimblecamper-500x281.webp\" class=\"attachment-medium size-medium wp-post-image\" alt=\"Top 5 der gr\u00f6\u00dften MPVs in der EU und den USA: Welche MPVs haben den gr\u00f6\u00dften Kofferraum?\" srcset=\"https:\/\/nimblecamper.com\/wp-content\/uploads\/2023\/01\/biggest-MPVs-nimblecamper-500x281.webp 500w, https:\/\/nimblecamper.com\/wp-content\/uploads\/2023\/01\/biggest-MPVs-nimblecamper-550x309.webp 550w, https:\/\/nimblecamper.com\/wp-content\/uploads\/2023\/01\/biggest-MPVs-nimblecamper-1024x576.webp 1024w, https:\/\/nimblecamper.com\/wp-content\/uploads\/2023\/01\/biggest-MPVs-nimblecamper-768x432.webp 768w, https:\/\/nimblecamper.com\/wp-content\/uploads\/2023\/01\/biggest-MPVs-nimblecamper-1536x864.webp 1536w, https:\/\/nimblecamper.com\/wp-content\/uploads\/2023\/01\/biggest-MPVs-nimblecamper-1200x675.webp 1200w, https:\/\/nimblecamper.com\/wp-content\/uploads\/2023\/01\/biggest-MPVs-nimblecamper.webp 1660w\" sizes=\"auto, (max-width: 500px) 100vw, 500px\" title=\"car camping - Nimblecamper.com\">\t\t\t<\/div>\n\t\t<\/a><!-- .post-thumbnail -->\n\t\t\t\t<div class=\"entry-content-wrap\">\n\t\t\t<header class=\"entry-header\">\n\t<h4 class=\"entry-title\"><a href=\"https:\/\/nimblecamper.com\/de\/top-10-der-groessten-mpvs-welche-mpvs-haben-den-groessten-kofferraum\/\" rel=\"bookmark\">Top 5 der gr\u00f6\u00dften MPVs in der EU und den USA: Welche MPVs haben den gr\u00f6\u00dften Kofferraum?<\/a><\/h4><\/header><!-- .entry-header -->\n\t<div class=\"entry-summary\">\n\t\t<p>Sehen wir uns die gr\u00f6\u00dften Hochdachkombis in den USA und der EU nach ihren tats\u00e4chlichen Kofferraumabmessungen1 an. Wir werden nicht&#8230;<\/p>\n\t<\/div><!-- .entry-summary -->\n\t<footer class=\"entry-footer\">\n\t<\/footer><!-- .entry-footer -->\t\t<\/div>\n\t<\/article>\n<\/li>\n<li class=\"kb-post-list-item\">\n\t<article class=\"entry content-bg loop-entry post-2011329 post type-post status-publish format-standard has-post-thumbnail hentry category-beste-autos-zum-campen tag-caddy tag-ford-de tag-ford-connect-de tag-vs-de tag-vw-de tag-vw-caddy-de\">\n\t\t\t\t<a aria-hidden=\"true\" tabindex=\"-1\" role=\"presentation\" class=\"post-thumbnail kadence-thumbnail-ratio-2-3\" href=\"https:\/\/nimblecamper.com\/de\/vw-caddy-vs-ford-connect-beim-camping-was-ist-besser\/\" aria-label=\"VW Caddy vs. Ford Connect beim Camping &#8211; was ist besser?\">\n\t\t\t<div class=\"post-thumbnail-inner\">\n\t\t\t\t<img loading=\"lazy\" decoding=\"async\" width=\"300\" height=\"169\" src=\"https:\/\/nimblecamper.com\/wp-content\/uploads\/2022\/10\/caddy-vs-ford-connect-300x169.webp\" class=\"attachment-medium size-medium wp-post-image\" alt=\"VW Caddy vs. Ford Connect beim Camping &#8211; was ist besser?\" srcset=\"https:\/\/nimblecamper.com\/wp-content\/uploads\/2022\/10\/caddy-vs-ford-connect-300x169.webp 300w, https:\/\/nimblecamper.com\/wp-content\/uploads\/2022\/10\/caddy-vs-ford-connect-550x309.webp 550w, https:\/\/nimblecamper.com\/wp-content\/uploads\/2022\/10\/caddy-vs-ford-connect-1024x576.webp 1024w, https:\/\/nimblecamper.com\/wp-content\/uploads\/2022\/10\/caddy-vs-ford-connect-768x432.webp 768w, https:\/\/nimblecamper.com\/wp-content\/uploads\/2022\/10\/caddy-vs-ford-connect-1536x864.webp 1536w, https:\/\/nimblecamper.com\/wp-content\/uploads\/2022\/10\/caddy-vs-ford-connect.webp 1660w\" sizes=\"auto, (max-width: 300px) 100vw, 300px\" title=\"car camping - Nimblecamper.com\">\t\t\t<\/div>\n\t\t<\/a><!-- .post-thumbnail -->\n\t\t\t\t<div class=\"entry-content-wrap\">\n\t\t\t<header class=\"entry-header\">\n\t<h4 class=\"entry-title\"><a href=\"https:\/\/nimblecamper.com\/de\/vw-caddy-vs-ford-connect-beim-camping-was-ist-besser\/\" rel=\"bookmark\">VW Caddy vs. Ford Connect beim Camping &#8211; was ist besser?<\/a><\/h4><\/header><!-- .entry-header -->\n\t<div class=\"entry-summary\">\n\t\t<p>Beide Fahrzeuge bieten einen gro\u00dfen Kofferraum und eine gute Ausstattung. Um zu entscheiden, welches Fahrzeug f\u00fcr einen Campingausbau besser geeignet&#8230;<\/p>\n\t<\/div><!-- .entry-summary -->\n\t<footer class=\"entry-footer\">\n\t<\/footer><!-- .entry-footer -->\t\t<\/div>\n\t<\/article>\n<\/li>\n<li class=\"kb-post-list-item\">\n\t<article class=\"entry content-bg loop-entry post-2011276 post type-post status-publish format-standard has-post-thumbnail hentry category-auto-schlafen-ausbau tag-diy-de tag-fiesta-de tag-ford-de tag-kleines-wohnmobil\">\n\t\t\t\t<a aria-hidden=\"true\" tabindex=\"-1\" role=\"presentation\" class=\"post-thumbnail kadence-thumbnail-ratio-2-3\" href=\"https:\/\/nimblecamper.com\/de\/ford-fiesta-diy-camping-umbau-ideen\/\" aria-label=\"Ford Fiesta DIY Camping Umbau Ideen\">\n\t\t\t<div class=\"post-thumbnail-inner\">\n\t\t\t\t<img loading=\"lazy\" decoding=\"async\" width=\"225\" height=\"300\" src=\"https:\/\/nimblecamper.com\/wp-content\/uploads\/2022\/07\/Ford-fiesta-camper_1657311308161-225x300.webp\" class=\"attachment-medium size-medium wp-post-image\" alt=\"Ford Fiesta DIY Camping Umbau Ideen\" srcset=\"https:\/\/nimblecamper.com\/wp-content\/uploads\/2022\/07\/Ford-fiesta-camper_1657311308161-225x300.webp 225w, https:\/\/nimblecamper.com\/wp-content\/uploads\/2022\/07\/Ford-fiesta-camper_1657311308161-768x1024.webp 768w, https:\/\/nimblecamper.com\/wp-content\/uploads\/2022\/07\/Ford-fiesta-camper_1657311308161.webp 1080w\" sizes=\"auto, (max-width: 225px) 100vw, 225px\" title=\"car camping - Nimblecamper.com\">\t\t\t<\/div>\n\t\t<\/a><!-- .post-thumbnail -->\n\t\t\t\t<div class=\"entry-content-wrap\">\n\t\t\t<header class=\"entry-header\">\n\t<h4 class=\"entry-title\"><a href=\"https:\/\/nimblecamper.com\/de\/ford-fiesta-diy-camping-umbau-ideen\/\" rel=\"bookmark\">Ford Fiesta DIY Camping Umbau Ideen<\/a><\/h4><\/header><!-- .entry-header -->\n\t<div class=\"entry-summary\">\n\t\t<p>Ein weiteres Beispiel f\u00fcr Fans von Microcampern &#8211; schlafen in den kleinsten Autos, wie diesem Fiesta oder Renault Twingo aus&#8230;<\/p>\n\t<\/div><!-- .entry-summary -->\n\t<footer class=\"entry-footer\">\n\t<\/footer><!-- .entry-footer -->\t\t<\/div>\n\t<\/article>\n<\/li>\n<\/ul><\/div><\/div>\n\n<\/div><\/div>","protected":false},"excerpt":{"rendered":"<p>Ein gut dimensioniertes Auto (wenn auch am unteren Ende anderer <a class=\"wpil_keyword_link\" title=\"Hochdachkombis\" href=\"https:\/\/nimblecamper.com\/best-cars-for-camping\/mpv-minivan\/\" data-wpil-keyword-link=\"linked\">MPVs<\/a>) mit einer sehr hohen Sicherheitsbewertung und einem hohen Komfortniveau. Wenn Sie Gr\u00f6\u00dfe dem Komfort vorziehen, schauen Sie sich <a href=\"\/caddy-maxi-camper-life\/\">Caddy Maxi<\/a> oder <a href=\"https:\/\/nimblecamper.com\/fiat-doblo-camper\/\">Fiat Doblo XL<\/a> an. Wenn Sie Komfort der Gr\u00f6\u00dfe vorziehen, k\u00f6nnte der Ford S-Max eine gute Wahl sein \u2013 aber auch der gr\u00f6\u00dfere <a href=\"https:\/\/nimblecamper.com\/vw-sharan-camper\/\">Sharan<\/a> , der ebenfalls recht komfortabel ist. Werfen Sie auch einen Blick auf <a href=\"https:\/\/nimblecamper.com\/ford-galaxy-camper\/\" data-type=\"URL\" data-id=\"https:\/\/nimblecamper.com\/ford-galaxy-camper\/\">Ford Galaxy<\/a> , wenn Sie einen Ford suchen, der etwas gr\u00f6\u00dfer und billiger ist und im Vergleich zum S-MAX weniger Wert auf Komfort legt.<\/p>\n","protected":false},"featured_media":1007199,"comment_status":"open","ping_status":"closed","template":"","meta":{"_kad_blocks_custom_css":"","_kad_blocks_head_custom_js":"","_kad_blocks_body_custom_js":"","_kad_blocks_footer_custom_js":"","_kad_post_transparent":"","_kad_post_title":"","_kad_post_layout":"","_kad_post_sidebar_id":"","_kad_post_content_style":"","_kad_post_vertical_padding":"","_kad_post_feature":"","_kad_post_feature_position":"","_kad_post_header":false,"_kad_post_footer":false,"_kad_post_classname":""},"product_brand":[],"product_cat":[1000555,1000556],"product_tag":[2001481,1000639],"class_list":{"0":"post-1007215","1":"product","2":"type-product","3":"status-publish","4":"has-post-thumbnail","6":"product_cat-die-besten-autos-zum-campen","7":"product_cat-mpv-minivan-de","8":"product_tag-eu-uk-de","9":"product_tag-ford-de","10":"pa_available-in-eu-de","11":"pa_body-type-mpv-minivan-de","12":"pa_boot-door-type-heckklappe","13":"pa_engine-type-verbrennung","14":"pa_make-ford-de","15":"pa_nc-rating-3-1-de","17":"first","18":"instock","19":"shipping-taxable","20":"product-type-simple","21":"entry","22":"content-bg","23":"loop-entry"},"taxonomy_info":{"product_cat":[{"value":1000555,"label":"Die besten autos zum schlafen"},{"value":1000556,"label":"Hochdachkombi Camper"}],"product_tag":[{"value":2001481,"label":"EU\/UK"},{"value":1000639,"label":"Ford"}],"pa_available-in":[{"value":1000545,"label":"EU"}],"pa_body-type":[{"value":1000546,"label":"Hochdachkombi"}],"pa_boot-door-type":[{"value":2000879,"label":"Heckklappe"}],"pa_engine-type":[{"value":1000552,"label":"Verbrennung"}],"pa_make":[{"value":1000637,"label":"Ford"}],"pa_nc-rating":[{"value":1000638,"label":"3.1"}]},"featured_image_src_large":["https:\/\/nimblecamper.com\/wp-content\/uploads\/2022\/02\/Ford-S-Max-2-0-EcoBoost-Vignale.jpg",647,430,false],"author_info":[],"comment_info":0,"_links":{"self":[{"href":"https:\/\/nimblecamper.com\/de\/wp-json\/wp\/v2\/product\/1007215","targetHints":{"allow":["GET"]}}],"collection":[{"href":"https:\/\/nimblecamper.com\/de\/wp-json\/wp\/v2\/product"}],"about":[{"href":"https:\/\/nimblecamper.com\/de\/wp-json\/wp\/v2\/types\/product"}],"replies":[{"embeddable":true,"href":"https:\/\/nimblecamper.com\/de\/wp-json\/wp\/v2\/comments?post=1007215"}],"wp:featuredmedia":[{"embeddable":true,"href":"https:\/\/nimblecamper.com\/de\/wp-json\/wp\/v2\/media\/1007199"}],"wp:attachment":[{"href":"https:\/\/nimblecamper.com\/de\/wp-json\/wp\/v2\/media?parent=1007215"}],"wp:term":[{"taxonomy":"product_brand","embeddable":true,"href":"https:\/\/nimblecamper.com\/de\/wp-json\/wp\/v2\/product_brand?post=1007215"},{"taxonomy":"product_cat","embeddable":true,"href":"https:\/\/nimblecamper.com\/de\/wp-json\/wp\/v2\/product_cat?post=1007215"},{"taxonomy":"product_tag","embeddable":true,"href":"https:\/\/nimblecamper.com\/de\/wp-json\/wp\/v2\/product_tag?post=1007215"}],"curies":[{"name":"wp","href":"https:\/\/api.w.org\/{rel}","templated":true}]}}