{"id":1007225,"date":"2022-02-01T21:15:36","date_gmt":"2022-03-25T20:10:22","guid":{"rendered":"https:\/\/nimblecamper.com\/dodge-grand-caravan-camper\/"},"modified":"2024-01-31T09:49:45","modified_gmt":"2024-01-31T09:49:45","slug":"dodge-grand-caravan-camper","status":"publish","type":"product","link":"https:\/\/nimblecamper.com\/de\/dodge-grand-caravan-camper\/","title":{"rendered":"Dodge Grand Caravan Camper (Chrysler Town and Country)"},"content":{"rendered":"<style>#kt-layout-id_54f225-b6 > .kt-row-column-wrap{align-content:start;}:where(#kt-layout-id_54f225-b6 > .kt-row-column-wrap) > .wp-block-kadence-column{justify-content:start;}#kt-layout-id_54f225-b6 > .kt-row-column-wrap{column-gap:var(--global-kb-gap-md, 2rem);row-gap:var(--global-kb-gap-md, 2rem);padding-top:var( --global-kb-row-default-top, 25px );padding-bottom:var( --global-kb-row-default-bottom, 25px );padding-top:var(--global-kb-spacing-sm, 1.5rem);padding-bottom:var(--global-kb-spacing-sm, 1.5rem);grid-template-columns:repeat(2, minmax(0, 1fr));}#kt-layout-id_54f225-b6 > .kt-row-layout-overlay{opacity:0.30;}@media all and (max-width: 1024px){#kt-layout-id_54f225-b6 > .kt-row-column-wrap{grid-template-columns:repeat(2, minmax(0, 1fr));}}@media all and (max-width: 767px){#kt-layout-id_54f225-b6 > .kt-row-column-wrap{grid-template-columns:minmax(0, 1fr);}}<\/style>\n<div class=\"wp-block-kadence-rowlayout alignnone\"><div id=\"kt-layout-id_54f225-b6\" class=\"kt-row-layout-inner kt-layout-id_54f225-b6\"><div class=\"kt-row-column-wrap kt-has-2-columns kt-gutter-default kt-v-gutter-default kt-row-valign-top kt-row-layout-equal kt-tab-layout-inherit kt-m-colapse-left-to-right kt-mobile-layout-row\"><style>.kadence-column_7da50d-6c > .kt-inside-inner-col{border-top-width:0px;border-right-width:0px;border-bottom-width:0px;border-left-width:0px;}.kadence-column_7da50d-6c > .kt-inside-inner-col,.kadence-column_7da50d-6c > .kt-inside-inner-col:before{border-top-left-radius:0px;border-top-right-radius:0px;border-bottom-right-radius:0px;border-bottom-left-radius:0px;}.kadence-column_7da50d-6c > .kt-inside-inner-col{column-gap:var(--global-kb-gap-sm, 1rem);}.kadence-column_7da50d-6c > .kt-inside-inner-col{flex-direction:column;}.kadence-column_7da50d-6c > .kt-inside-inner-col > .aligncenter{width:100%;}.kadence-column_7da50d-6c > .kt-inside-inner-col:before{opacity:0.3;}.kadence-column_7da50d-6c{position:relative;}@media all and (max-width: 1024px){.kadence-column_7da50d-6c > .kt-inside-inner-col{flex-direction:column;justify-content:center;}}@media all and (max-width: 767px){.kadence-column_7da50d-6c > .kt-inside-inner-col{flex-direction:column;justify-content:center;}}<\/style>\n<div class=\"wp-block-kadence-column inner-column-1 kadence-column_7da50d-6c\"><div class=\"kt-inside-inner-col\"><table class=\"woocommerce-product-attributes shop_attributes\" aria-label=\"Produktdetails\">\n\t\t\t<tr class=\"woocommerce-product-attributes-item woocommerce-product-attributes-item--attribute_pa_body-type\">\n\t\t\t<th class=\"woocommerce-product-attributes-item__label\" scope=\"row\">Aufbautyp<\/th>\n\t\t\t<td class=\"woocommerce-product-attributes-item__value\"><p><a href=\"https:\/\/nimblecamper.com\/de\/body-type\/mpv-minivan-de\/\" rel=\"tag\">Hochdachkombi<\/a><\/p>\n<\/td>\n\t\t<\/tr>\n\t\t\t<tr class=\"woocommerce-product-attributes-item woocommerce-product-attributes-item--attribute_pa_make\">\n\t\t\t<th class=\"woocommerce-product-attributes-item__label\" scope=\"row\">Marke<\/th>\n\t\t\t<td class=\"woocommerce-product-attributes-item__value\"><p><a href=\"https:\/\/nimblecamper.com\/de\/make\/dodge-de\/\" rel=\"tag\">Dodge<\/a><\/p>\n<\/td>\n\t\t<\/tr>\n\t\t\t<tr class=\"woocommerce-product-attributes-item woocommerce-product-attributes-item--attribute_pa_boot-length\">\n\t\t\t<th class=\"woocommerce-product-attributes-item__label\" scope=\"row\">Kofferrauml&auml;nge (cm)<\/th>\n\t\t\t<td class=\"woocommerce-product-attributes-item__value\"><p>230<\/p>\n<\/td>\n\t\t<\/tr>\n\t\t\t<tr class=\"woocommerce-product-attributes-item woocommerce-product-attributes-item--attribute_pa_boot-length-inches\">\n\t\t\t<th class=\"woocommerce-product-attributes-item__label\" scope=\"row\">Boot length (inches)<\/th>\n\t\t\t<td class=\"woocommerce-product-attributes-item__value\"><p>90.5<\/p>\n<\/td>\n\t\t<\/tr>\n\t\t\t<tr class=\"woocommerce-product-attributes-item woocommerce-product-attributes-item--attribute_pa_boot-height\">\n\t\t\t<th class=\"woocommerce-product-attributes-item__label\" scope=\"row\">Kofferraumh&ouml;he (cm)<\/th>\n\t\t\t<td class=\"woocommerce-product-attributes-item__value\"><p>115<\/p>\n<\/td>\n\t\t<\/tr>\n\t\t\t<tr class=\"woocommerce-product-attributes-item woocommerce-product-attributes-item--attribute_pa_boot-height-inches\">\n\t\t\t<th class=\"woocommerce-product-attributes-item__label\" scope=\"row\">Boot height (inches)<\/th>\n\t\t\t<td class=\"woocommerce-product-attributes-item__value\"><p>45.2<\/p>\n<\/td>\n\t\t<\/tr>\n\t\t\t<tr class=\"woocommerce-product-attributes-item woocommerce-product-attributes-item--attribute_pa_boot-width\">\n\t\t\t<th class=\"woocommerce-product-attributes-item__label\" scope=\"row\">Kofferraumbreite [Radk&auml;sten] (cm)<\/th>\n\t\t\t<td class=\"woocommerce-product-attributes-item__value\"><p>125<\/p>\n<\/td>\n\t\t<\/tr>\n\t\t\t<tr class=\"woocommerce-product-attributes-item woocommerce-product-attributes-item--attribute_pa_comfort-rating\">\n\t\t\t<th class=\"woocommerce-product-attributes-item__label\" scope=\"row\">Komfortbewertung<\/th>\n\t\t\t<td class=\"woocommerce-product-attributes-item__value\"><p>1<\/p>\n<\/td>\n\t\t<\/tr>\n\t\t\t<tr class=\"woocommerce-product-attributes-item woocommerce-product-attributes-item--attribute_pa_consumption-l-100km\">\n\t\t\t<th class=\"woocommerce-product-attributes-item__label\" scope=\"row\">Verbrauch l\/100km<\/th>\n\t\t\t<td class=\"woocommerce-product-attributes-item__value\"><p>12.4<\/p>\n<\/td>\n\t\t<\/tr>\n\t\t\t<tr class=\"woocommerce-product-attributes-item woocommerce-product-attributes-item--attribute_pa_consumption-mpg-uk\">\n\t\t\t<th class=\"woocommerce-product-attributes-item__label\" scope=\"row\">Verbrauch MPG (UK)<\/th>\n\t\t\t<td class=\"woocommerce-product-attributes-item__value\"><p>23<\/p>\n<\/td>\n\t\t<\/tr>\n\t\t\t<tr class=\"woocommerce-product-attributes-item woocommerce-product-attributes-item--attribute_pa_consumption-mpg-us\">\n\t\t\t<th class=\"woocommerce-product-attributes-item__label\" scope=\"row\">Consumption MPG (US)<\/th>\n\t\t\t<td class=\"woocommerce-product-attributes-item__value\"><p>19<\/p>\n<\/td>\n\t\t<\/tr>\n\t\t\t<tr class=\"woocommerce-product-attributes-item woocommerce-product-attributes-item--attribute_pa_available-in\">\n\t\t\t<th class=\"woocommerce-product-attributes-item__label\" scope=\"row\">Verf&uuml;gbar in<\/th>\n\t\t\t<td class=\"woocommerce-product-attributes-item__value\"><p><a href=\"https:\/\/nimblecamper.com\/de\/available-in\/us\/\" rel=\"tag\">US<\/a><\/p>\n<\/td>\n\t\t<\/tr>\n\t\t\t<tr class=\"woocommerce-product-attributes-item woocommerce-product-attributes-item--attribute_pa_engine-type\">\n\t\t\t<th class=\"woocommerce-product-attributes-item__label\" scope=\"row\">Motortyp<\/th>\n\t\t\t<td class=\"woocommerce-product-attributes-item__value\"><p><a href=\"https:\/\/nimblecamper.com\/de\/engine-type\/verbrennung\/\" rel=\"tag\">Verbrennung<\/a><\/p>\n<\/td>\n\t\t<\/tr>\n\t\t\t<tr class=\"woocommerce-product-attributes-item woocommerce-product-attributes-item--attribute_pa_nc-rating\">\n\t\t\t<th class=\"woocommerce-product-attributes-item__label\" scope=\"row\">NimbleCamper Bewertung (von max. 5)<\/th>\n\t\t\t<td class=\"woocommerce-product-attributes-item__value\"><p><a href=\"https:\/\/nimblecamper.com\/de\/nc-rating\/3-5-de\/\" rel=\"tag\">3.5<\/a><\/p>\n<\/td>\n\t\t<\/tr>\n\t\t\t<tr class=\"woocommerce-product-attributes-item woocommerce-product-attributes-item--attribute_pa_used-price\">\n\t\t\t<th class=\"woocommerce-product-attributes-item__label\" scope=\"row\">Durchschnittlicher Gebrauchtpreis, GBP (2015)<\/th>\n\t\t\t<td class=\"woocommerce-product-attributes-item__value\"><p>19000<\/p>\n<\/td>\n\t\t<\/tr>\n\t\t\t<tr class=\"woocommerce-product-attributes-item woocommerce-product-attributes-item--attribute_pa_boot-door-type\">\n\t\t\t<th class=\"woocommerce-product-attributes-item__label\" scope=\"row\">Kofferraumt&uuml;r<\/th>\n\t\t\t<td class=\"woocommerce-product-attributes-item__value\"><p><a href=\"https:\/\/nimblecamper.com\/de\/boot-door-type\/heckklappe\/\" rel=\"tag\">Heckklappe<\/a><\/p>\n<\/td>\n\t\t<\/tr>\n\t<\/table>\n\n\n\n\n<p class=\"has-small-font-size\"><em>*Ein<em>Hinweis zu den Abmessungen &#8211; online sind keine spezifischen Ma\u00dfe verf\u00fcgbar, daher verwende ich die Ma\u00dfe des Grand Voyager, da die Fahrzeuge fast identisch gro\u00df sind.<\/em><\/em><\/p>\n\n\n\n<ul class=\"wp-block-list\">\n<li><a href=\"https:\/\/www.adac.de\/_ext\/itr\/tests\/Autotest\/AT1453_Chrysler_Grand_Voyager_28_CRD_Limited_Automatik\/Chrysler_Grand_Voyager_28_CRD_Limited_Automatik.pdf\" data-type=\"URL\" data-id=\"https:\/\/www.adac.de\/_ext\/itr\/tests\/Autotest\/AT1453_Chrysler_Grand_Voyager_28_CRD_Limited_Automatik\/Chrysler_Grand_Voyager_28_CRD_Limited_Automatik.pdf\" target=\"_blank\" rel=\"noreferrer noopener\">ADAC Wertung<\/a> (niedriger = besser) <strong>3\/5<\/strong> (f\u00fcr Chrysler Grand Voyager)<\/li>\n<\/ul>\n\n\n\n<p>N\u00fctzliche Bewertung: <a href=\"https:\/\/carbuzz.com\/cars\/dodge\/grand-caravan\/2017\" target=\"_blank\" data-type=\"URL\" data-id=\"https:\/\/carbuzz.com\/cars\/dodge\/grand-caravan\/2017\" rel=\"noreferrer noopener\">Carbuzz.com &#8211; 2017 Dodge Grand Caravan<\/a><\/p>\n\n\n\n<p>Er ist <a href=\"https:\/\/nimblecamper.com\/chrysler-grand-voyager-camper\/\" data-type=\"URL\" data-id=\"https:\/\/nimblecamper.com\/chrysler-grand-voyager-camper\/\">dem Grand Voyager von Chrysler<\/a> sehr \u00e4hnlich \u2013 aber laut <a href=\"https:\/\/www.carsdirect.com\/compare\/chrysler-voyager-vs-dodge-grand-caravan\" target=\"_blank\" data-type=\"URL\" data-id=\"https:\/\/www.carsdirect.com\/compare\/chrysler-voyager-vs-dodge-grand-caravan\" rel=\"noreferrer noopener\">Carsdirect.com<\/a> ist der Dodge Grand Caravan etwas ger\u00e4umiger.<\/p>\n<\/div><\/div>\n\n\n<style>.kadence-column_998128-5c > .kt-inside-inner-col{border-top-width:0px;border-right-width:0px;border-bottom-width:0px;border-left-width:0px;}.kadence-column_998128-5c > .kt-inside-inner-col,.kadence-column_998128-5c > .kt-inside-inner-col:before{border-top-left-radius:0px;border-top-right-radius:0px;border-bottom-right-radius:0px;border-bottom-left-radius:0px;}.kadence-column_998128-5c > .kt-inside-inner-col{column-gap:var(--global-kb-gap-sm, 1rem);}.kadence-column_998128-5c > .kt-inside-inner-col{flex-direction:column;}.kadence-column_998128-5c > .kt-inside-inner-col > .aligncenter{width:100%;}.kadence-column_998128-5c > .kt-inside-inner-col:before{opacity:0.3;}.kadence-column_998128-5c{position:relative;}@media all and (max-width: 1024px){.kadence-column_998128-5c > .kt-inside-inner-col{flex-direction:column;justify-content:center;}}@media all and (max-width: 767px){.kadence-column_998128-5c > .kt-inside-inner-col{flex-direction:column;justify-content:center;}}<\/style>\n<div class=\"wp-block-kadence-column inner-column-2 kadence-column_998128-5c\"><div class=\"kt-inside-inner-col\"><style>.wp-block-kadence-advancedheading.kt-adv-heading_ebaf43-36, .wp-block-kadence-advancedheading.kt-adv-heading_ebaf43-36[data-kb-block=\"kb-adv-heading_ebaf43-36\"]{padding-bottom:20px;font-style:normal;}.wp-block-kadence-advancedheading.kt-adv-heading_ebaf43-36 mark.kt-highlight, .wp-block-kadence-advancedheading.kt-adv-heading_ebaf43-36[data-kb-block=\"kb-adv-heading_ebaf43-36\"] mark.kt-highlight{font-style:normal;color:#f76a0c;-webkit-box-decoration-break:clone;box-decoration-break:clone;padding-top:0px;padding-right:0px;padding-bottom:0px;padding-left:0px;}.wp-block-kadence-advancedheading.kt-adv-heading_ebaf43-36 img.kb-inline-image, .wp-block-kadence-advancedheading.kt-adv-heading_ebaf43-36[data-kb-block=\"kb-adv-heading_ebaf43-36\"] img.kb-inline-image{width:150px;vertical-align:baseline;}<\/style>\n<h2 class=\"kt-adv-heading_ebaf43-36 wp-block-kadence-advancedheading\" data-kb-block=\"kb-adv-heading_ebaf43-36\">Wie man im Dodge Grand Caravan schl\u00e4ft, DIY-Camping-Umbauten<\/h2>\n\n\n<style>.kb-posts-id-_fcf0cd-07 .entry.loop-entry .entry-header .entry-title{font-size:18px;line-height:1.2em;}.kb-posts-id-_fcf0cd-07 .loop-entry{background:transparent;box-shadow:none;}.kb-posts-id-_fcf0cd-07 .loop-entry > .entry-content-wrap{padding:0px;}.kb-posts-id-_fcf0cd-07 .loop-entry .post-thumbnail{margin-bottom:1em;}.kb-posts-id-_fcf0cd-07 .kb-post-list-item{display:grid;}<\/style><ul class=\"wp-block-kadence-posts kb-posts kadence-posts-list kb-posts-id-_fcf0cd-07 content-wrap grid-cols kb-posts-style-unboxed grid-sm-col-1 grid-lg-col-1 item-image-style-beside\"><li class=\"kb-post-list-item\">\n\t<article class=\"entry content-bg loop-entry post-2021633 post type-post status-publish format-standard has-post-thumbnail hentry category-kleinwagen category-dacia-jogger-de category-medium-cars-suvs-de tag-dacia-de tag-diy-de tag-fiat-de tag-jogger-de tag-panda-de\">\n\t\t\t\t<a aria-hidden=\"true\" tabindex=\"-1\" role=\"presentation\" class=\"post-thumbnail kadence-thumbnail-ratio-2-3\" href=\"https:\/\/nimblecamper.com\/de\/fiat-panda-mk3-als-wohnung-dacia-jogger-selbst-1-person-umbau-von-fabian\/\" aria-label=\"Fiat Panda Mk3 als Wohnung &amp; Dacia Jogger &#8211; Selbst 1-Person Umbau von Fabian\">\n\t\t\t<div class=\"post-thumbnail-inner\">\n\t\t\t\t<img loading=\"lazy\" decoding=\"async\" width=\"500\" height=\"257\" src=\"https:\/\/nimblecamper.com\/wp-content\/uploads\/2024\/07\/jogger-diy-camping-umbau-conversion-5-500x257.webp\" class=\"attachment-medium size-medium wp-post-image\" alt=\"Fiat Panda Mk3 als Wohnung &amp; Dacia Jogger &#8211; Selbst 1-Person Umbau von Fabian\" srcset=\"https:\/\/nimblecamper.com\/wp-content\/uploads\/2024\/07\/jogger-diy-camping-umbau-conversion-5-500x257.webp 500w, https:\/\/nimblecamper.com\/wp-content\/uploads\/2024\/07\/jogger-diy-camping-umbau-conversion-5-1024x527.webp 1024w, https:\/\/nimblecamper.com\/wp-content\/uploads\/2024\/07\/jogger-diy-camping-umbau-conversion-5-768x395.webp 768w, https:\/\/nimblecamper.com\/wp-content\/uploads\/2024\/07\/jogger-diy-camping-umbau-conversion-5.webp 1268w\" sizes=\"auto, (max-width: 500px) 100vw, 500px\" title=\"car camping - Nimblecamper.com\">\t\t\t<\/div>\n\t\t<\/a><!-- .post-thumbnail -->\n\t\t\t\t<div class=\"entry-content-wrap\">\n\t\t\t<header class=\"entry-header\">\n\t<h4 class=\"entry-title\"><a href=\"https:\/\/nimblecamper.com\/de\/fiat-panda-mk3-als-wohnung-dacia-jogger-selbst-1-person-umbau-von-fabian\/\" rel=\"bookmark\">Fiat Panda Mk3 als Wohnung &amp; Dacia Jogger &#8211; Selbst 1-Person Umbau von Fabian<\/a><\/h4><\/header><!-- .entry-header -->\n\t<div class=\"entry-summary\">\n\t\t<p>Hier sind zwei kreative Camping-Umbauten: Vom praktischen Fiat Panda-Camping-Umbau bis zum einfachen 1-Personen-Jogger-Setup von Fabian.<\/p>\n\t<\/div><!-- .entry-summary -->\n\t<footer class=\"entry-footer\">\n\t<\/footer><!-- .entry-footer -->\t\t<\/div>\n\t<\/article>\n<\/li>\n<li class=\"kb-post-list-item\">\n\t<article class=\"entry content-bg loop-entry post-2020961 post type-post status-publish format-standard has-post-thumbnail hentry category-auto-schlafen-ausbau category-kleinwagen tag-500-de tag-diy-de tag-fiat-de tag-panda-de tag-punto-de\">\n\t\t\t\t<a aria-hidden=\"true\" tabindex=\"-1\" role=\"presentation\" class=\"post-thumbnail kadence-thumbnail-ratio-2-3\" href=\"https:\/\/nimblecamper.com\/de\/fiat-panda-camping-ausbau-von-bill\/\" aria-label=\"Fiat Panda Camping-Ausbau DIY von Bill\">\n\t\t\t<div class=\"post-thumbnail-inner\">\n\t\t\t\t<img loading=\"lazy\" decoding=\"async\" width=\"500\" height=\"225\" src=\"https:\/\/nimblecamper.com\/wp-content\/uploads\/2024\/02\/Fiat-panda-camper-20240209_130709-500x225.webp\" class=\"attachment-medium size-medium wp-post-image\" alt=\"Fiat Panda Camping-Ausbau DIY von Bill\" srcset=\"https:\/\/nimblecamper.com\/wp-content\/uploads\/2024\/02\/Fiat-panda-camper-20240209_130709-500x225.webp 500w, https:\/\/nimblecamper.com\/wp-content\/uploads\/2024\/02\/Fiat-panda-camper-20240209_130709-1024x461.webp 1024w, https:\/\/nimblecamper.com\/wp-content\/uploads\/2024\/02\/Fiat-panda-camper-20240209_130709-768x346.webp 768w, https:\/\/nimblecamper.com\/wp-content\/uploads\/2024\/02\/Fiat-panda-camper-20240209_130709-1536x692.webp 1536w, https:\/\/nimblecamper.com\/wp-content\/uploads\/2024\/02\/Fiat-panda-camper-20240209_130709.webp 1959w\" sizes=\"auto, (max-width: 500px) 100vw, 500px\" title=\"car camping - Nimblecamper.com\">\t\t\t<\/div>\n\t\t<\/a><!-- .post-thumbnail -->\n\t\t\t\t<div class=\"entry-content-wrap\">\n\t\t\t<header class=\"entry-header\">\n\t<h4 class=\"entry-title\"><a href=\"https:\/\/nimblecamper.com\/de\/fiat-panda-camping-ausbau-von-bill\/\" rel=\"bookmark\">Fiat Panda Camping-Ausbau DIY von Bill<\/a><\/h4><\/header><!-- .entry-header -->\n\t<div class=\"entry-summary\">\n\t\t<p>Dieser DIY-Ausbau des Fiat Panda nutzt den vorhandenen Platz im Auto optimal aus. Bill Roberts zeigt uns, dass du auch&#8230;<\/p>\n\t<\/div><!-- .entry-summary -->\n\t<footer class=\"entry-footer\">\n\t<\/footer><!-- .entry-footer -->\t\t<\/div>\n\t<\/article>\n<\/li>\n<li class=\"kb-post-list-item\">\n\t<article class=\"entry content-bg loop-entry post-2018007 post type-post status-publish format-standard has-post-thumbnail hentry category-campingumbauten-ohne-schrauben category-auto-schlafen-ausbau category-suv-camping-de tag-cr-v-de tag-diy-de tag-honda-de\">\n\t\t\t\t<a aria-hidden=\"true\" tabindex=\"-1\" role=\"presentation\" class=\"post-thumbnail kadence-thumbnail-ratio-2-3\" href=\"https:\/\/nimblecamper.com\/de\/how-to-sleep-in-a-honda-cr-v-2017-no-build-camper\/\" aria-label=\"Wie man in einem Honda CR-V (2017) schl\u00e4ft &#8211; kein Camperbau\">\n\t\t\t<div class=\"post-thumbnail-inner\">\n\t\t\t\t<img loading=\"lazy\" decoding=\"async\" width=\"500\" height=\"259\" src=\"https:\/\/nimblecamper.com\/wp-content\/uploads\/2023\/11\/honda-crv-sleeping-conversion-camper-1-500x259.webp\" class=\"attachment-medium size-medium wp-post-image\" alt=\"Wie man in einem Honda CR-V (2017) schl\u00e4ft &#8211; kein Camperbau\" srcset=\"https:\/\/nimblecamper.com\/wp-content\/uploads\/2023\/11\/honda-crv-sleeping-conversion-camper-1-500x259.webp 500w, https:\/\/nimblecamper.com\/wp-content\/uploads\/2023\/11\/honda-crv-sleeping-conversion-camper-1-1024x531.webp 1024w, https:\/\/nimblecamper.com\/wp-content\/uploads\/2023\/11\/honda-crv-sleeping-conversion-camper-1-768x398.webp 768w, https:\/\/nimblecamper.com\/wp-content\/uploads\/2023\/11\/honda-crv-sleeping-conversion-camper-1.webp 1382w\" sizes=\"auto, (max-width: 500px) 100vw, 500px\" title=\"car camping - Nimblecamper.com\">\t\t\t<\/div>\n\t\t<\/a><!-- .post-thumbnail -->\n\t\t\t\t<div class=\"entry-content-wrap\">\n\t\t\t<header class=\"entry-header\">\n\t<h4 class=\"entry-title\"><a href=\"https:\/\/nimblecamper.com\/de\/how-to-sleep-in-a-honda-cr-v-2017-no-build-camper\/\" rel=\"bookmark\">Wie man in einem Honda CR-V (2017) schl\u00e4ft &#8211; kein Camperbau<\/a><\/h4><\/header><!-- .entry-header -->\n\t<div class=\"entry-summary\">\n\t\t<p>Lass uns herausfinden, wie du in deinem 2017er Honda CR-V schlafen und ihn in einen gem\u00fctlichen und komfortablen Camper verwandeln&#8230;<\/p>\n\t<\/div><!-- .entry-summary -->\n\t<footer class=\"entry-footer\">\n\t<\/footer><!-- .entry-footer -->\t\t<\/div>\n\t<\/article>\n<\/li>\n<\/ul><\/div><\/div>\n<\/div><\/div><\/div>\n","protected":false},"excerpt":{"rendered":"<p>Gro\u00df und bequem &#8211; stellenweise zu viel (ein zusammenklappbarer Fernseher ist nicht wirklich notwendig oder der Tisch auf der R\u00fcckseite muss bei einigen Modellen h\u00f6chstwahrscheinlich sowieso herausgenommen werden). Ziemlich teuer im Betrieb, schwerer zu fahren. Andererseits bietet er viel Platz und Stauraum, bequeme Sitze und jede Menge USB- und 220-Volt-Steckdosen. Wem der hohe Verbrauch nichts ausmacht und Komfort bei langen Fahrten sucht, der ist hier gut aufgehoben.<\/p>\n<p>Obwohl der Chrysler Town and Country dem Namen nach ein anderes Auto ist, sind sie sich sehr \u00e4hnlich und unterscheiden sich nur geringf\u00fcgig in Bezug auf ihre Gr\u00f6\u00dfe. Der gr\u00f6\u00dfte Unterschied liegt im Styling &#8211; au\u00dfen und innen, aber nichts, was einen gro\u00dfen Unterschied im Hinblick auf das Campen machen w\u00fcrde.<\/p>\n","protected":false},"featured_media":1007164,"comment_status":"open","ping_status":"closed","template":"","meta":{"_kad_blocks_custom_css":"","_kad_blocks_head_custom_js":"","_kad_blocks_body_custom_js":"","_kad_blocks_footer_custom_js":"","_kad_post_transparent":"","_kad_post_title":"","_kad_post_layout":"","_kad_post_sidebar_id":"","_kad_post_content_style":"","_kad_post_vertical_padding":"","_kad_post_feature":"","_kad_post_feature_position":"","_kad_post_header":false,"_kad_post_footer":false,"_kad_post_classname":""},"product_brand":[],"product_cat":[1000555,1000556],"product_tag":[2001482],"class_list":{"0":"post-1007225","1":"product","2":"type-product","3":"status-publish","4":"has-post-thumbnail","6":"product_cat-die-besten-autos-zum-campen","7":"product_cat-mpv-minivan-de","8":"product_tag-us-de","9":"pa_available-in-us","10":"pa_body-type-mpv-minivan-de","11":"pa_boot-door-type-heckklappe","12":"pa_engine-type-verbrennung","13":"pa_make-dodge-de","14":"pa_nc-rating-3-5-de","16":"first","17":"instock","18":"shipping-taxable","19":"product-type-simple","20":"entry","21":"content-bg","22":"loop-entry"},"taxonomy_info":{"product_cat":[{"value":1000555,"label":"Die besten autos zum schlafen"},{"value":1000556,"label":"Hochdachkombi Camper"}],"product_tag":[{"value":2001482,"label":"US"}],"pa_available-in":[{"value":1000604,"label":"US"}],"pa_body-type":[{"value":1000546,"label":"Hochdachkombi"}],"pa_boot-door-type":[{"value":2000879,"label":"Heckklappe"}],"pa_engine-type":[{"value":1000552,"label":"Verbrennung"}],"pa_make":[{"value":1000668,"label":"Dodge"}],"pa_nc-rating":[{"value":1000665,"label":"3.5"}]},"featured_image_src_large":["https:\/\/nimblecamper.com\/wp-content\/uploads\/2022\/02\/Dodge-Grand-Caravan-2020.webp",1024,678,false],"author_info":[],"comment_info":0,"_links":{"self":[{"href":"https:\/\/nimblecamper.com\/de\/wp-json\/wp\/v2\/product\/1007225","targetHints":{"allow":["GET"]}}],"collection":[{"href":"https:\/\/nimblecamper.com\/de\/wp-json\/wp\/v2\/product"}],"about":[{"href":"https:\/\/nimblecamper.com\/de\/wp-json\/wp\/v2\/types\/product"}],"replies":[{"embeddable":true,"href":"https:\/\/nimblecamper.com\/de\/wp-json\/wp\/v2\/comments?post=1007225"}],"wp:featuredmedia":[{"embeddable":true,"href":"https:\/\/nimblecamper.com\/de\/wp-json\/wp\/v2\/media\/1007164"}],"wp:attachment":[{"href":"https:\/\/nimblecamper.com\/de\/wp-json\/wp\/v2\/media?parent=1007225"}],"wp:term":[{"taxonomy":"product_brand","embeddable":true,"href":"https:\/\/nimblecamper.com\/de\/wp-json\/wp\/v2\/product_brand?post=1007225"},{"taxonomy":"product_cat","embeddable":true,"href":"https:\/\/nimblecamper.com\/de\/wp-json\/wp\/v2\/product_cat?post=1007225"},{"taxonomy":"product_tag","embeddable":true,"href":"https:\/\/nimblecamper.com\/de\/wp-json\/wp\/v2\/product_tag?post=1007225"}],"curies":[{"name":"wp","href":"https:\/\/api.w.org\/{rel}","templated":true}]}}