{"id":1007234,"date":"2021-11-10T10:38:03","date_gmt":"2022-03-25T20:14:24","guid":{"rendered":"https:\/\/nimblecamper.com\/amdro-stiefelsprung-2020-campingbox\/"},"modified":"2023-02-13T18:45:14","modified_gmt":"2023-02-13T18:45:14","slug":"amdro-2020-boot-jump-camping-box","status":"publish","type":"product","link":"https:\/\/nimblecamper.com\/de\/amdro-2020-boot-jump-camping-box\/","title":{"rendered":"Amdro Campingbox 2020"},"content":{"rendered":"<table class=\"woocommerce-product-attributes shop_attributes\" aria-label=\"Produktdetails\">\n\t\t\t<tr class=\"woocommerce-product-attributes-item woocommerce-product-attributes-item--attribute_pa_available-in\">\n\t\t\t<th class=\"woocommerce-product-attributes-item__label\" scope=\"row\">Verf&uuml;gbar in<\/th>\n\t\t\t<td class=\"woocommerce-product-attributes-item__value\"><p><a href=\"https:\/\/nimblecamper.com\/de\/available-in\/uk-de\/\" rel=\"tag\">UK<\/a><\/p>\n<\/td>\n\t\t<\/tr>\n\t\t\t<tr class=\"woocommerce-product-attributes-item woocommerce-product-attributes-item--attribute_pa_confirmed-fit\">\n\t\t\t<th class=\"woocommerce-product-attributes-item__label\" scope=\"row\">Passt auf diese Autos<\/th>\n\t\t\t<td class=\"woocommerce-product-attributes-item__value\"><p>Berlingo \/ Partner \/ Kombi \/ Rifter 2018 &#8211; 2020<\/p>\n<\/td>\n\t\t<\/tr>\n\t<\/table>\n\n","protected":false},"excerpt":{"rendered":"<p>Der bekannte und langj\u00e4hrige britische Boot-Jump-Hersteller Amdro hat seine Campingbox f\u00fcr die Modelle 2018-2020 von Berlingo, Rifter, Partner, Vauxhall (Opel) Combo und allen anderen \u00e4hnlich gebauten MPVs aktualisiert.<\/p>\n","protected":false},"featured_media":1007205,"comment_status":"open","ping_status":"closed","template":"","meta":{"_kad_blocks_custom_css":"","_kad_blocks_head_custom_js":"","_kad_blocks_body_custom_js":"","_kad_blocks_footer_custom_js":"","_kad_post_transparent":"default","_kad_post_title":"","_kad_post_layout":"default","_kad_post_sidebar_id":"","_kad_post_content_style":"default","_kad_post_vertical_padding":"default","_kad_post_feature":"","_kad_post_feature_position":"","_kad_post_header":false,"_kad_post_footer":false,"_kad_post_classname":""},"product_brand":[],"product_cat":[1000707],"product_tag":[2001481],"class_list":{"0":"post-1007234","1":"product","2":"type-product","3":"status-publish","4":"has-post-thumbnail","6":"product_cat-campingboxen","7":"product_tag-eu-uk-de","8":"pa_available-in-uk-de","10":"first","11":"instock","12":"shipping-taxable","13":"product-type-external","14":"entry","15":"content-bg","16":"loop-entry"},"taxonomy_info":{"product_cat":[{"value":1000707,"label":"Campingboxen"}],"product_tag":[{"value":2001481,"label":"EU\/UK"}],"pa_available-in":[{"value":1000705,"label":"UK"}]},"featured_image_src_large":["https:\/\/nimblecamper.com\/wp-content\/uploads\/2021\/11\/amdro-boot-jump-2020-1.webp",1013,675,false],"author_info":[],"comment_info":0,"_links":{"self":[{"href":"https:\/\/nimblecamper.com\/de\/wp-json\/wp\/v2\/product\/1007234","targetHints":{"allow":["GET"]}}],"collection":[{"href":"https:\/\/nimblecamper.com\/de\/wp-json\/wp\/v2\/product"}],"about":[{"href":"https:\/\/nimblecamper.com\/de\/wp-json\/wp\/v2\/types\/product"}],"replies":[{"embeddable":true,"href":"https:\/\/nimblecamper.com\/de\/wp-json\/wp\/v2\/comments?post=1007234"}],"wp:featuredmedia":[{"embeddable":true,"href":"https:\/\/nimblecamper.com\/de\/wp-json\/wp\/v2\/media\/1007205"}],"wp:attachment":[{"href":"https:\/\/nimblecamper.com\/de\/wp-json\/wp\/v2\/media?parent=1007234"}],"wp:term":[{"taxonomy":"product_brand","embeddable":true,"href":"https:\/\/nimblecamper.com\/de\/wp-json\/wp\/v2\/product_brand?post=1007234"},{"taxonomy":"product_cat","embeddable":true,"href":"https:\/\/nimblecamper.com\/de\/wp-json\/wp\/v2\/product_cat?post=1007234"},{"taxonomy":"product_tag","embeddable":true,"href":"https:\/\/nimblecamper.com\/de\/wp-json\/wp\/v2\/product_tag?post=1007234"}],"curies":[{"name":"wp","href":"https:\/\/api.w.org\/{rel}","templated":true}]}}