{"id":2008845,"date":"2022-07-12T14:56:53","date_gmt":"2022-07-12T15:01:03","guid":{"rendered":"https:\/\/nimblecamper.com\/solardusche-camping-pumpsystem-10-liter\/"},"modified":"2022-09-06T06:19:09","modified_gmt":"2022-09-06T06:19:09","slug":"pressure-solar-camping-shower-2","status":"publish","type":"product","link":"https:\/\/nimblecamper.com\/de\/pressure-solar-camping-shower-2\/","title":{"rendered":"Solardusche Camping Pumpsystem 10 Liter"},"content":{"rendered":"\n<ul class=\"wp-block-list\"><li>Volumen: 10 Liter. An-\/Aus-Knopf am Duschkopf zum Wassersparen<\/li><li>Tragegurt und Transporth\u00fclle<\/li><li>geringes Gewicht: 870 kg inklusive Packsack<\/li><li>Kompakt und leicht zusammenzulegen: 22 \u00d7 39 \u00d7 12 cm<\/li><li>Breite \u00d6ffnung zum einfachen Bef\u00fcllen und schnellen Trocknen<\/li><li><strong>Die Dusche muss nicht aufgeh\u00e4ngt werden. das Wasser steht unter Druck<\/strong><\/li><\/ul>\n<style>.wp-block-kadence-advancedbtn.kb-btns_a69c45-21{gap:var(--global-kb-gap-xs, 0.5rem );justify-content:center;align-items:center;}.kt-btns_a69c45-21 .kt-button{font-weight:normal;font-style:normal;}.kt-btns_a69c45-21 .kt-btn-wrap-0{margin-right:5px;}.wp-block-kadence-advancedbtn.kt-btns_a69c45-21 .kt-btn-wrap-0 .kt-button::before{display:none;}.kt-btns_a69c45-21 .kt-btn-wrap-1{margin-right:5px;}.wp-block-kadence-advancedbtn.kt-btns_a69c45-21 .kt-btn-wrap-1 .kt-button::before{display:none;}<\/style>\n<div class=\"wp-block-kadence-advancedbtn kt-btn-align-center kt-btn-tablet-align-inherit kt-btn-mobile-align-inherit kt-btns-wrap kt-btns_a69c45-21\"><div class=\"kt-btn-wrap kt-btn-wrap-0\"><a class=\"kt-button button kt-btn-0-action kt-btn-size-standard kt-btn-style-basic kt-btn-svg-show-always kt-btn-has-text-true kt-btn-has-svg-false kb-btn-global-inherit wp-block-button__link\" href=\"\/pressurecampingshowerde\" rel=\"nofollow sponsored\"><span class=\"kt-btn-inner-text\">KAUFEN BEI DECATHLON.DE<\/span><\/a><\/div><div class=\"kt-btn-wrap kt-btn-wrap-1\"><a class=\"kt-button button kt-btn-1-action kt-btn-size-standard kt-btn-style-basic kt-btn-svg-show-always kt-btn-has-text-true kt-btn-has-svg-false kb-btn-global-inherit wp-block-button__link\" href=\"\/pressurecampingshowerde\" rel=\"nofollow sponsored\"><span class=\"kt-btn-inner-text\">KAUFEN BEI DECATHLON.DE<\/span><\/a><\/div><\/div>\n","protected":false},"excerpt":{"rendered":"<p>Diese Campingdusche ist leicht zu transportieren und muss nicht in der Luft h\u00e4ngen &#8211; sie hat eine eingebaute Pumpe, mit der man die Kammer unter Druck setzen und duschen oder sie \u00fcberall im Waschbecken verwenden kann. Er ist schwarz, und je l\u00e4nger man ihn in der Sonne liegen l\u00e4sst, desto w\u00e4rmer wird das Wasser (oder man l\u00e4sst ihn im Sommer einfach in einem hei\u00dfen, geschlossenen Auto liegen).<\/p>\n","protected":false},"featured_media":2008843,"comment_status":"open","ping_status":"closed","template":"","meta":{"_kad_blocks_custom_css":"","_kad_blocks_head_custom_js":"","_kad_blocks_body_custom_js":"","_kad_blocks_footer_custom_js":"","_kad_post_transparent":"","_kad_post_title":"","_kad_post_layout":"","_kad_post_sidebar_id":"","_kad_post_content_style":"","_kad_post_vertical_padding":"","_kad_post_feature":"","_kad_post_feature_position":"","_kad_post_header":false,"_kad_post_footer":false,"_kad_post_classname":""},"product_brand":[],"product_cat":[2000940,2000941],"product_tag":[2000885],"class_list":{"0":"post-2008845","1":"product","2":"type-product","3":"status-publish","4":"has-post-thumbnail","6":"product_cat-autoausrustung-zubehor","7":"product_cat-camping-duschen","8":"product_tag-decathlon-de","10":"first","11":"instock","12":"shipping-taxable","13":"product-type-external","14":"entry","15":"content-bg","16":"loop-entry"},"taxonomy_info":{"product_cat":[{"value":2000940,"label":"Autoausr\u00fcstung\/Zubeh\u00f6r"},{"value":2000941,"label":"Camping-Duschen"}],"product_tag":[{"value":2000885,"label":"Decathlon"}]},"featured_image_src_large":["https:\/\/nimblecamper.com\/wp-content\/uploads\/2022\/07\/pressure-solar-camping-shower-10-litres.webp",960,960,false],"author_info":[],"comment_info":0,"_links":{"self":[{"href":"https:\/\/nimblecamper.com\/de\/wp-json\/wp\/v2\/product\/2008845","targetHints":{"allow":["GET"]}}],"collection":[{"href":"https:\/\/nimblecamper.com\/de\/wp-json\/wp\/v2\/product"}],"about":[{"href":"https:\/\/nimblecamper.com\/de\/wp-json\/wp\/v2\/types\/product"}],"replies":[{"embeddable":true,"href":"https:\/\/nimblecamper.com\/de\/wp-json\/wp\/v2\/comments?post=2008845"}],"wp:featuredmedia":[{"embeddable":true,"href":"https:\/\/nimblecamper.com\/de\/wp-json\/wp\/v2\/media\/2008843"}],"wp:attachment":[{"href":"https:\/\/nimblecamper.com\/de\/wp-json\/wp\/v2\/media?parent=2008845"}],"wp:term":[{"taxonomy":"product_brand","embeddable":true,"href":"https:\/\/nimblecamper.com\/de\/wp-json\/wp\/v2\/product_brand?post=2008845"},{"taxonomy":"product_cat","embeddable":true,"href":"https:\/\/nimblecamper.com\/de\/wp-json\/wp\/v2\/product_cat?post=2008845"},{"taxonomy":"product_tag","embeddable":true,"href":"https:\/\/nimblecamper.com\/de\/wp-json\/wp\/v2\/product_tag?post=2008845"}],"curies":[{"name":"wp","href":"https:\/\/api.w.org\/{rel}","templated":true}]}}