{"id":2010208,"date":"2022-08-30T10:25:30","date_gmt":"2022-08-30T10:25:30","guid":{"rendered":"https:\/\/nimblecamper.com\/inflatable-touring-kayak-orange\/"},"modified":"2022-09-06T12:34:23","modified_gmt":"2022-09-06T12:34:23","slug":"inflatable-touring-kayak-orange","status":"publish","type":"product","link":"https:\/\/nimblecamper.com\/de\/inflatable-touring-kayak-orange\/","title":{"rendered":"Kajak aufblasbar Touring 3-Sitzer orange"},"content":{"rendered":"\n<h3 class=\"wp-block-heading\">Volumen<\/h3>\n\n<p>F\u00fcr 2 bis 3 Personen, max. Zuladung 230 kg (507 lbs). Ma\u00dfe aufgeblasen, L\u00e4nge: 382 cm, Breite: 108 cm.<\/p>\n\n<h3 class=\"wp-block-heading\">Einfaches Auf- und Abbauen<\/h3>\n\n<p>Aufgepumpt in 10 Minuten mit max. 1,5 psi (0,1 bar)<\/p>\n\n<h3 class=\"wp-block-heading\">Stabilit\u00e4t<\/h3>\n\n<p>Seitenkammer und breiter, aufblasbarer Boden f\u00fcr gute Stabilit\u00e4t<\/p>\n\n<h3 class=\"wp-block-heading\">Gleitverhalten<\/h3>\n\n<p>Patentierte Bugform f\u00fcr gutes Gleitverhalten. 3 Finnen<\/p>\n\n<h3 class=\"wp-block-heading\">Nutzerkomfort<\/h3>\n\n<p>Erh\u00f6hter Sitz f\u00fcr optimalen Komfort beim Paddeln<\/p>\n\n<h3 class=\"wp-block-heading\">Reparatur<\/h3>\n\n<p>Ersatzteile sind online oder im Servicepoint der DECATHLON Filiale erh\u00e4ltlich.<\/p>\n\n<h3 class=\"wp-block-heading\">Ecodesign<\/h3>\n\n<p>Das Produkt wurde so konzipiert, dass es bei \u00fcber 80 % der F\u00e4lle (Bruch oder Panne) repariert werden kann.<\/p>\n\n<p><strong>GR\u00d6SSE IN DER TASCHE GEFALTEN<br\/><\/strong>H\u00f6he: 73 cm<br\/>Breite: 44 cm<br\/>St\u00e4rke: 33 cm<\/p>\n\n<p>Gewicht: 17 kg<br\/>Maximaler Druck: 0,1 bar (1,5 PSI).<\/p>\n\n<p>Anzahl Pl\u00e4tze: 2- oder 3-Sitzer. I<\/p>\n\n<p>nhalt: Kajak, Tasche, Reparaturset, Finnen.<\/p>\n\n<p>Das Set enth\u00e4lt keine Pumpe und kein Paddel.<br\/>Kein Paddel<br\/>Funktioniert mit Itiwit Doppelhub-Handpumpe mit Multi-Adaptern.<\/p>\n","protected":false},"excerpt":{"rendered":"<p>Aufblasbares Kajak, f\u00fcr halbt\u00e4gige Einsteiger-Touren zu zweit oder zu dritt. Aufblasbares 3-Sitzer-Kajak mit erh\u00f6htem Sitz f\u00fcr mehr Komfort beim Paddeln. Ruhig und kippstabil, ideal f\u00fcr Familienausfl\u00fcge. Erh\u00f6hte Sitze vorne und hinten f\u00fcr mehr Komfort beim Paddeln. Die Sitze werden, je nach Anzahl der Personen im Boot, direkt vor den Bodenmarkierungen angebracht. Vor der Markierung \u201e2+1\u201c (die somit sichtbar bleibt) bei Touren mit 3 Personen. Vor der Markierung \u201e2\u201c bei Touren mit 2 Personen.    <\/p>\n","protected":false},"featured_media":2010209,"comment_status":"open","ping_status":"closed","template":"","meta":{"_kad_blocks_custom_css":"","_kad_blocks_head_custom_js":"","_kad_blocks_body_custom_js":"","_kad_blocks_footer_custom_js":"","_kad_post_transparent":"","_kad_post_title":"","_kad_post_layout":"","_kad_post_sidebar_id":"","_kad_post_content_style":"","_kad_post_vertical_padding":"","_kad_post_feature":"","_kad_post_feature_position":"","_kad_post_header":false,"_kad_post_footer":false,"_kad_post_classname":""},"product_brand":[],"product_cat":[2001104,2000940],"product_tag":[2000885],"class_list":{"0":"post-2010208","1":"product","2":"type-product","3":"status-publish","4":"has-post-thumbnail","6":"product_cat-activities-exercise-equipment-de","7":"product_cat-autoausrustung-zubehor","8":"product_tag-decathlon-de","10":"first","11":"instock","12":"sale","13":"shipping-taxable","14":"product-type-external","15":"entry","16":"content-bg","17":"loop-entry"},"taxonomy_info":{"product_cat":[{"value":2001104,"label":"Aktivit\u00e4ten, Trainingsger\u00e4te"},{"value":2000940,"label":"Autoausr\u00fcstung\/Zubeh\u00f6r"}],"product_tag":[{"value":2000885,"label":"Decathlon"}]},"featured_image_src_large":["https:\/\/nimblecamper.com\/wp-content\/uploads\/2022\/08\/100-23-places-inflatable-touring-kayak-orange-13.webp",960,960,false],"author_info":[],"comment_info":0,"_links":{"self":[{"href":"https:\/\/nimblecamper.com\/de\/wp-json\/wp\/v2\/product\/2010208","targetHints":{"allow":["GET"]}}],"collection":[{"href":"https:\/\/nimblecamper.com\/de\/wp-json\/wp\/v2\/product"}],"about":[{"href":"https:\/\/nimblecamper.com\/de\/wp-json\/wp\/v2\/types\/product"}],"replies":[{"embeddable":true,"href":"https:\/\/nimblecamper.com\/de\/wp-json\/wp\/v2\/comments?post=2010208"}],"wp:featuredmedia":[{"embeddable":true,"href":"https:\/\/nimblecamper.com\/de\/wp-json\/wp\/v2\/media\/2010209"}],"wp:attachment":[{"href":"https:\/\/nimblecamper.com\/de\/wp-json\/wp\/v2\/media?parent=2010208"}],"wp:term":[{"taxonomy":"product_brand","embeddable":true,"href":"https:\/\/nimblecamper.com\/de\/wp-json\/wp\/v2\/product_brand?post=2010208"},{"taxonomy":"product_cat","embeddable":true,"href":"https:\/\/nimblecamper.com\/de\/wp-json\/wp\/v2\/product_cat?post=2010208"},{"taxonomy":"product_tag","embeddable":true,"href":"https:\/\/nimblecamper.com\/de\/wp-json\/wp\/v2\/product_tag?post=2010208"}],"curies":[{"name":"wp","href":"https:\/\/api.w.org\/{rel}","templated":true}]}}