{"id":2010341,"date":"2022-07-26T07:40:52","date_gmt":"2022-09-01T10:29:42","guid":{"rendered":"https:\/\/nimblecamper.com\/jackery-solar-generator-1000-explorer-1000-solarsaga-100w-paket\/"},"modified":"2022-09-06T12:34:23","modified_gmt":"2022-09-06T12:34:23","slug":"jackery-solar-generator-1000-explorer-1000-solarsaga-100w-paket","status":"publish","type":"product","link":"https:\/\/nimblecamper.com\/de\/jackery-solar-generator-1000-explorer-1000-solarsaga-100w-paket\/","title":{"rendered":"Jackery Solar Generator 1000 (Explorer 1000 + SolarSaga 100W Paket)"},"content":{"rendered":"<style>.wp-block-kadence-iconlist.kt-svg-icon-list-items_8882c5-d9:not(.this-stops-third-party-issues){margin-top:0px;margin-bottom:0px;}.wp-block-kadence-iconlist.kt-svg-icon-list-items_8882c5-d9 ul.kt-svg-icon-list:not(.this-prevents-issues):not(.this-stops-third-party-issues):not(.tijsloc){margin-top:0px;margin-right:0px;margin-bottom:var(--global-kb-spacing-sm, 1.5rem);margin-left:0px;}.wp-block-kadence-iconlist.kt-svg-icon-list-items_8882c5-d9 ul.kt-svg-icon-list{grid-row-gap:5px;}.wp-block-kadence-iconlist.kt-svg-icon-list-items_8882c5-d9 ul.kt-svg-icon-list .kt-svg-icon-list-item-wrap .kt-svg-icon-list-single{margin-right:10px;}.kt-svg-icon-list-items_8882c5-d9 ul.kt-svg-icon-list .kt-svg-icon-list-level-0 .kt-svg-icon-list-single svg{font-size:35px;}.kt-svg-icon-list-items_8882c5-d9 ul.kt-svg-icon-list .kt-svg-icon-list-level-1 .kt-svg-icon-list-single svg{font-size:35px;}@media all and (min-width: 1025px){.wp-block-kadence-iconlist.kt-svg-icon-list-items_8882c5-d9:not(.kt-svg-icon-list-columns-1) ul.kt-svg-icon-list .kt-svg-icon-list-item-wrap:not(:last-child){margin:0px;}}@media all and (min-width: 768px) and (max-width: 1024px){.wp-block-kadence-iconlist.kt-svg-icon-list-items_8882c5-d9:not(.kt-tablet-svg-icon-list-columns-1) ul.kt-svg-icon-list .kt-svg-icon-list-item-wrap:not(:last-child){margin:0px;}}@media all and (max-width: 767px){.wp-block-kadence-iconlist.kt-svg-icon-list-items_8882c5-d9:not(.kt-mobile-svg-icon-list-columns-1) ul.kt-svg-icon-list .kt-svg-icon-list-item-wrap:not(:last-child){margin:0px;}}<\/style>\n<div class=\"wp-block-kadence-iconlist kt-svg-icon-list-items kt-svg-icon-list-items_8882c5-d9 kt-svg-icon-list-columns-2 aligncenter\"><ul class=\"kt-svg-icon-list\"><li class=\"kt-svg-icon-list-style-default kt-svg-icon-list-item-wrap kt-svg-icon-list-item-0 kt-svg-icon-list-level-0\"><div style=\"display:inline-flex;justify-content:center;align-items:center;color:var(--global-palette1)\" class=\"kt-svg-icon-list-single kt-svg-icon-list-single-fe_thumbsUp\"><svg style=\"display:inline-block;vertical-align:middle\" viewbox=\"0 0 24 24\" height=\"35\" width=\"35\" fill=\"none\" stroke=\"currentColor\" xmlns=\"http:\/\/www.w3.org\/2000\/svg\" stroke-width=\"2\" stroke-linecap=\"round\" stroke-linejoin=\"round\" aria-hidden=\"true\"><path d=\"M14 9V5a3 3 0 0 0-3-3l-4 9v11h11.28a2 2 0 0 0 2-1.7l1.38-9a2 2 0 0 0-2-2.3zM7 22H4a2 2 0 0 1-2-2v-7a2 2 0 0 1 2-2h3\"><\/path><\/svg><\/div><span class=\"kt-svg-icon-list-text\">(2+1) &#8211; Jahr Garantie<\/span><\/li><li class=\"kt-svg-icon-list-style-default kt-svg-icon-list-item-wrap kt-svg-icon-list-item-1 kt-svg-icon-list-level-0\"><div style=\"display:inline-flex;justify-content:center;align-items:center;color:var(--global-palette1)\" class=\"kt-svg-icon-list-single kt-svg-icon-list-single-fe_thumbsUp\"><svg style=\"display:inline-block;vertical-align:middle\" viewbox=\"0 0 24 24\" height=\"35\" width=\"35\" fill=\"none\" stroke=\"currentColor\" xmlns=\"http:\/\/www.w3.org\/2000\/svg\" stroke-width=\"2\" stroke-linecap=\"round\" stroke-linejoin=\"round\" aria-hidden=\"true\"><path d=\"M14 9V5a3 3 0 0 0-3-3l-4 9v11h11.28a2 2 0 0 0 2-1.7l1.38-9a2 2 0 0 0-2-2.3zM7 22H4a2 2 0 0 1-2-2v-7a2 2 0 0 1 2-2h3\"><\/path><\/svg><\/div><span class=\"kt-svg-icon-list-text\">Lebenslanger Kundensupport<\/span><\/li><\/ul><\/div>\n\n<h3 class=\"wp-block-heading\">EXPLORER 1000 H\u00d6HEPUNKTE<\/h3>\n\n<ul class=\"wp-block-list\"><li>Gr\u00f6\u00dfere Kapazit\u00e4t und h\u00f6here Wattzahlen: 1002Wh (46,4Ah) Lithium-Batteriekapazit\u00e4t, 1000W Nennleistung und 2000W Spitzenleistung.<\/li><\/ul>\n\n<ul class=\"wp-block-list\"><li>Mehrere Ausgangsanschl\u00fcsse: Zwei USB-C, zwei USB, ein DC-Carport und drei AC-Anschl\u00fcsse (mit reiner Sinuswelle) k\u00f6nnen Ihre Kameras, Computer und auch ein CPAP und Elektrogrill aufladen.<\/li><li>Die professionelle MPPT-Technologie sorgt f\u00fcr eine schnellere Aufladung durch die Sonne. Der Explorer 1000 kann schnell und vollst\u00e4ndig innerhalb von 8 Stunden aufgeladen werden, indem zwei SolarSaga 100W Solarmodule mit einem Adapterkabel (im Lieferumfang enthalten) verbunden werden.<\/li><li>Tragbar und kompakt: Er wiegt nur 10 kg und ist mit einem Tragegriff leicht zu transportieren.<\/li><\/ul>\n\n<h3 class=\"wp-block-heading\">SOLAR SAGA 100W H\u00d6HEPUNKTE<\/h3>\n\n<ul class=\"wp-block-list\"><li>Solargenerator mit hohem Umwandlungswirkungsgrad:<br\/>Hoher Umwandlungswirkungsgrad von bis zu 23%, Bau eines tragbaren Solar-Generatorsystems zusammen mit dem Kraftwerk Jackery Explorer 1000\/500\/300\/240\/160.<\/li><li>Solarladeger\u00e4t mit USB-Ausg\u00e4ngen:<br\/>Ausgestattet mit 1* USB-C-Ausgang und 1* USB-A-Ausgang zum gleichzeitigen Laden mehrerer tragbarer Ger\u00e4te.<\/li><li>Leichtes und langlebiges Solarpanel mit Kickstand:<br\/>Das faltbare Design wiegt nur 4 kg. Bequem zu tragen, wohin Sie gehen. Stellen Sie den Winkel mit dem eingebauten St\u00e4nder ein. Aus haltbarem, hochtemperaturbest\u00e4ndigem Material.<\/li><\/ul>\n<style>.kb-image_43e924-bd .kb-image-has-overlay:after{opacity:0.3;}<\/style>\n<div class=\"wp-block-kadence-image kb-image_43e924-bd\"><figure class=\"aligncenter size-large\"><img loading=\"lazy\" decoding=\"async\" width=\"1024\" height=\"682\" src=\"https:\/\/nimblecamper.com\/wp-content\/uploads\/2022\/07\/jackery-1000w-van-1024x682.webp\" alt=\"\" class=\"kb-img wp-image-2009015\" title=\"car camping - Nimblecamper.com\" srcset=\"https:\/\/nimblecamper.com\/wp-content\/uploads\/2022\/07\/jackery-1000w-van-1024x682.webp 1024w, https:\/\/nimblecamper.com\/wp-content\/uploads\/2022\/07\/jackery-1000w-van-300x200.webp 300w, https:\/\/nimblecamper.com\/wp-content\/uploads\/2022\/07\/jackery-1000w-van-768x512.webp 768w, https:\/\/nimblecamper.com\/wp-content\/uploads\/2022\/07\/jackery-1000w-van-1536x1023.webp 1536w, https:\/\/nimblecamper.com\/wp-content\/uploads\/2022\/07\/jackery-1000w-van.webp 1920w\" sizes=\"auto, (max-width: 1024px) 100vw, 1024px\" \/><\/figure><\/div>\n\n<h2 class=\"has-text-align-center wp-block-heading\">Wie lange h\u00e4lt das Jackery-Paket?<\/h2>\n<style>.kb-image_5a22de-ce .kb-image-has-overlay:after{opacity:0.3;}<\/style>\n<div class=\"wp-block-kadence-image kb-image_5a22de-ce\"><figure class=\"aligncenter size-large\"><a href=\"https:\/\/nimblecamper.com\/wp-content\/uploads\/2022\/07\/jackery-example-times.webp\" class=\"kb-advanced-image-link\"><img loading=\"lazy\" decoding=\"async\" width=\"1024\" height=\"732\" src=\"https:\/\/nimblecamper.com\/wp-content\/uploads\/2022\/07\/jackery-example-times-1024x732.webp\" alt=\"\" class=\"kb-img wp-image-2009029\" title=\"car camping - Nimblecamper.com\" srcset=\"https:\/\/nimblecamper.com\/wp-content\/uploads\/2022\/07\/jackery-example-times-1024x732.webp 1024w, https:\/\/nimblecamper.com\/wp-content\/uploads\/2022\/07\/jackery-example-times-300x215.webp 300w, https:\/\/nimblecamper.com\/wp-content\/uploads\/2022\/07\/jackery-example-times-768x549.webp 768w, https:\/\/nimblecamper.com\/wp-content\/uploads\/2022\/07\/jackery-example-times-1536x1098.webp 1536w, https:\/\/nimblecamper.com\/wp-content\/uploads\/2022\/07\/jackery-example-times.webp 1920w\" sizes=\"auto, (max-width: 1024px) 100vw, 1024px\" \/><\/a><\/figure><\/div>\n<style>.kb-image_948237-78 .kb-image-has-overlay:after{opacity:0.3;}<\/style>\n<div class=\"wp-block-kadence-image kb-image_948237-78\"><figure class=\"aligncenter size-full\"><a href=\"https:\/\/uk.jackery.com\/products\/jackery-explorer-1000-2-x-solarsaga-100w-solar-generator?aff=60\" class=\"kb-advanced-image-link\" target=\"_blank\" rel=\"noopener noreferrer nofollow sponsored\"><img loading=\"lazy\" decoding=\"async\" width=\"886\" height=\"366\" src=\"https:\/\/nimblecamper.com\/wp-content\/uploads\/2022\/07\/jackery-reviews.webp\" alt=\"\" class=\"kb-img wp-image-2009031\" title=\"car camping - Nimblecamper.com\" srcset=\"https:\/\/nimblecamper.com\/wp-content\/uploads\/2022\/07\/jackery-reviews.webp 886w, https:\/\/nimblecamper.com\/wp-content\/uploads\/2022\/07\/jackery-reviews-300x124.webp 300w, https:\/\/nimblecamper.com\/wp-content\/uploads\/2022\/07\/jackery-reviews-768x317.webp 768w\" sizes=\"auto, (max-width: 886px) 100vw, 886px\" \/><\/a><\/figure><\/div>\n<style>.wp-block-kadence-advancedbtn.kb-btns_87a563-5c{gap:var(--global-kb-gap-xs, 0.5rem );justify-content:center;align-items:center;}.kt-btns_87a563-5c .kt-button{font-weight:normal;font-style:normal;}.kt-btns_87a563-5c .kt-btn-wrap-0{margin-right:5px;}.wp-block-kadence-advancedbtn.kt-btns_87a563-5c .kt-btn-wrap-0 .kt-button::before{display:none;}<\/style>\n<div class=\"wp-block-kadence-advancedbtn kt-btn-align-center kt-btn-tablet-align-inherit kt-btn-mobile-align-inherit kt-btns-wrap kt-btns_87a563-5c\"><div class=\"kt-btn-wrap kt-btn-wrap-0\"><a class=\"kt-button button kt-btn-0-action kt-btn-size-standard kt-btn-style-basic kt-btn-svg-show-always kt-btn-has-text-true kt-btn-has-svg-false kb-btn-global-inherit wp-block-button__link\" href=\"https:\/\/nimblecamper.com\/jackeryabout\" rel=\"nofollow sponsored\"><span class=\"kt-btn-inner-text\">\u00dcber Jackery &#8211; ihre Geschichte<\/span><\/a><\/div><\/div>\n","protected":false},"excerpt":{"rendered":"<div id=\"s-5248073e-57c2-441b-afd1-01b5e68c864c\" class=\"shg-c shg-align-center\">\n<div class=\"shogun-heading-component\">\n<h2>NETZUNABH\u00c4NGIGER SOLARGENERATOR, GR\u00dcNE UND SAUBERE ENERGIEVERSORGUNG<\/h2>\n<\/div>\n<\/div>\n<div id=\"s-22c145ea-d910-4568-adad-a6ff3e4cac01\" class=\"shg-c \">\n<div class=\"shg-rich-text shg-theme-text-content\">Jackery Explorer 1000 + 2 x SolarSaga 100W Solargenerator ist eine Solarl\u00f6sung, die <strong>Jackery Explorer 1000, eine<\/strong> <strong>tragbare Stromstation, mit 2 x SolarSaga 100W Solarmodulen<\/strong> kombiniert. Es wandelt die von den SolarSaga 100-W-Solarmodulen eingefangene Sonnenenergie in elektrische Energie um und speichert sie dann in der tragbaren Stromstation Explorer 1000 zur sp\u00e4teren Verwendung. Dieser Solargenerator ist eine zuverl\u00e4ssige und saubere Stromquelle f\u00fcr Camper, Wohnmobile oder als Notstromaggregat bei Stromausf\u00e4llen.<\/div>\n<div> <\/div>\n<div class=\"shg-rich-text shg-theme-text-content\">Jackery Explorer 1000 + 2 x SolarSaga 100W Solargenerator ist eine der besten Investitionen f\u00fcr Ihre Outdoor-Party. Er ist gro\u00df genug, um die meisten Ihrer wichtigen Outdoor-Ger\u00e4te und elektronischen Ger\u00e4te wie Mixer, Pellet-Smoker, Eis-Rasierer, Radio und Projektor zu betreiben. Durch sein kompaktes und kabelloses Design ist es tragbar genug, um es auf jede Reise mitzunehmen. Dieser Solargenerator nutzt Sonnenenergie zum Aufladen. Sie m\u00fcssen kein zus\u00e4tzliches Gewicht einpacken. Diese Generatoren sind selbst an den entlegensten Orten n\u00fctzlich und liefern Strom, wenn Sie ihn am meisten brauchen. Wenn Sie unter besonderen Umst\u00e4nden Strom ben\u00f6tigen, kann der Jackery Explorer 1000 + 2 x SolarSaga 100W Solargenerator auch Ihre zuverl\u00e4ssige Notstromversorgung f\u00fcr K\u00fchlschr\u00e4nke, CPAP\/BiPAP, Computer usw. sein.<\/div>\n<\/div>\n","protected":false},"featured_media":2009027,"comment_status":"open","ping_status":"closed","template":"","meta":{"_kad_blocks_custom_css":"","_kad_blocks_head_custom_js":"","_kad_blocks_body_custom_js":"","_kad_blocks_footer_custom_js":"","_kad_post_transparent":"","_kad_post_title":"","_kad_post_layout":"","_kad_post_sidebar_id":"","_kad_post_content_style":"","_kad_post_vertical_padding":"","_kad_post_feature":"","_kad_post_feature_position":"","_kad_post_header":false,"_kad_post_footer":false,"_kad_post_classname":""},"product_brand":[],"product_cat":[2000940,2000972],"product_tag":[2001111],"class_list":{"0":"post-2010341","1":"product","2":"type-product","3":"status-publish","4":"has-post-thumbnail","6":"product_cat-autoausrustung-zubehor","7":"product_cat-campingstrom-solar","8":"product_tag-jackery-de","10":"first","11":"instock","12":"product-type-external","13":"entry","14":"content-bg","15":"loop-entry"},"taxonomy_info":{"product_cat":[{"value":2000940,"label":"Autoausr\u00fcstung\/Zubeh\u00f6r"},{"value":2000972,"label":"Campingstrom, Solar"}],"product_tag":[{"value":2001111,"label":"Jackery"}]},"featured_image_src_large":["https:\/\/nimblecamper.com\/wp-content\/uploads\/2022\/07\/jackery-SG1000_1800x1800-e1659177422993.webp",500,268,false],"author_info":[],"comment_info":0,"_links":{"self":[{"href":"https:\/\/nimblecamper.com\/de\/wp-json\/wp\/v2\/product\/2010341","targetHints":{"allow":["GET"]}}],"collection":[{"href":"https:\/\/nimblecamper.com\/de\/wp-json\/wp\/v2\/product"}],"about":[{"href":"https:\/\/nimblecamper.com\/de\/wp-json\/wp\/v2\/types\/product"}],"replies":[{"embeddable":true,"href":"https:\/\/nimblecamper.com\/de\/wp-json\/wp\/v2\/comments?post=2010341"}],"wp:featuredmedia":[{"embeddable":true,"href":"https:\/\/nimblecamper.com\/de\/wp-json\/wp\/v2\/media\/2009027"}],"wp:attachment":[{"href":"https:\/\/nimblecamper.com\/de\/wp-json\/wp\/v2\/media?parent=2010341"}],"wp:term":[{"taxonomy":"product_brand","embeddable":true,"href":"https:\/\/nimblecamper.com\/de\/wp-json\/wp\/v2\/product_brand?post=2010341"},{"taxonomy":"product_cat","embeddable":true,"href":"https:\/\/nimblecamper.com\/de\/wp-json\/wp\/v2\/product_cat?post=2010341"},{"taxonomy":"product_tag","embeddable":true,"href":"https:\/\/nimblecamper.com\/de\/wp-json\/wp\/v2\/product_tag?post=2010341"}],"curies":[{"name":"wp","href":"https:\/\/api.w.org\/{rel}","templated":true}]}}