{"id":2010343,"date":"2022-07-26T08:35:58","date_gmt":"2022-09-01T10:35:05","guid":{"rendered":"https:\/\/nimblecamper.com\/jackery-solarsaga-100w-solarmodul\/"},"modified":"2022-09-06T12:34:23","modified_gmt":"2022-09-06T12:34:23","slug":"jackery-solarsaga-100w-solarmodul","status":"publish","type":"product","link":"https:\/\/nimblecamper.com\/de\/jackery-solarsaga-100w-solarmodul\/","title":{"rendered":"Jackery SolarSaga 100W Solar Panel"},"content":{"rendered":"<style>.wp-block-kadence-iconlist.kt-svg-icon-list-items_8882c5-d9:not(.this-stops-third-party-issues){margin-top:0px;margin-bottom:0px;}.wp-block-kadence-iconlist.kt-svg-icon-list-items_8882c5-d9 ul.kt-svg-icon-list:not(.this-prevents-issues):not(.this-stops-third-party-issues):not(.tijsloc){margin-top:0px;margin-right:0px;margin-bottom:var(--global-kb-spacing-sm, 1.5rem);margin-left:0px;}.wp-block-kadence-iconlist.kt-svg-icon-list-items_8882c5-d9 ul.kt-svg-icon-list{grid-row-gap:5px;}.wp-block-kadence-iconlist.kt-svg-icon-list-items_8882c5-d9 ul.kt-svg-icon-list .kt-svg-icon-list-item-wrap .kt-svg-icon-list-single{margin-right:10px;}.kt-svg-icon-list-items_8882c5-d9 ul.kt-svg-icon-list .kt-svg-icon-list-level-0 .kt-svg-icon-list-single svg{font-size:35px;}.kt-svg-icon-list-items_8882c5-d9 ul.kt-svg-icon-list .kt-svg-icon-list-level-1 .kt-svg-icon-list-single svg{font-size:35px;}@media all and (min-width: 1025px){.wp-block-kadence-iconlist.kt-svg-icon-list-items_8882c5-d9:not(.kt-svg-icon-list-columns-1) ul.kt-svg-icon-list .kt-svg-icon-list-item-wrap:not(:last-child){margin:0px;}}@media all and (min-width: 768px) and (max-width: 1024px){.wp-block-kadence-iconlist.kt-svg-icon-list-items_8882c5-d9:not(.kt-tablet-svg-icon-list-columns-1) ul.kt-svg-icon-list .kt-svg-icon-list-item-wrap:not(:last-child){margin:0px;}}@media all and (max-width: 767px){.wp-block-kadence-iconlist.kt-svg-icon-list-items_8882c5-d9:not(.kt-mobile-svg-icon-list-columns-1) ul.kt-svg-icon-list .kt-svg-icon-list-item-wrap:not(:last-child){margin:0px;}}<\/style>\n<div class=\"wp-block-kadence-iconlist kt-svg-icon-list-items kt-svg-icon-list-items_8882c5-d9 kt-svg-icon-list-columns-2 aligncenter\"><ul class=\"kt-svg-icon-list\"><li class=\"kt-svg-icon-list-style-default kt-svg-icon-list-item-wrap kt-svg-icon-list-item-0 kt-svg-icon-list-level-0\"><div style=\"display:inline-flex;justify-content:center;align-items:center;color:var(--global-palette1)\" class=\"kt-svg-icon-list-single kt-svg-icon-list-single-fe_thumbsUp\"><svg style=\"display:inline-block;vertical-align:middle\" viewbox=\"0 0 24 24\" height=\"35\" width=\"35\" fill=\"none\" stroke=\"currentColor\" xmlns=\"http:\/\/www.w3.org\/2000\/svg\" stroke-width=\"2\" stroke-linecap=\"round\" stroke-linejoin=\"round\" aria-hidden=\"true\"><path d=\"M14 9V5a3 3 0 0 0-3-3l-4 9v11h11.28a2 2 0 0 0 2-1.7l1.38-9a2 2 0 0 0-2-2.3zM7 22H4a2 2 0 0 1-2-2v-7a2 2 0 0 1 2-2h3\"><\/path><\/svg><\/div><span class=\"kt-svg-icon-list-text\">(2+1) &#8211; Jahr Garantie<\/span><\/li><li class=\"kt-svg-icon-list-style-default kt-svg-icon-list-item-wrap kt-svg-icon-list-item-1 kt-svg-icon-list-level-0\"><div style=\"display:inline-flex;justify-content:center;align-items:center;color:var(--global-palette1)\" class=\"kt-svg-icon-list-single kt-svg-icon-list-single-fe_thumbsUp\"><svg style=\"display:inline-block;vertical-align:middle\" viewbox=\"0 0 24 24\" height=\"35\" width=\"35\" fill=\"none\" stroke=\"currentColor\" xmlns=\"http:\/\/www.w3.org\/2000\/svg\" stroke-width=\"2\" stroke-linecap=\"round\" stroke-linejoin=\"round\" aria-hidden=\"true\"><path d=\"M14 9V5a3 3 0 0 0-3-3l-4 9v11h11.28a2 2 0 0 0 2-1.7l1.38-9a2 2 0 0 0-2-2.3zM7 22H4a2 2 0 0 1-2-2v-7a2 2 0 0 1 2-2h3\"><\/path><\/svg><\/div><span class=\"kt-svg-icon-list-text\">Lebenslanger Kundensupport<\/span><\/li><\/ul><\/div>\n\n<h2 class=\"has-text-align-center wp-block-heading\">Das Beste seiner Klasse von einem weltweit f\u00fchrenden Unternehmen im Bereich tragbarer sauberer Energie<\/h2>\n\n<p>Jeder Camper wei\u00df \u00fcber Jackery Bescheid. Es gibt verschiedene Hersteller von tragbaren Energie- und Kraftwerken, aber es gibt nur einen Jackery. Qualit\u00e4tsprodukte, die sich im Laufe der Zeit bew\u00e4hrt haben und von Millionen von Campern weltweit bevorzugt werden.  <strong>Wenn Sie einen Bausatz wollen, der Ihnen lange erhalten bleibt, kaufen Sie einen Jackery-Bausatz.<\/strong><\/p>\n<style>.kb-image_43e924-bd .kb-image-has-overlay:after{opacity:0.3;}<\/style>\n<div class=\"wp-block-kadence-image kb-image_43e924-bd\"><figure class=\"aligncenter size-full\"><a href=\"https:\/\/nimblecamper.com\/wp-content\/uploads\/2022\/07\/jackery-500-dog.webp\" class=\"kb-advanced-image-link\"><img loading=\"lazy\" decoding=\"async\" width=\"960\" height=\"504\" src=\"https:\/\/nimblecamper.com\/wp-content\/uploads\/2022\/07\/jackery-500-dog.webp\" alt=\"\" class=\"kb-img wp-image-2009040\" title=\"car camping - Nimblecamper.com\" srcset=\"https:\/\/nimblecamper.com\/wp-content\/uploads\/2022\/07\/jackery-500-dog.webp 960w, https:\/\/nimblecamper.com\/wp-content\/uploads\/2022\/07\/jackery-500-dog-300x158.webp 300w, https:\/\/nimblecamper.com\/wp-content\/uploads\/2022\/07\/jackery-500-dog-768x403.webp 768w\" sizes=\"auto, (max-width: 960px) 100vw, 960px\" \/><\/a><\/figure><\/div>\n<style>.kb-image_5a22de-ce .kb-image-has-overlay:after{opacity:0.3;}<\/style>\n<div class=\"wp-block-kadence-image kb-image_5a22de-ce\"><figure class=\"aligncenter size-large\"><a href=\"https:\/\/nimblecamper.com\/wp-content\/uploads\/2022\/07\/jackery-solar-panel-100w.webp\" class=\"kb-advanced-image-link\"><img loading=\"lazy\" decoding=\"async\" width=\"1024\" height=\"512\" src=\"https:\/\/nimblecamper.com\/wp-content\/uploads\/2022\/07\/jackery-solar-panel-100w-1024x512.webp\" alt=\"\" class=\"kb-img wp-image-2009063\" title=\"car camping - Nimblecamper.com\" srcset=\"https:\/\/nimblecamper.com\/wp-content\/uploads\/2022\/07\/jackery-solar-panel-100w-1024x512.webp 1024w, https:\/\/nimblecamper.com\/wp-content\/uploads\/2022\/07\/jackery-solar-panel-100w-300x150.webp 300w, https:\/\/nimblecamper.com\/wp-content\/uploads\/2022\/07\/jackery-solar-panel-100w-768x384.webp 768w, https:\/\/nimblecamper.com\/wp-content\/uploads\/2022\/07\/jackery-solar-panel-100w-1536x768.webp 1536w, https:\/\/nimblecamper.com\/wp-content\/uploads\/2022\/07\/jackery-solar-panel-100w.webp 1920w\" sizes=\"auto, (max-width: 1024px) 100vw, 1024px\" \/><\/a><\/figure><\/div>\n<style>.kb-image_ba739f-c0 .kb-image-has-overlay:after{opacity:0.3;}<\/style>\n<div class=\"wp-block-kadence-image kb-image_ba739f-c0\"><figure class=\"aligncenter size-large\"><a href=\"https:\/\/nimblecamper.com\/wp-content\/uploads\/2022\/07\/jackery-solar-panel-combinations.webp\" class=\"kb-advanced-image-link\"><img loading=\"lazy\" decoding=\"async\" width=\"1024\" height=\"419\" src=\"https:\/\/nimblecamper.com\/wp-content\/uploads\/2022\/07\/jackery-solar-panel-combinations-1024x419.webp\" alt=\"\" class=\"kb-img wp-image-2009065\" title=\"car camping - Nimblecamper.com\" srcset=\"https:\/\/nimblecamper.com\/wp-content\/uploads\/2022\/07\/jackery-solar-panel-combinations-1024x419.webp 1024w, https:\/\/nimblecamper.com\/wp-content\/uploads\/2022\/07\/jackery-solar-panel-combinations-300x123.webp 300w, https:\/\/nimblecamper.com\/wp-content\/uploads\/2022\/07\/jackery-solar-panel-combinations-768x314.webp 768w, https:\/\/nimblecamper.com\/wp-content\/uploads\/2022\/07\/jackery-solar-panel-combinations-1536x628.webp 1536w, https:\/\/nimblecamper.com\/wp-content\/uploads\/2022\/07\/jackery-solar-panel-combinations.webp 1920w\" sizes=\"auto, (max-width: 1024px) 100vw, 1024px\" \/><\/a><\/figure><\/div>\n\n<figure class=\"wp-block-embed is-type-video is-provider-youtube wp-block-embed-youtube wp-embed-aspect-16-9 wp-has-aspect-ratio\"><div class=\"wp-block-embed__wrapper\">\n<iframe loading=\"lazy\" title=\"Jackery SolarSaga 100W solar panel unboxing\" width=\"720\" height=\"405\" src=\"https:\/\/www.youtube-nocookie.com\/embed\/p_3sT1ujLd0?feature=oembed\" frameborder=\"0\" allow=\"accelerometer; autoplay; clipboard-write; encrypted-media; gyroscope; picture-in-picture\" allowfullscreen><\/iframe>\n<\/div><\/figure>\n<style>.kb-image_948237-78 .kb-image-has-overlay:after{opacity:0.3;}<\/style>\n<div class=\"wp-block-kadence-image kb-image_948237-78\"><figure class=\"aligncenter size-full\"><img loading=\"lazy\" decoding=\"async\" width=\"959\" height=\"698\" src=\"https:\/\/nimblecamper.com\/wp-content\/uploads\/2022\/07\/jackery-solar-panel-reviews.webp\" alt=\"\" class=\"kb-img wp-image-2009068\" title=\"car camping - Nimblecamper.com\" srcset=\"https:\/\/nimblecamper.com\/wp-content\/uploads\/2022\/07\/jackery-solar-panel-reviews.webp 959w, https:\/\/nimblecamper.com\/wp-content\/uploads\/2022\/07\/jackery-solar-panel-reviews-300x218.webp 300w, https:\/\/nimblecamper.com\/wp-content\/uploads\/2022\/07\/jackery-solar-panel-reviews-768x559.webp 768w\" sizes=\"auto, (max-width: 959px) 100vw, 959px\" \/><\/figure><\/div>\n<style>.wp-block-kadence-advancedbtn.kb-btns_87a563-5c{gap:var(--global-kb-gap-xs, 0.5rem );justify-content:center;align-items:center;}.kt-btns_87a563-5c .kt-button{font-weight:normal;font-style:normal;}.kt-btns_87a563-5c .kt-btn-wrap-0{margin-right:5px;}.wp-block-kadence-advancedbtn.kt-btns_87a563-5c .kt-btn-wrap-0 .kt-button::before{display:none;}<\/style>\n<div class=\"wp-block-kadence-advancedbtn kt-btn-align-center kt-btn-tablet-align-inherit kt-btn-mobile-align-inherit kt-btns-wrap kt-btns_87a563-5c\"><div class=\"kt-btn-wrap kt-btn-wrap-0\"><a class=\"kt-button button kt-btn-0-action kt-btn-size-standard kt-btn-style-basic kt-btn-svg-show-always kt-btn-has-text-true kt-btn-has-svg-false kb-btn-global-inherit wp-block-button__link\" href=\"https:\/\/nimblecamper.com\/jackeryabout\" rel=\"nofollow sponsored\"><span class=\"kt-btn-inner-text\">\u00dcber Jackery &#8211; ihre Geschichte<\/span><\/a><\/div><\/div>\n","protected":false},"excerpt":{"rendered":"<div id=\"s-5248073e-57c2-441b-afd1-01b5e68c864c\" class=\"shg-c shg-align-center\">\n<div class=\"shogun-heading-component\">\n<div id=\"s-fea1a391-43df-4831-851b-d30a78988977\" class=\"shg-c shg-align-center\">\n<div class=\"shogun-heading-component\">\n<p><strong>Jackery SolarSaga 100W Monokristallines Solarmodul<\/strong>, bleiben Sie geladen mit der Kraft der Sonne! Mit einem hohen Umwandlungswirkungsgrad von bis zu 23 % ist es ideal f\u00fcr das Leben im Freien und selbst f\u00fcr unerwartete Stromausf\u00e4lle geeignet. Das Solarmodul wiegt nur 4 kg, ist leicht, faltbar und mit einem Tragegriff versehen, so dass es besser transportiert werden kann.<\/p>\n<ul class=\"a-unordered-list a-vertical a-spacing-none\">\n<li><span class=\"a-list-item\">Einfacher Aufbau &amp; Kickstand inklusive: Der Solar Saga 100 ist mit 2 St\u00e4ndern ausgestattet, die auf jeder Oberfl\u00e4che fest aufgestellt werden k\u00f6nnen. Nach nur wenigen Sekunden der Einrichtung k\u00f6nnen Sie Ihr Jackery-Kraftwerk mit Sonnenenergie versorgen. Dank des TPE-Gummigriffs k\u00f6nnen Sie es bei Ihren Abenteuern abseits des Netzes leicht mit sich f\u00fchren.<\/span><\/li>\n<li><span class=\"a-list-item\">H\u00f6here Energieumwandlungsrate: Das mit monokristallinen Silizium-Solarzellen bedeckte Solarmodul verwendet eine mehrschichtige Zellentechnologie, um Energie aus dem Sonnenlicht zu erzeugen und einen h\u00f6heren Umwandlungswirkungsgrad von bis zu 23 % als andere herk\u00f6mmliche Module zu erzielen.<\/span><\/li>\n<li><span class=\"a-list-item\">Langlebig und spritzwassergesch\u00fctzt: Das ETFE-laminierte Geh\u00e4use ist haltbar genug, um die Lebensdauer des Solarmoduls zu verl\u00e4ngern. Es ist nach IP65 wasserdicht und sch\u00fctzt vor Spritzwasser (nicht in den Regen stellen oder in Wasser eintauchen). Die Rei\u00dfverschl\u00fcsse an der Tasche k\u00f6nnen die Stromkabel aufnehmen und den Stromanschluss abdecken.<\/span><\/li>\n<li><span class=\"a-list-item\">Kompatibel und vielseitig: Dieses Solarpanel ist kompatibel mit der Jackery Explorer 240\/500\/1000 Power Station (separat erh\u00e4ltlich), ideal f\u00fcr netzunabh\u00e4ngiges Camping und unerwartete Stromausf\u00e4lle. Solar Saga 100 verf\u00fcgt \u00fcber 1* USB-C (5V, 3A) Ausgang und 1* USB-A (5V, 2,4A) Ausgang, um 2 kleine Ger\u00e4te direkt aufzuladen.<\/span><\/li>\n<\/ul>\n<\/div>\n<\/div>\n<\/div>\n<\/div>\n","protected":false},"featured_media":2009078,"comment_status":"open","ping_status":"closed","template":"","meta":{"_kad_blocks_custom_css":"","_kad_blocks_head_custom_js":"","_kad_blocks_body_custom_js":"","_kad_blocks_footer_custom_js":"","_kad_post_transparent":"","_kad_post_title":"","_kad_post_layout":"","_kad_post_sidebar_id":"","_kad_post_content_style":"","_kad_post_vertical_padding":"","_kad_post_feature":"","_kad_post_feature_position":"","_kad_post_header":false,"_kad_post_footer":false,"_kad_post_classname":""},"product_brand":[],"product_cat":[2000940,2000972],"product_tag":[2001111],"class_list":{"0":"post-2010343","1":"product","2":"type-product","3":"status-publish","4":"has-post-thumbnail","6":"product_cat-autoausrustung-zubehor","7":"product_cat-campingstrom-solar","8":"product_tag-jackery-de","10":"first","11":"instock","12":"product-type-external","13":"entry","14":"content-bg","15":"loop-entry"},"taxonomy_info":{"product_cat":[{"value":2000940,"label":"Autoausr\u00fcstung\/Zubeh\u00f6r"},{"value":2000972,"label":"Campingstrom, Solar"}],"product_tag":[{"value":2001111,"label":"Jackery"}]},"featured_image_src_large":["https:\/\/nimblecamper.com\/wp-content\/uploads\/2022\/07\/jackery-solar-panel-1_e939fd17-91e1-45b8-88f2-d84a3e0efc98_1800x1800-1024x1024.webp",1024,1024,true],"author_info":[],"comment_info":0,"_links":{"self":[{"href":"https:\/\/nimblecamper.com\/de\/wp-json\/wp\/v2\/product\/2010343","targetHints":{"allow":["GET"]}}],"collection":[{"href":"https:\/\/nimblecamper.com\/de\/wp-json\/wp\/v2\/product"}],"about":[{"href":"https:\/\/nimblecamper.com\/de\/wp-json\/wp\/v2\/types\/product"}],"replies":[{"embeddable":true,"href":"https:\/\/nimblecamper.com\/de\/wp-json\/wp\/v2\/comments?post=2010343"}],"wp:featuredmedia":[{"embeddable":true,"href":"https:\/\/nimblecamper.com\/de\/wp-json\/wp\/v2\/media\/2009078"}],"wp:attachment":[{"href":"https:\/\/nimblecamper.com\/de\/wp-json\/wp\/v2\/media?parent=2010343"}],"wp:term":[{"taxonomy":"product_brand","embeddable":true,"href":"https:\/\/nimblecamper.com\/de\/wp-json\/wp\/v2\/product_brand?post=2010343"},{"taxonomy":"product_cat","embeddable":true,"href":"https:\/\/nimblecamper.com\/de\/wp-json\/wp\/v2\/product_cat?post=2010343"},{"taxonomy":"product_tag","embeddable":true,"href":"https:\/\/nimblecamper.com\/de\/wp-json\/wp\/v2\/product_tag?post=2010343"}],"curies":[{"name":"wp","href":"https:\/\/api.w.org\/{rel}","templated":true}]}}