{"id":2010346,"date":"2022-07-26T09:07:33","date_gmt":"2022-09-01T10:40:30","guid":{"rendered":"https:\/\/nimblecamper.com\/jackery-explorer-500-tragbares-solargenerator\/"},"modified":"2022-09-06T06:19:22","modified_gmt":"2022-09-06T06:19:22","slug":"jackery-explorer-500-tragbares-solargenerator","status":"publish","type":"product","link":"https:\/\/nimblecamper.com\/de\/jackery-explorer-500-tragbares-solargenerator\/","title":{"rendered":"Jackery Explorer 500 Tragbares Solargenerator"},"content":{"rendered":"<style>.wp-block-kadence-iconlist.kt-svg-icon-list-items_8882c5-d9:not(.this-stops-third-party-issues){margin-top:0px;margin-bottom:0px;}.wp-block-kadence-iconlist.kt-svg-icon-list-items_8882c5-d9 ul.kt-svg-icon-list:not(.this-prevents-issues):not(.this-stops-third-party-issues):not(.tijsloc){margin-top:0px;margin-right:0px;margin-bottom:var(--global-kb-spacing-sm, 1.5rem);margin-left:0px;}.wp-block-kadence-iconlist.kt-svg-icon-list-items_8882c5-d9 ul.kt-svg-icon-list{grid-row-gap:5px;}.wp-block-kadence-iconlist.kt-svg-icon-list-items_8882c5-d9 ul.kt-svg-icon-list .kt-svg-icon-list-item-wrap .kt-svg-icon-list-single{margin-right:10px;}.kt-svg-icon-list-items_8882c5-d9 ul.kt-svg-icon-list .kt-svg-icon-list-level-0 .kt-svg-icon-list-single svg{font-size:35px;}.kt-svg-icon-list-items_8882c5-d9 ul.kt-svg-icon-list .kt-svg-icon-list-level-1 .kt-svg-icon-list-single svg{font-size:35px;}@media all and (min-width: 1025px){.wp-block-kadence-iconlist.kt-svg-icon-list-items_8882c5-d9:not(.kt-svg-icon-list-columns-1) ul.kt-svg-icon-list .kt-svg-icon-list-item-wrap:not(:last-child){margin:0px;}}@media all and (min-width: 768px) and (max-width: 1024px){.wp-block-kadence-iconlist.kt-svg-icon-list-items_8882c5-d9:not(.kt-tablet-svg-icon-list-columns-1) ul.kt-svg-icon-list .kt-svg-icon-list-item-wrap:not(:last-child){margin:0px;}}@media all and (max-width: 767px){.wp-block-kadence-iconlist.kt-svg-icon-list-items_8882c5-d9:not(.kt-mobile-svg-icon-list-columns-1) ul.kt-svg-icon-list .kt-svg-icon-list-item-wrap:not(:last-child){margin:0px;}}<\/style>\n<div class=\"wp-block-kadence-iconlist kt-svg-icon-list-items kt-svg-icon-list-items_8882c5-d9 kt-svg-icon-list-columns-2 aligncenter\"><ul class=\"kt-svg-icon-list\"><li class=\"kt-svg-icon-list-style-default kt-svg-icon-list-item-wrap kt-svg-icon-list-item-0 kt-svg-icon-list-level-0\"><div style=\"display:inline-flex;justify-content:center;align-items:center;color:var(--global-palette1)\" class=\"kt-svg-icon-list-single kt-svg-icon-list-single-fe_thumbsUp\"><svg style=\"display:inline-block;vertical-align:middle\" viewbox=\"0 0 24 24\" height=\"35\" width=\"35\" fill=\"none\" stroke=\"currentColor\" xmlns=\"http:\/\/www.w3.org\/2000\/svg\" stroke-width=\"2\" stroke-linecap=\"round\" stroke-linejoin=\"round\" aria-hidden=\"true\"><path d=\"M14 9V5a3 3 0 0 0-3-3l-4 9v11h11.28a2 2 0 0 0 2-1.7l1.38-9a2 2 0 0 0-2-2.3zM7 22H4a2 2 0 0 1-2-2v-7a2 2 0 0 1 2-2h3\"><\/path><\/svg><\/div><span class=\"kt-svg-icon-list-text\">(2+1) &#8211; Jahr Garantie<\/span><\/li><li class=\"kt-svg-icon-list-style-default kt-svg-icon-list-item-wrap kt-svg-icon-list-item-1 kt-svg-icon-list-level-0\"><div style=\"display:inline-flex;justify-content:center;align-items:center;color:var(--global-palette1)\" class=\"kt-svg-icon-list-single kt-svg-icon-list-single-fe_thumbsUp\"><svg style=\"display:inline-block;vertical-align:middle\" viewbox=\"0 0 24 24\" height=\"35\" width=\"35\" fill=\"none\" stroke=\"currentColor\" xmlns=\"http:\/\/www.w3.org\/2000\/svg\" stroke-width=\"2\" stroke-linecap=\"round\" stroke-linejoin=\"round\" aria-hidden=\"true\"><path d=\"M14 9V5a3 3 0 0 0-3-3l-4 9v11h11.28a2 2 0 0 0 2-1.7l1.38-9a2 2 0 0 0-2-2.3zM7 22H4a2 2 0 0 1-2-2v-7a2 2 0 0 1 2-2h3\"><\/path><\/svg><\/div><span class=\"kt-svg-icon-list-text\">Lebenslanger Kundensupport<\/span><\/li><\/ul><\/div>\n\n<h2 class=\"has-text-align-center wp-block-heading\">Das Beste seiner Klasse von einem weltweit f\u00fchrenden Unternehmen im Bereich tragbarer sauberer Energie<\/h2>\n\n<p>Jeder Camper wei\u00df \u00fcber Jackery Bescheid. Es gibt verschiedene Hersteller von tragbaren Energie- und Kraftwerken, aber es gibt nur einen Jackery. Qualit\u00e4tsprodukte, die sich im Laufe der Zeit bew\u00e4hrt haben und von Millionen von Campern weltweit bevorzugt werden.  <strong>Wenn Sie einen Bausatz wollen, der Ihnen lange erhalten bleibt, kaufen Sie einen Jackery-Bausatz.<\/strong><\/p>\n\n<p class=\"has-text-align-center has-theme-palette-7-background-color has-background\"><em>Dies ist die tragbare Mittelklasse-Stromquelle von Jackery. Es sind auch zwei weitere Versionen erh\u00e4ltlich &#8211; <a href=\"https:\/\/nimblecamper.com\/jackery-explorer-1000-power-station\/\" data-type=\"product\" data-id=\"2009080\">1000<\/a> und <a href=\"https:\/\/nimblecamper.com\/jackery-explorer-240-portable-power-station\/\" data-type=\"product\" data-id=\"2009109\">240<\/a>.<\/em><\/p>\n<style>.kb-image_43e924-bd .kb-image-has-overlay:after{opacity:0.3;}<\/style>\n<div class=\"wp-block-kadence-image kb-image_43e924-bd\"><figure class=\"aligncenter size-large\"><a href=\"https:\/\/nimblecamper.com\/wp-content\/uploads\/2022\/07\/jackery-power-station-500-2.webp\" class=\"kb-advanced-image-link\"><img loading=\"lazy\" decoding=\"async\" width=\"1024\" height=\"682\" src=\"https:\/\/nimblecamper.com\/wp-content\/uploads\/2022\/07\/jackery-power-station-500-2-1024x682.webp\" alt=\"\" class=\"kb-img wp-image-2009111\" title=\"car camping - Nimblecamper.com\" srcset=\"https:\/\/nimblecamper.com\/wp-content\/uploads\/2022\/07\/jackery-power-station-500-2-1024x682.webp 1024w, https:\/\/nimblecamper.com\/wp-content\/uploads\/2022\/07\/jackery-power-station-500-2-300x200.webp 300w, https:\/\/nimblecamper.com\/wp-content\/uploads\/2022\/07\/jackery-power-station-500-2-768x512.webp 768w, https:\/\/nimblecamper.com\/wp-content\/uploads\/2022\/07\/jackery-power-station-500-2.webp 1280w\" sizes=\"auto, (max-width: 1024px) 100vw, 1024px\" \/><\/a><\/figure><\/div>\n<style>.kb-image_5a22de-ce .kb-image-has-overlay:after{opacity:0.3;}<\/style>\n<div class=\"wp-block-kadence-image kb-image_5a22de-ce\"><figure class=\"aligncenter size-large\"><a href=\"https:\/\/nimblecamper.com\/wp-content\/uploads\/2022\/07\/jackery-power-station-500-run-time.webp\" class=\"kb-advanced-image-link\"><img loading=\"lazy\" decoding=\"async\" width=\"1024\" height=\"456\" src=\"https:\/\/nimblecamper.com\/wp-content\/uploads\/2022\/07\/jackery-power-station-500-run-time-1024x456.webp\" alt=\"\" class=\"kb-img wp-image-2009121\" title=\"car camping - Nimblecamper.com\" srcset=\"https:\/\/nimblecamper.com\/wp-content\/uploads\/2022\/07\/jackery-power-station-500-run-time-1024x456.webp 1024w, https:\/\/nimblecamper.com\/wp-content\/uploads\/2022\/07\/jackery-power-station-500-run-time-300x134.webp 300w, https:\/\/nimblecamper.com\/wp-content\/uploads\/2022\/07\/jackery-power-station-500-run-time-768x342.webp 768w, https:\/\/nimblecamper.com\/wp-content\/uploads\/2022\/07\/jackery-power-station-500-run-time-1536x684.webp 1536w, https:\/\/nimblecamper.com\/wp-content\/uploads\/2022\/07\/jackery-power-station-500-run-time.webp 1920w\" sizes=\"auto, (max-width: 1024px) 100vw, 1024px\" \/><\/a><\/figure><\/div>\n<style>.kb-image_948237-78 .kb-image-has-overlay:after{opacity:0.3;}<\/style>\n<div class=\"wp-block-kadence-image kb-image_948237-78\"><figure class=\"aligncenter size-full\"><a href=\"https:\/\/nimblecamper.com\/jackerypowerstation500\" class=\"kb-advanced-image-link\" target=\"_blank\" rel=\"noopener noreferrer nofollow sponsored\"><img loading=\"lazy\" decoding=\"async\" width=\"935\" height=\"559\" src=\"https:\/\/nimblecamper.com\/wp-content\/uploads\/2022\/07\/jackery-power-station-500-reviews.webp\" alt=\"\" class=\"kb-img wp-image-2009117\" title=\"car camping - Nimblecamper.com\" srcset=\"https:\/\/nimblecamper.com\/wp-content\/uploads\/2022\/07\/jackery-power-station-500-reviews.webp 935w, https:\/\/nimblecamper.com\/wp-content\/uploads\/2022\/07\/jackery-power-station-500-reviews-300x179.webp 300w, https:\/\/nimblecamper.com\/wp-content\/uploads\/2022\/07\/jackery-power-station-500-reviews-768x459.webp 768w\" sizes=\"auto, (max-width: 935px) 100vw, 935px\" \/><\/a><\/figure><\/div>\n<style>.wp-block-kadence-advancedbtn.kb-btns_87a563-5c{gap:var(--global-kb-gap-xs, 0.5rem );justify-content:center;align-items:center;}.kt-btns_87a563-5c .kt-button{font-weight:normal;font-style:normal;}.kt-btns_87a563-5c .kt-btn-wrap-0{margin-right:5px;}.wp-block-kadence-advancedbtn.kt-btns_87a563-5c .kt-btn-wrap-0 .kt-button::before{display:none;}<\/style>\n<div class=\"wp-block-kadence-advancedbtn kt-btn-align-center kt-btn-tablet-align-inherit kt-btn-mobile-align-inherit kt-btns-wrap kt-btns_87a563-5c\"><div class=\"kt-btn-wrap kt-btn-wrap-0\"><a class=\"kt-button button kt-btn-0-action kt-btn-size-standard kt-btn-style-basic kt-btn-svg-show-always kt-btn-has-text-true kt-btn-has-svg-false kb-btn-global-inherit wp-block-button__link\" href=\"https:\/\/nimblecamper.com\/jackeryabout\" rel=\"nofollow sponsored\"><span class=\"kt-btn-inner-text\">\u00dcber Jackery &#8211; ihre Geschichte<\/span><\/a><\/div><\/div>\n","protected":false},"excerpt":{"rendered":"<div id=\"s-5248073e-57c2-441b-afd1-01b5e68c864c\" class=\"shg-c shg-align-center\">\n<div class=\"shogun-heading-component\">\n<div id=\"s-fea1a391-43df-4831-851b-d30a78988977\" class=\"shg-c shg-align-center\">\n<div class=\"shogun-heading-component\">\n<p><strong>Der Jackery Explorer 500<\/strong> ist ein tragbares 518-Wh-Lithium-Kraftwerk. Er ist einer der leichtesten und tragbarsten wiederaufladbaren Lithium-Batteriegeneratoren auf dem Markt.<\/p>\n<ul role=\"presentation\">\n<li role=\"presentation\">Gro\u00dfe Kapazit\u00e4t: Der Jackery Explorer 500 verf\u00fcgt \u00fcber einen 518-Wattstunden-Lithium-Ionen-Akku (24Ah, 21,6V) und einen reinen Sinus-Wechselrichter. Es verf\u00fcgt \u00fcber 1* AC-Steckdose (230V 500W 1000W peak), 3*USB-A-Anschl\u00fcsse, 2* DC-Anschl\u00fcsse und 1* Autoanschluss f\u00fcr den Betrieb von Ger\u00e4ten mit niedrigem bis hohem Stromverbrauch, einschlie\u00dflich Mini-K\u00fchlschrank, Luftpumpe und Fernseher.<\/li>\n<li role=\"presentation\">Entwickelt f\u00fcr Portabilit\u00e4t: Das tragbare Kraftwerk Jackery Explorer 500 ist etwa so gro\u00df wie ein Basketball und hat einen stabilen Griff. Durch sein einfaches und kompaktes Design eignet sich der Jackery Explorer 500 perfekt f\u00fcr Wohnmobil-Camping und Road-Trips.<\/li>\n<li role=\"presentation\">Vier M\u00f6glichkeiten zum Aufladen: Der Explorer 500 verf\u00fcgt \u00fcber einen hochwertigen integrierten MPPT-Laderegler. In Verbindung mit dem Jackery <a class=\"js-no-transition\" href=\"https:\/\/nimblecamper.com\/jackery-solarsaga-100w-solar-panel\/\" target=\"_blank\" rel=\"noopener\" data-acsb-tooltip=\"Jackery SolarSaga 100W Solar Panel | New Window\" data-acsb-clickable=\"true\" data-acsb-navigable=\"true\" data-acsb-now-navigable=\"true\">SolarSaga 100W-Solarmodul <\/a>(separat erh\u00e4ltlich) ist ein schnelles und einfaches Aufladen durch Solarenergie m\u00f6glich. Sie k\u00f6nnen den Explorer 500 auch \u00fcber eine Steckdose, eine Steckdose im Auto oder einen Stromgenerator aufladen.<\/li>\n<\/ul>\n<\/div>\n<\/div>\n<\/div>\n<\/div>\n","protected":false},"featured_media":2009129,"comment_status":"open","ping_status":"closed","template":"","meta":{"_kad_blocks_custom_css":"","_kad_blocks_head_custom_js":"","_kad_blocks_body_custom_js":"","_kad_blocks_footer_custom_js":"","_kad_post_transparent":"","_kad_post_title":"","_kad_post_layout":"","_kad_post_sidebar_id":"","_kad_post_content_style":"","_kad_post_vertical_padding":"","_kad_post_feature":"","_kad_post_feature_position":"","_kad_post_header":false,"_kad_post_footer":false,"_kad_post_classname":""},"product_brand":[],"product_cat":[2000940,2000972],"product_tag":[2001111],"class_list":{"0":"post-2010346","1":"product","2":"type-product","3":"status-publish","4":"has-post-thumbnail","6":"product_cat-autoausrustung-zubehor","7":"product_cat-campingstrom-solar","8":"product_tag-jackery-de","10":"first","11":"instock","12":"product-type-external","13":"entry","14":"content-bg","15":"loop-entry"},"taxonomy_info":{"product_cat":[{"value":2000940,"label":"Autoausr\u00fcstung\/Zubeh\u00f6r"},{"value":2000972,"label":"Campingstrom, Solar"}],"product_tag":[{"value":2001111,"label":"Jackery"}]},"featured_image_src_large":["https:\/\/nimblecamper.com\/wp-content\/uploads\/2022\/07\/jackery-power-station-500-500_1800x1800.webp",500,500,false],"author_info":[],"comment_info":0,"_links":{"self":[{"href":"https:\/\/nimblecamper.com\/de\/wp-json\/wp\/v2\/product\/2010346","targetHints":{"allow":["GET"]}}],"collection":[{"href":"https:\/\/nimblecamper.com\/de\/wp-json\/wp\/v2\/product"}],"about":[{"href":"https:\/\/nimblecamper.com\/de\/wp-json\/wp\/v2\/types\/product"}],"replies":[{"embeddable":true,"href":"https:\/\/nimblecamper.com\/de\/wp-json\/wp\/v2\/comments?post=2010346"}],"wp:featuredmedia":[{"embeddable":true,"href":"https:\/\/nimblecamper.com\/de\/wp-json\/wp\/v2\/media\/2009129"}],"wp:attachment":[{"href":"https:\/\/nimblecamper.com\/de\/wp-json\/wp\/v2\/media?parent=2010346"}],"wp:term":[{"taxonomy":"product_brand","embeddable":true,"href":"https:\/\/nimblecamper.com\/de\/wp-json\/wp\/v2\/product_brand?post=2010346"},{"taxonomy":"product_cat","embeddable":true,"href":"https:\/\/nimblecamper.com\/de\/wp-json\/wp\/v2\/product_cat?post=2010346"},{"taxonomy":"product_tag","embeddable":true,"href":"https:\/\/nimblecamper.com\/de\/wp-json\/wp\/v2\/product_tag?post=2010346"}],"curies":[{"name":"wp","href":"https:\/\/api.w.org\/{rel}","templated":true}]}}