{"id":2010347,"date":"2022-07-26T09:07:36","date_gmt":"2022-09-01T10:42:04","guid":{"rendered":"https:\/\/nimblecamper.com\/jackery-explorer-240-tragbare-powerstation\/"},"modified":"2022-09-06T06:19:22","modified_gmt":"2022-09-06T06:19:22","slug":"jackery-explorer-240-tragbare-powerstation","status":"publish","type":"product","link":"https:\/\/nimblecamper.com\/de\/jackery-explorer-240-tragbare-powerstation\/","title":{"rendered":"Jackery Explorer 240 Tragbare Powerstation"},"content":{"rendered":"<style>.wp-block-kadence-iconlist.kt-svg-icon-list-items_8882c5-d9:not(.this-stops-third-party-issues){margin-top:0px;margin-bottom:0px;}.wp-block-kadence-iconlist.kt-svg-icon-list-items_8882c5-d9 ul.kt-svg-icon-list:not(.this-prevents-issues):not(.this-stops-third-party-issues):not(.tijsloc){margin-top:0px;margin-right:0px;margin-bottom:var(--global-kb-spacing-sm, 1.5rem);margin-left:0px;}.wp-block-kadence-iconlist.kt-svg-icon-list-items_8882c5-d9 ul.kt-svg-icon-list{grid-row-gap:5px;}.wp-block-kadence-iconlist.kt-svg-icon-list-items_8882c5-d9 ul.kt-svg-icon-list .kt-svg-icon-list-item-wrap .kt-svg-icon-list-single{margin-right:10px;}.kt-svg-icon-list-items_8882c5-d9 ul.kt-svg-icon-list .kt-svg-icon-list-level-0 .kt-svg-icon-list-single svg{font-size:35px;}.kt-svg-icon-list-items_8882c5-d9 ul.kt-svg-icon-list .kt-svg-icon-list-level-1 .kt-svg-icon-list-single svg{font-size:35px;}@media all and (min-width: 1025px){.wp-block-kadence-iconlist.kt-svg-icon-list-items_8882c5-d9:not(.kt-svg-icon-list-columns-1) ul.kt-svg-icon-list .kt-svg-icon-list-item-wrap:not(:last-child){margin:0px;}}@media all and (min-width: 768px) and (max-width: 1024px){.wp-block-kadence-iconlist.kt-svg-icon-list-items_8882c5-d9:not(.kt-tablet-svg-icon-list-columns-1) ul.kt-svg-icon-list .kt-svg-icon-list-item-wrap:not(:last-child){margin:0px;}}@media all and (max-width: 767px){.wp-block-kadence-iconlist.kt-svg-icon-list-items_8882c5-d9:not(.kt-mobile-svg-icon-list-columns-1) ul.kt-svg-icon-list .kt-svg-icon-list-item-wrap:not(:last-child){margin:0px;}}<\/style>\n<div class=\"wp-block-kadence-iconlist kt-svg-icon-list-items kt-svg-icon-list-items_8882c5-d9 kt-svg-icon-list-columns-2 aligncenter\"><ul class=\"kt-svg-icon-list\"><li class=\"kt-svg-icon-list-style-default kt-svg-icon-list-item-wrap kt-svg-icon-list-item-0 kt-svg-icon-list-level-0\"><div style=\"display:inline-flex;justify-content:center;align-items:center;color:var(--global-palette1)\" class=\"kt-svg-icon-list-single kt-svg-icon-list-single-fe_thumbsUp\"><svg style=\"display:inline-block;vertical-align:middle\" viewbox=\"0 0 24 24\" height=\"35\" width=\"35\" fill=\"none\" stroke=\"currentColor\" xmlns=\"http:\/\/www.w3.org\/2000\/svg\" stroke-width=\"2\" stroke-linecap=\"round\" stroke-linejoin=\"round\" aria-hidden=\"true\"><path d=\"M14 9V5a3 3 0 0 0-3-3l-4 9v11h11.28a2 2 0 0 0 2-1.7l1.38-9a2 2 0 0 0-2-2.3zM7 22H4a2 2 0 0 1-2-2v-7a2 2 0 0 1 2-2h3\"><\/path><\/svg><\/div><span class=\"kt-svg-icon-list-text\">(2+1) &#8211; Jahr Garantie<\/span><\/li><li class=\"kt-svg-icon-list-style-default kt-svg-icon-list-item-wrap kt-svg-icon-list-item-1 kt-svg-icon-list-level-0\"><div style=\"display:inline-flex;justify-content:center;align-items:center;color:var(--global-palette1)\" class=\"kt-svg-icon-list-single kt-svg-icon-list-single-fe_thumbsUp\"><svg style=\"display:inline-block;vertical-align:middle\" viewbox=\"0 0 24 24\" height=\"35\" width=\"35\" fill=\"none\" stroke=\"currentColor\" xmlns=\"http:\/\/www.w3.org\/2000\/svg\" stroke-width=\"2\" stroke-linecap=\"round\" stroke-linejoin=\"round\" aria-hidden=\"true\"><path d=\"M14 9V5a3 3 0 0 0-3-3l-4 9v11h11.28a2 2 0 0 0 2-1.7l1.38-9a2 2 0 0 0-2-2.3zM7 22H4a2 2 0 0 1-2-2v-7a2 2 0 0 1 2-2h3\"><\/path><\/svg><\/div><span class=\"kt-svg-icon-list-text\">Lebenslanger Kundensupport<\/span><\/li><\/ul><\/div>\n\n<h2 class=\"has-text-align-center wp-block-heading\">Das Beste seiner Klasse von einem weltweit f\u00fchrenden Unternehmen im Bereich tragbarer sauberer Energie<\/h2>\n\n<p>Jeder Camper wei\u00df \u00fcber Jackery Bescheid. Es gibt verschiedene Hersteller von tragbaren Energie- und Kraftwerken, aber es gibt nur einen Jackery. Qualit\u00e4tsprodukte, die sich im Laufe der Zeit bew\u00e4hrt haben und von Millionen von Campern weltweit bevorzugt werden.  <strong>Wenn Sie einen Bausatz wollen, der Ihnen lange erhalten bleibt, kaufen Sie einen Jackery-Bausatz.<\/strong><\/p>\n\n<p class=\"has-text-align-center has-theme-palette-7-background-color has-background\">Dies ist die erste tragbare Power Station von Jackery. Es sind noch zwei weitere Versionen erh\u00e4ltlich &#8211; <a href=\"https:\/\/nimblecamper.com\/jackery-explorer-1000-power-station\/\" data-type=\"product\" data-id=\"2009080\">1000<\/a> und <a href=\"https:\/\/nimblecamper.com\/jackery-explorer-500-portable-power-station\/\" data-type=\"product\" data-id=\"2009108\">500<\/a>.<\/p>\n<style>.kb-image_43e924-bd .kb-image-has-overlay:after{opacity:0.3;}<\/style>\n<div class=\"wp-block-kadence-image kb-image_43e924-bd\"><figure class=\"aligncenter size-large\"><a href=\"https:\/\/nimblecamper.com\/wp-content\/uploads\/2022\/07\/jackery-power-station-240-2.webp\" class=\"kb-advanced-image-link\"><img loading=\"lazy\" decoding=\"async\" width=\"1024\" height=\"513\" src=\"https:\/\/nimblecamper.com\/wp-content\/uploads\/2022\/07\/jackery-power-station-240-2-1024x513.webp\" alt=\"\" class=\"kb-img wp-image-2009136\" title=\"car camping - Nimblecamper.com\" srcset=\"https:\/\/nimblecamper.com\/wp-content\/uploads\/2022\/07\/jackery-power-station-240-2-1024x513.webp 1024w, https:\/\/nimblecamper.com\/wp-content\/uploads\/2022\/07\/jackery-power-station-240-2-300x150.webp 300w, https:\/\/nimblecamper.com\/wp-content\/uploads\/2022\/07\/jackery-power-station-240-2-768x385.webp 768w, https:\/\/nimblecamper.com\/wp-content\/uploads\/2022\/07\/jackery-power-station-240-2.webp 1280w\" sizes=\"auto, (max-width: 1024px) 100vw, 1024px\" \/><\/a><\/figure><\/div>\n<style>.kb-image_5a22de-ce .kb-image-has-overlay:after{opacity:0.3;}<\/style>\n<div class=\"wp-block-kadence-image kb-image_5a22de-ce\"><figure class=\"aligncenter size-large\"><a href=\"https:\/\/nimblecamper.com\/wp-content\/uploads\/2022\/07\/jackery-power-station-240-run-time.webp\" class=\"kb-advanced-image-link\"><img loading=\"lazy\" decoding=\"async\" width=\"1024\" height=\"409\" src=\"https:\/\/nimblecamper.com\/wp-content\/uploads\/2022\/07\/jackery-power-station-240-run-time-1024x409.webp\" alt=\"\" class=\"kb-img wp-image-2009146\" title=\"car camping - Nimblecamper.com\" srcset=\"https:\/\/nimblecamper.com\/wp-content\/uploads\/2022\/07\/jackery-power-station-240-run-time-1024x409.webp 1024w, https:\/\/nimblecamper.com\/wp-content\/uploads\/2022\/07\/jackery-power-station-240-run-time-300x120.webp 300w, https:\/\/nimblecamper.com\/wp-content\/uploads\/2022\/07\/jackery-power-station-240-run-time-768x306.webp 768w, https:\/\/nimblecamper.com\/wp-content\/uploads\/2022\/07\/jackery-power-station-240-run-time-1536x613.webp 1536w, https:\/\/nimblecamper.com\/wp-content\/uploads\/2022\/07\/jackery-power-station-240-run-time.webp 1920w\" sizes=\"auto, (max-width: 1024px) 100vw, 1024px\" \/><\/a><\/figure><\/div>\n\n<figure class=\"wp-block-embed is-type-video is-provider-youtube wp-block-embed-youtube wp-embed-aspect-16-9 wp-has-aspect-ratio\"><div class=\"wp-block-embed__wrapper\">\n<iframe loading=\"lazy\" title=\"Jackery Explorer 240 Portable Power Station for Camping and Outdoors\" width=\"720\" height=\"405\" src=\"https:\/\/www.youtube-nocookie.com\/embed\/PyrUJKmdX08?feature=oembed\" frameborder=\"0\" allow=\"accelerometer; autoplay; clipboard-write; encrypted-media; gyroscope; picture-in-picture\" allowfullscreen><\/iframe>\n<\/div><\/figure>\n<style>.wp-block-kadence-advancedbtn.kb-btns_87a563-5c{gap:var(--global-kb-gap-xs, 0.5rem );justify-content:center;align-items:center;}.kt-btns_87a563-5c .kt-button{font-weight:normal;font-style:normal;}.kt-btns_87a563-5c .kt-btn-wrap-0{margin-right:5px;}.wp-block-kadence-advancedbtn.kt-btns_87a563-5c .kt-btn-wrap-0 .kt-button::before{display:none;}<\/style>\n<div class=\"wp-block-kadence-advancedbtn kt-btn-align-center kt-btn-tablet-align-inherit kt-btn-mobile-align-inherit kt-btns-wrap kt-btns_87a563-5c\"><div class=\"kt-btn-wrap kt-btn-wrap-0\"><a class=\"kt-button button kt-btn-0-action kt-btn-size-standard kt-btn-style-basic kt-btn-svg-show-always kt-btn-has-text-true kt-btn-has-svg-false kb-btn-global-inherit wp-block-button__link\" href=\"https:\/\/nimblecamper.com\/jackeryaboutde\" rel=\"nofollow sponsored\"><span class=\"kt-btn-inner-text\">\u00dcber Jackery &#8211; ihre Geschichte<\/span><\/a><\/div><\/div>\n","protected":false},"excerpt":{"rendered":"<div id=\"s-5248073e-57c2-441b-afd1-01b5e68c864c\" class=\"shg-c shg-align-center\">\n<div class=\"shogun-heading-component\">\n<div id=\"s-fea1a391-43df-4831-851b-d30a78988977\" class=\"shg-c shg-align-center\">\n<div class=\"shogun-heading-component\">\n<ul role=\"presentation\">\n<li role=\"presentation\">Enthalten in der &#8222;<a href=\"https:\/\/www.digitaltrends.com\/outdoors\/best-portable-power-stations\/\" target=\"_blank\" rel=\"noopener\"><br \/>\n  <strong>Beste tragbare Power Station f\u00fcr den Einsatz im Freien<\/strong><br \/>\n<\/a>&#8220; von Digital Trends<\/li>\n<li role=\"presentation\">Multifunktionale Ausg\u00e4nge: Der Jackery Explorer 240 verf\u00fcgt \u00fcber einen 240-Wattstunden-Lithium-Ionen-Akku (16,8Ah, 14,4V). Es verf\u00fcgt \u00fcber 1* AC-Steckdose (230V 200W, 400W peak), 2* USB-A-Anschl\u00fcsse und 1* DC Carport. Versorgen Sie viele Ger\u00e4te wie Telefon, Laptop, Licht, Ventilator, Mini-K\u00fchlbox usw. mit dem reinen Sinus-Wechselrichter.<\/li>\n<li role=\"presentation\">Eine hervorragende Einstiegsl\u00f6sung f\u00fcr die Stromversorgung im Freien: Eine solide tragbare Stromversorgungsl\u00f6sung, mit der Sie Ihr iPhone, Ihren Laptop und Ihre Lampen beim Camping oder bei der Arbeit von zu Hause aus mit Strom versorgen k\u00f6nnen. Der leichtgewichtige Jackery Explorer 240 hat einen stabilen Griff zum einfachen Tragen. Durch die einfache Bedienung per Knopfdruck ist es \u00fcberall leicht zu benutzen.<\/li>\n<li role=\"presentation\">Gr\u00fcner Solargenerator: Der Jackery Explorer 240 verf\u00fcgt \u00fcber einen eingebauten MPPT-Controller f\u00fcr maximale umweltfreundliche Solarladeeffizienz mit dem <a class=\"js-no-transition\" href=\"https:\/\/nimblecamper.com\/jackery-solarsaga-100w-solar-panel\/\" target=\"_blank\" rel=\"noopener\" data-acsb-clickable=\"true\" data-acsb-navigable=\"true\" data-acsb-now-navigable=\"true\">SolarSaga 100W<\/a> Solarmodul (separat erh\u00e4ltlich). Sie k\u00f6nnen den Explorer 240 auch \u00fcber eine Steckdose, eine Steckdose im Auto oder einen Generator aufladen.<\/li>\n<\/ul>\n<\/div>\n<\/div>\n<\/div>\n<\/div>\n","protected":false},"featured_media":2009158,"comment_status":"open","ping_status":"closed","template":"","meta":{"_kad_blocks_custom_css":"","_kad_blocks_head_custom_js":"","_kad_blocks_body_custom_js":"","_kad_blocks_footer_custom_js":"","_kad_post_transparent":"","_kad_post_title":"","_kad_post_layout":"","_kad_post_sidebar_id":"","_kad_post_content_style":"","_kad_post_vertical_padding":"","_kad_post_feature":"","_kad_post_feature_position":"","_kad_post_header":false,"_kad_post_footer":false,"_kad_post_classname":""},"product_brand":[],"product_cat":[2000940,2000972],"product_tag":[2001111],"class_list":{"0":"post-2010347","1":"product","2":"type-product","3":"status-publish","4":"has-post-thumbnail","6":"product_cat-autoausrustung-zubehor","7":"product_cat-campingstrom-solar","8":"product_tag-jackery-de","10":"first","11":"instock","12":"product-type-external","13":"entry","14":"content-bg","15":"loop-entry"},"taxonomy_info":{"product_cat":[{"value":2000940,"label":"Autoausr\u00fcstung\/Zubeh\u00f6r"},{"value":2000972,"label":"Campingstrom, Solar"}],"product_tag":[{"value":2001111,"label":"Jackery"}]},"featured_image_src_large":["https:\/\/nimblecamper.com\/wp-content\/uploads\/2022\/07\/jackery-power-station-240-240_1800x1800.webp",500,500,false],"author_info":[],"comment_info":0,"_links":{"self":[{"href":"https:\/\/nimblecamper.com\/de\/wp-json\/wp\/v2\/product\/2010347","targetHints":{"allow":["GET"]}}],"collection":[{"href":"https:\/\/nimblecamper.com\/de\/wp-json\/wp\/v2\/product"}],"about":[{"href":"https:\/\/nimblecamper.com\/de\/wp-json\/wp\/v2\/types\/product"}],"replies":[{"embeddable":true,"href":"https:\/\/nimblecamper.com\/de\/wp-json\/wp\/v2\/comments?post=2010347"}],"wp:featuredmedia":[{"embeddable":true,"href":"https:\/\/nimblecamper.com\/de\/wp-json\/wp\/v2\/media\/2009158"}],"wp:attachment":[{"href":"https:\/\/nimblecamper.com\/de\/wp-json\/wp\/v2\/media?parent=2010347"}],"wp:term":[{"taxonomy":"product_brand","embeddable":true,"href":"https:\/\/nimblecamper.com\/de\/wp-json\/wp\/v2\/product_brand?post=2010347"},{"taxonomy":"product_cat","embeddable":true,"href":"https:\/\/nimblecamper.com\/de\/wp-json\/wp\/v2\/product_cat?post=2010347"},{"taxonomy":"product_tag","embeddable":true,"href":"https:\/\/nimblecamper.com\/de\/wp-json\/wp\/v2\/product_tag?post=2010347"}],"curies":[{"name":"wp","href":"https:\/\/api.w.org\/{rel}","templated":true}]}}