{"id":2010420,"date":"2022-05-14T14:36:19","date_gmt":"2022-09-07T15:43:15","guid":{"rendered":"https:\/\/nimblecamper.com\/dometic-hub-air-modularer-unterstand\/"},"modified":"2023-02-15T13:38:16","modified_gmt":"2023-02-15T13:38:16","slug":"dometic-hub-air-modularer-unterstand","status":"publish","type":"product","link":"https:\/\/nimblecamper.com\/de\/dometic-hub-air-modularer-unterstand\/","title":{"rendered":"Dometic HUB Air Modularer Unterstand"},"content":{"rendered":"\n<h2 class=\"wp-block-heading\">Dometic HUB Air Modular Shelter SUV\/Auto-Zelt Installationsvideo:<\/h2>\n\n<figure class=\"wp-block-embed is-type-video is-provider-youtube wp-block-embed-youtube wp-embed-aspect-16-9 wp-has-aspect-ratio\"><div class=\"wp-block-embed__wrapper\">\n<iframe loading=\"lazy\" title=\"DOMETIC | How To Set Up Your HUB - Inflatable Outdoor Activity Shelter\" width=\"720\" height=\"405\" src=\"https:\/\/www.youtube-nocookie.com\/embed\/uYXDKMbZXs4?feature=oembed\" frameborder=\"0\" allow=\"accelerometer; autoplay; clipboard-write; encrypted-media; gyroscope; picture-in-picture\" allowfullscreen><\/iframe>\n<\/div><\/figure>\n","protected":false},"excerpt":{"rendered":"<p>Dieses <strong>Auto-\/SUV-Zelt<\/strong> bietet ein sehr cooles Design und ich liebe die Vielseitigkeit &#8211; es passt in SUVs, MPVs und Wohnmobile. Sie k\u00f6nnen es freistehend am Strand, auf dem Gel\u00e4nde Ihres Wohnmobils oder als wertvollen Unterschlupf bei Gel\u00e4ndefahrten mit Ihrem 4\u00d74 aufstellen.<br \/>\nDas beste Merkmal ist die M\u00f6glichkeit, ALLE 4 W\u00c4NDE zu entfernen (den Rei\u00dfverschluss zu \u00f6ffnen) &#8211; das macht es zu einem Vorzelt + Zelt in einem!<\/p>\n<p>Sie k\u00f6nnen ihn dann mit Zubeh\u00f6r weiter modifizieren: mit einem Anbau, Netzpaneelen, Wandpaneelen und Verbindungstunneln f\u00fcr SUVs und Wohnmobile. Die Air Frame-Technologie zum Aufblasen an einem Punkt und die QuickPitch-Gurte sorgen daf\u00fcr, dass Sie das Zelt im Handumdrehen aufstellen und die Natur genie\u00dfen k\u00f6nnen.<\/p>\n<ul>\n<li>Breite:230cm<\/li>\n<li>Tiefe:230cm<\/li>\n<li>Gewicht: 13,8 kg<\/li>\n<li>Anbauh\u00f6he: 180-210cm (passt sowohl f\u00fcr Heckklappe als auch f\u00fcr Seitent\u00fcr, <a class=\"wpil_keyword_link\" href=\"https:\/\/nimblecamper.com\/best-cars-for-camping\/mpv-minivan\/\"   title=\"MPV\" data-wpil-keyword-link=\"linked\">MPV<\/a>, SUV, Multivan)<\/li>\n<li>Es muss keine Schiene befestigt werden<\/li>\n<li>Fenster haben Moskitonetze<\/li>\n<li>Airframe\u2122 &#8211; Einzelpunktaufblasung AIR Frame-Markisen werden vollst\u00e4ndig von nur einem externen Aufblaspunkt aus aufgeblasen, wodurch eine au\u00dfergew\u00f6hnlich stabile Struktur entsteht<\/li>\n<li>Alle W\u00e4nde sind abnehmbar<\/li>\n<li>Campingworld.de bietet ein R\u00fcckgaberecht von 365 Tagen<\/li>\n<\/ul>\n","protected":false},"featured_media":1006589,"comment_status":"open","ping_status":"closed","template":"","meta":{"_kad_blocks_custom_css":"","_kad_blocks_head_custom_js":"","_kad_blocks_body_custom_js":"","_kad_blocks_footer_custom_js":"","_kad_post_transparent":"","_kad_post_title":"","_kad_post_layout":"","_kad_post_sidebar_id":"","_kad_post_content_style":"","_kad_post_vertical_padding":"","_kad_post_feature":"","_kad_post_feature_position":"","_kad_post_header":false,"_kad_post_footer":false,"_kad_post_classname":""},"product_brand":[],"product_cat":[2000884,2000940],"product_tag":[],"class_list":{"0":"post-2010420","1":"product","2":"type-product","3":"status-publish","4":"has-post-thumbnail","6":"product_cat-auto-suv-zelte-und-vorzelte","7":"product_cat-autoausrustung-zubehor","8":"pa_available-in-eu-de","9":"pa_available-in-uk-de","11":"first","12":"instock","13":"shipping-taxable","14":"product-type-external","15":"entry","16":"content-bg","17":"loop-entry"},"taxonomy_info":{"product_cat":[{"value":2000884,"label":"Auto-\/SUV-Zelte und Vorzelte"},{"value":2000940,"label":"Autoausr\u00fcstung\/Zubeh\u00f6r"}],"pa_available-in":[{"value":1000545,"label":"EU"},{"value":1000705,"label":"UK"}]},"featured_image_src_large":["https:\/\/nimblecamper.com\/wp-content\/uploads\/2021\/05\/dometic-1.webp",700,700,false],"author_info":[],"comment_info":0,"_links":{"self":[{"href":"https:\/\/nimblecamper.com\/de\/wp-json\/wp\/v2\/product\/2010420","targetHints":{"allow":["GET"]}}],"collection":[{"href":"https:\/\/nimblecamper.com\/de\/wp-json\/wp\/v2\/product"}],"about":[{"href":"https:\/\/nimblecamper.com\/de\/wp-json\/wp\/v2\/types\/product"}],"replies":[{"embeddable":true,"href":"https:\/\/nimblecamper.com\/de\/wp-json\/wp\/v2\/comments?post=2010420"}],"wp:featuredmedia":[{"embeddable":true,"href":"https:\/\/nimblecamper.com\/de\/wp-json\/wp\/v2\/media\/1006589"}],"wp:attachment":[{"href":"https:\/\/nimblecamper.com\/de\/wp-json\/wp\/v2\/media?parent=2010420"}],"wp:term":[{"taxonomy":"product_brand","embeddable":true,"href":"https:\/\/nimblecamper.com\/de\/wp-json\/wp\/v2\/product_brand?post=2010420"},{"taxonomy":"product_cat","embeddable":true,"href":"https:\/\/nimblecamper.com\/de\/wp-json\/wp\/v2\/product_cat?post=2010420"},{"taxonomy":"product_tag","embeddable":true,"href":"https:\/\/nimblecamper.com\/de\/wp-json\/wp\/v2\/product_tag?post=2010420"}],"curies":[{"name":"wp","href":"https:\/\/api.w.org\/{rel}","templated":true}]}}