{"id":2010424,"date":"2022-05-10T11:15:05","date_gmt":"2022-09-07T15:43:19","guid":{"rendered":"https:\/\/nimblecamper.com\/fensterlaeden-fuer-fast-alle-automodelle\/"},"modified":"2022-09-07T15:43:19","modified_gmt":"2022-09-07T15:43:19","slug":"fensterladen","status":"publish","type":"product","link":"https:\/\/nimblecamper.com\/de\/fensterladen\/","title":{"rendered":"Fensterl\u00e4den &#8211; f\u00fcr fast alle Automodelle"},"content":{"rendered":"","protected":false},"excerpt":{"rendered":"<p><strong>Hier finden Sie eine Sonnenblende f\u00fcr fast jedes Automodell.<\/strong><\/p>\n<h4>KEINE FOLIE, VORGESCHNITTENE PLATTEN IN 1MM ST.<\/h4>\n<p>Im Gegensatz zu herk\u00f6mmlichen Sonnenschutzfolien ist Solarplexius eine harte, flexible Polycarbonatplatte. Das Material ist unzerbrechlich und kann weitgehend ohne Besch\u00e4digung gebogen werden. Das Material hat eine gleichm\u00e4\u00dfige T\u00f6nung, und die Lichtdurchl\u00e4ssigkeit betr\u00e4gt nur 10 %.<\/p>\n<p>Mit einer Solarplexius-T\u00f6nung kann niemand in Ihr Auto hineinsehen, aber Sie als Fahrer k\u00f6nnen deutlich hinaussehen. Sie funktioniert wie eine Sonnenbrille und hat die gleichen Eigenschaften wie ein Sonnenschutzfilm.<\/p>\n<p>Sie reduziert die Hitze, schirmt 90 % der direkten Sonneneinstrahlung ab und bietet Privatsph\u00e4re im Auto. Solarplexius ist vom schwedischen VTI crashgetestet und vom deutschen T\u00dcF zugelassen.<\/p>\n","protected":false},"featured_media":1007854,"comment_status":"open","ping_status":"closed","template":"","meta":{"_kad_blocks_custom_css":"","_kad_blocks_head_custom_js":"","_kad_blocks_body_custom_js":"","_kad_blocks_footer_custom_js":"","_kad_post_transparent":"","_kad_post_title":"","_kad_post_layout":"","_kad_post_sidebar_id":"","_kad_post_content_style":"","_kad_post_vertical_padding":"","_kad_post_feature":"","_kad_post_feature_position":"","_kad_post_header":false,"_kad_post_footer":false,"_kad_post_classname":""},"product_brand":[],"product_cat":[2000940,2000942],"product_tag":[],"class_list":{"0":"post-2010424","1":"product","2":"type-product","3":"status-publish","4":"has-post-thumbnail","6":"product_cat-autoausrustung-zubehor","7":"product_cat-autofensterjalousien","9":"first","10":"instock","11":"shipping-taxable","12":"product-type-external","13":"entry","14":"content-bg","15":"loop-entry"},"taxonomy_info":{"product_cat":[{"value":2000940,"label":"Autoausr\u00fcstung\/Zubeh\u00f6r"},{"value":2000942,"label":"Autofensterjalousien"}]},"featured_image_src_large":["https:\/\/nimblecamper.com\/wp-content\/uploads\/2022\/05\/solarplexius2.webp",814,600,false],"author_info":[],"comment_info":0,"_links":{"self":[{"href":"https:\/\/nimblecamper.com\/de\/wp-json\/wp\/v2\/product\/2010424","targetHints":{"allow":["GET"]}}],"collection":[{"href":"https:\/\/nimblecamper.com\/de\/wp-json\/wp\/v2\/product"}],"about":[{"href":"https:\/\/nimblecamper.com\/de\/wp-json\/wp\/v2\/types\/product"}],"replies":[{"embeddable":true,"href":"https:\/\/nimblecamper.com\/de\/wp-json\/wp\/v2\/comments?post=2010424"}],"wp:featuredmedia":[{"embeddable":true,"href":"https:\/\/nimblecamper.com\/de\/wp-json\/wp\/v2\/media\/1007854"}],"wp:attachment":[{"href":"https:\/\/nimblecamper.com\/de\/wp-json\/wp\/v2\/media?parent=2010424"}],"wp:term":[{"taxonomy":"product_brand","embeddable":true,"href":"https:\/\/nimblecamper.com\/de\/wp-json\/wp\/v2\/product_brand?post=2010424"},{"taxonomy":"product_cat","embeddable":true,"href":"https:\/\/nimblecamper.com\/de\/wp-json\/wp\/v2\/product_cat?post=2010424"},{"taxonomy":"product_tag","embeddable":true,"href":"https:\/\/nimblecamper.com\/de\/wp-json\/wp\/v2\/product_tag?post=2010424"}],"curies":[{"name":"wp","href":"https:\/\/api.w.org\/{rel}","templated":true}]}}