{"id":2010450,"date":"2022-05-14T14:58:55","date_gmt":"2022-09-07T15:44:29","guid":{"rendered":"https:\/\/nimblecamper.com\/kampa-tailgater-drive-away-vorzelt\/"},"modified":"2023-02-15T13:38:09","modified_gmt":"2023-02-15T13:38:09","slug":"kampa-anhanger-ausfahrbare-vorzelt-suv-zelt","status":"publish","type":"product","link":"https:\/\/nimblecamper.com\/de\/kampa-anhanger-ausfahrbare-vorzelt-suv-zelt\/","title":{"rendered":"Kampa Tailgater Drive Away Vorzelt"},"content":{"rendered":"","protected":false},"excerpt":{"rendered":"<p>Dieses Auto-\/SUV-Zelt (Markise) kombiniert gute Qualit\u00e4t mit einem niedrigen Preis. Da er speziell f\u00fcr SUVs und MPVs (oder so ziemlich jedes Auto) hergestellt wurde, k\u00f6nnen Sie sicher sein, dass er auch f\u00fcr Ihr Wohnmobil geeignet ist. Fahren Sie bei Bedarf einfach los und schlie\u00dfen Sie es dann wieder an Ihr Auto an. Dar\u00fcber hinaus ist es viel leichter als viele andere Autozelte.<\/p>\n<p>Eine <strong>universell einsetzbare Markise f\u00fcr Fahrzeuge mit Heckklappe wie SUVs, MPVs, Crossover, gro\u00dfe Kombis und Pick-ups<\/strong>, die mit einem Hardtop ausgestattet sind. Das Weathershield\u2122 68D-Material gew\u00e4hrleistet dauerhafte Haltbarkeit und einfache Handhabung. Mit dem optionalen Innenzelt mit zwei Schlafpl\u00e4tzen k\u00f6nnen Sie G\u00e4ste unterbringen. Der Tailgater l\u00e4sst sich einfach an- und abkoppeln und mit einem Rei\u00dfverschluss schlie\u00dfen, w\u00e4hrend Sie auf Entdeckungstour gehen.<\/p>\n<ul>\n<li>Breite: 240cm<\/li>\n<li>Tiefe: 240cm<\/li>\n<li>Anschluss Breite: 160-220cm<\/li>\n<li>Anschluss H\u00f6he: 160-210cm<\/li>\n<li>H\u00f6he an der Vorderseite: 225cm<\/li>\n<li>Gewicht: 11,15 kg<\/li>\n<li>Packma\u00df: 69 x 25 x 25cm<\/li>\n<li>campingworld.de bietet ein R\u00fcckgaberecht von 365 Tagen<\/li>\n<\/ul>\n<p><strong>Weathershield\u2122 68D &#8211; <\/strong>Das superleichte Weathershield\u2122 68D bietet den schnellsten Auf- und Abbau und die kleinsten Packma\u00dfe f\u00fcr Vorzelte. Dieses \u00e4u\u00dferst witterungsbest\u00e4ndige, leicht zu handhabende Polyester bietet ein au\u00dfergew\u00f6hnliches Preis-Leistungs-Verh\u00e4ltnis und einen fortschrittlichen Schutz gegen UV-Strahlung.<br \/>\n<strong>Kabeleinf\u00fchrungen &#8211; <\/strong>F\u00fcr zus\u00e4tzlichen Komfort haben alle Markisen Kabeleinf\u00fchrungen mit Rei\u00dfverschluss f\u00fcr den Zugang zu 12-Volt- und Netzkabeln.<br \/>\n<strong>Fiberglas-Gest\u00e4nge &#8211; <\/strong>Das robuste Fiberglas-Gest\u00e4nge ist einfach aufzustellen und reduziert das Nettogewicht des Zeltes erheblich.<br \/>\n<strong>Nasswetter-Eingang &#8211; <\/strong>Bietet einen gesch\u00fctzten Zugang zum Zelt und verhindert, dass Regen eindringt, wenn Sie die T\u00fcr \u00f6ffnen.<\/p>\n","protected":false},"featured_media":1008062,"comment_status":"open","ping_status":"closed","template":"","meta":{"_kad_blocks_custom_css":"","_kad_blocks_head_custom_js":"","_kad_blocks_body_custom_js":"","_kad_blocks_footer_custom_js":"","_kad_post_transparent":"","_kad_post_title":"","_kad_post_layout":"","_kad_post_sidebar_id":"","_kad_post_content_style":"","_kad_post_vertical_padding":"","_kad_post_feature":"","_kad_post_feature_position":"","_kad_post_header":false,"_kad_post_footer":false,"_kad_post_classname":""},"product_brand":[],"product_cat":[2000884,2000940],"product_tag":[],"class_list":{"0":"post-2010450","1":"product","2":"type-product","3":"status-publish","4":"has-post-thumbnail","6":"product_cat-auto-suv-zelte-und-vorzelte","7":"product_cat-autoausrustung-zubehor","8":"pa_available-in-eu-de","9":"pa_available-in-uk-de","11":"first","12":"instock","13":"shipping-taxable","14":"product-type-external","15":"entry","16":"content-bg","17":"loop-entry"},"taxonomy_info":{"product_cat":[{"value":2000884,"label":"Auto-\/SUV-Zelte und Vorzelte"},{"value":2000940,"label":"Autoausr\u00fcstung\/Zubeh\u00f6r"}],"pa_available-in":[{"value":1000545,"label":"EU"},{"value":1000705,"label":"UK"}]},"featured_image_src_large":["https:\/\/nimblecamper.com\/wp-content\/uploads\/2022\/05\/kampa-drive-away-tent-.webp",800,664,false],"author_info":[],"comment_info":0,"_links":{"self":[{"href":"https:\/\/nimblecamper.com\/de\/wp-json\/wp\/v2\/product\/2010450","targetHints":{"allow":["GET"]}}],"collection":[{"href":"https:\/\/nimblecamper.com\/de\/wp-json\/wp\/v2\/product"}],"about":[{"href":"https:\/\/nimblecamper.com\/de\/wp-json\/wp\/v2\/types\/product"}],"replies":[{"embeddable":true,"href":"https:\/\/nimblecamper.com\/de\/wp-json\/wp\/v2\/comments?post=2010450"}],"wp:featuredmedia":[{"embeddable":true,"href":"https:\/\/nimblecamper.com\/de\/wp-json\/wp\/v2\/media\/1008062"}],"wp:attachment":[{"href":"https:\/\/nimblecamper.com\/de\/wp-json\/wp\/v2\/media?parent=2010450"}],"wp:term":[{"taxonomy":"product_brand","embeddable":true,"href":"https:\/\/nimblecamper.com\/de\/wp-json\/wp\/v2\/product_brand?post=2010450"},{"taxonomy":"product_cat","embeddable":true,"href":"https:\/\/nimblecamper.com\/de\/wp-json\/wp\/v2\/product_cat?post=2010450"},{"taxonomy":"product_tag","embeddable":true,"href":"https:\/\/nimblecamper.com\/de\/wp-json\/wp\/v2\/product_tag?post=2010450"}],"curies":[{"name":"wp","href":"https:\/\/api.w.org\/{rel}","templated":true}]}}