{"id":2014401,"date":"2023-04-14T10:50:26","date_gmt":"2023-04-14T10:50:27","guid":{"rendered":"https:\/\/nimblecamper.com\/?post_type=product&#038;p=2014401"},"modified":"2023-04-14T11:02:49","modified_gmt":"2023-04-14T11:02:49","slug":"vaude-drive-wing-autovorzelt","status":"publish","type":"product","link":"https:\/\/nimblecamper.com\/de\/vaude-drive-wing-autovorzelt\/","title":{"rendered":"VAUDE Drive Wing Autovorzelt, Heckzelt"},"content":{"rendered":"\n<p><\/p>\n\n\n\n<ul class=\"wp-block-list\">\n<li>hervorragende Bel\u00fcftung durch <strong>Netzfenster<\/strong><\/li>\n\n\n\n<li>steht auch ohne Fahrzeug<\/li>\n\n\n\n<li>steile, leicht bedienbare Eing\u00e4nge<\/li>\n\n\n\n<li><strong>Gewicht:<\/strong>&nbsp;4300 g<\/li>\n\n\n\n<li><strong>Packma\u00df:<\/strong>&nbsp;60&#215;25 cm<\/li>\n\n\n\n<li><strong>Material:&nbsp;<\/strong>Au\u00dfenzelt: 100% Polyester 70D 185T, Polyurethane 3000 mm, Gest\u00e4nge: Al 6061 14,5 mm<\/li>\n\n\n\n<li><strong>Farbe<\/strong> Sand (beige)<\/li>\n\n\n\n<li><strong>VAUDE ist eine Top-Marke<\/strong>, wenn es um Zelte geht<\/li>\n\n\n\n<li>freistehende Zeltkonstruktion zum Andocken an den Seiten und am Heck von Autos<\/li>\n<\/ul>\n","protected":false},"excerpt":{"rendered":"<p>Mobilit\u00e4t und Campinggl\u00fcck! Speziell entwickeltes Zelt zum Andocken an Kastenwagen, wie z.B. den VW Caddy, Renault Kangoo, Opel Combo u.a.<\/p>\n<p>Das einfach aufzubauende Vorzelt ist selbststehend und durch zus\u00e4tzliche Sturmabspannm\u00f6glichkeiten windstabil. Die beiden Fenster mit integriertem Moskitonetz sorgen bei Bedarf f\u00fcr gute Bel\u00fcftung. Der Eingang kann auch als schattenspendendes Tarp aufgespannt werden.<\/p>\n<p>F\u00fcr viele Fahrzeugmodelle einsetzbar.\u00a0Er bietet viel Platz f\u00fcr meine gesamte Campingausr\u00fcstung und ist einfacher aufzubauen als der <a href=\"https:\/\/nimblecamper.com\/arpenaz-base-m\/\">Arpenaz Base M<\/a>. Die Qualit\u00e4t der Materialien ist beeindruckend, und es f\u00fchlt sich sehr langlebig an.<\/p>\n<p><strong>Lieferung in die EU und nach Gro\u00dfbritannien.<\/strong><\/p>\n<ul>\n<li><strong>Passend f\u00fcr Heckklappen<\/strong>: f\u00fcr alle Heckklappen (Fahrzeugh\u00f6he bis 2,15 m). Das \u00d6ffnungsblech kann \u00fcber die Heckklappe gezogen werden<\/li>\n<li><strong>Passt an die Seitent\u00fcr<\/strong>: sollte an jedes Auto von der Seite durch die gleiche Haupt\u00f6ffnung passen. Die \u00d6ffnungsfolie kann \u00fcber das gesamte Fahrzeug gezogen werden.<\/li>\n<\/ul>\n","protected":false},"featured_media":2014395,"comment_status":"open","ping_status":"closed","template":"","meta":{"_kad_blocks_custom_css":"","_kad_blocks_head_custom_js":"","_kad_blocks_body_custom_js":"","_kad_blocks_footer_custom_js":"","_kad_post_transparent":"","_kad_post_title":"","_kad_post_layout":"","_kad_post_sidebar_id":"","_kad_post_content_style":"","_kad_post_vertical_padding":"","_kad_post_feature":"","_kad_post_feature_position":"","_kad_post_header":false,"_kad_post_footer":false,"_kad_post_classname":""},"product_brand":[],"product_cat":[2000884],"product_tag":[2001421],"class_list":{"0":"post-2014401","1":"product","2":"type-product","3":"status-publish","4":"has-post-thumbnail","6":"product_cat-auto-suv-zelte-und-vorzelte","7":"product_tag-vaude-de","9":"first","10":"instock","11":"sale","12":"shipping-taxable","13":"product-type-external","14":"entry","15":"content-bg","16":"loop-entry"},"taxonomy_info":{"product_cat":[{"value":2000884,"label":"Auto-\/SUV-Zelte und Vorzelte"}],"product_tag":[{"value":2001421,"label":"vaude"}]},"featured_image_src_large":["https:\/\/nimblecamper.com\/wp-content\/uploads\/2023\/04\/vaude-drive-wing.webp",800,348,false],"author_info":[],"comment_info":0,"_links":{"self":[{"href":"https:\/\/nimblecamper.com\/de\/wp-json\/wp\/v2\/product\/2014401","targetHints":{"allow":["GET"]}}],"collection":[{"href":"https:\/\/nimblecamper.com\/de\/wp-json\/wp\/v2\/product"}],"about":[{"href":"https:\/\/nimblecamper.com\/de\/wp-json\/wp\/v2\/types\/product"}],"replies":[{"embeddable":true,"href":"https:\/\/nimblecamper.com\/de\/wp-json\/wp\/v2\/comments?post=2014401"}],"wp:featuredmedia":[{"embeddable":true,"href":"https:\/\/nimblecamper.com\/de\/wp-json\/wp\/v2\/media\/2014395"}],"wp:attachment":[{"href":"https:\/\/nimblecamper.com\/de\/wp-json\/wp\/v2\/media?parent=2014401"}],"wp:term":[{"taxonomy":"product_brand","embeddable":true,"href":"https:\/\/nimblecamper.com\/de\/wp-json\/wp\/v2\/product_brand?post=2014401"},{"taxonomy":"product_cat","embeddable":true,"href":"https:\/\/nimblecamper.com\/de\/wp-json\/wp\/v2\/product_cat?post=2014401"},{"taxonomy":"product_tag","embeddable":true,"href":"https:\/\/nimblecamper.com\/de\/wp-json\/wp\/v2\/product_tag?post=2014401"}],"curies":[{"name":"wp","href":"https:\/\/api.w.org\/{rel}","templated":true}]}}