{"id":2015178,"date":"2023-06-13T08:56:29","date_gmt":"2023-06-13T09:05:53","guid":{"rendered":"https:\/\/nimblecamper.com\/zeltbox-klassik-dachzelt-schwarz-grau\/"},"modified":"2023-06-13T09:07:11","modified_gmt":"2023-06-13T09:07:11","slug":"zeltbox-klassik-dachzelt-schwarz-grau","status":"publish","type":"product","link":"https:\/\/nimblecamper.com\/de\/zeltbox-klassik-dachzelt-schwarz-grau\/","title":{"rendered":"TentBox Classic Dachzelt (Schwarz &amp; Grau)"},"content":{"rendered":"\n<h2 class=\"wp-block-heading\">BESCHREIBUNG<\/h2>\n\n<p>Verwandle dein Auto in einen Camper mit der TentBox Classic. Das ist eine schnellere und bequemere Art zu campen.<\/p>\n\n<p>Mit seinem kastenf\u00f6rmigen Profil ist der Classic eine bequeme Schlafkapsel, die auf dem Dach deines Autos Platz findet und jedes Abenteuer mitmacht.<\/p>\n\n<p>Dank des gasbetriebenen \u00d6ffnungsmechanismus l\u00e4sst er sich in weniger als 60 Sekunden aufbauen, wenn du an deinem Campingplatz ankommst. Au\u00dferdem ist es schnell eingepackt, wenn du weiterziehen willst.<\/p>\n\n<p>Die mitgelieferte Schaumstoffmatratze macht ihn zu einem Zuhause fernab von zu Hause und verhilft dir zu einem erholsamen Schlaf, egal wohin dich dein Abenteuer f\u00fchrt.<\/p>\n\n<p>Er ist mit jedem Auto kompatibel, das Dachtr\u00e4ger aufnehmen kann und eine Dachlastgrenze von 65 kg oder mehr hat &#8211; der perfekte Weg, um dieses Jahr mehr Abenteuer zu erleben.<\/p>\n\n<p>WICHTIG: Muss in \u00dcbereinstimmung mit unserem Installationshandbuch verwendet werden.<\/p>\n\n<h2 class=\"wp-block-heading\">TECHNISCHE INFORMATIONEN<\/h2>\n\n<ul class=\"wp-block-list\">\n<li>Breite (in cm<strong>)125 cm<\/strong><\/li>\n\n\n\n<li>H\u00f6he (in cm<strong>)100 cm<\/strong><\/li>\n\n\n\n<li>L\u00e4nge (in cm<strong>)210 cm<\/strong><\/li>\n\n\n\n<li><strong>ZustandNeu<\/strong><\/li>\n<\/ul>\n\n<h2 class=\"wp-block-heading\">PRODUKTKONZEPT &amp; TECHNOLOGIE<\/h2>\n\n<h3 class=\"wp-block-heading\">Produktzusammensetzung<\/h3>\n\n<p>ABS &amp; Polycotton Segeltuch<\/p>\n\n<h3 class=\"wp-block-heading\">Rechtliche Erw\u00e4hnungen<\/h3>\n\n<p>Muss in \u00dcbereinstimmung mit dem <a href=\"https:\/\/support.tentbox.com\/hc\/en-gb\/articles\/4412477433105-TentBox-Classic-roof-tent-installation-manual\" target=\"_blank\" rel=\"noreferrer noopener\">Installationshandbuch<\/a> verwendet werden.<\/p>\n","protected":false},"excerpt":{"rendered":"<p>Dank des gasbetriebenen \u00d6ffnungsmechanismus l\u00e4sst er sich in weniger als 60 Sekunden aufbauen, wenn du an deinem Campingplatz ankommst. Au\u00dferdem ist es schnell eingepackt, wenn du weiterziehen willst.<\/p>\n<p>Die mitgelieferte Schaumstoffmatratze macht ihn zu einem Zuhause fernab von zu Hause und verhilft dir zu einem erholsamen Schlaf, egal wohin dich dein Abenteuer f\u00fchrt.<\/p>\n","protected":false},"featured_media":2011532,"comment_status":"open","ping_status":"closed","template":"","meta":{"_kad_blocks_custom_css":"","_kad_blocks_head_custom_js":"","_kad_blocks_body_custom_js":"","_kad_blocks_footer_custom_js":"","_kad_post_transparent":"","_kad_post_title":"","_kad_post_layout":"","_kad_post_sidebar_id":"","_kad_post_content_style":"","_kad_post_vertical_padding":"","_kad_post_feature":"","_kad_post_feature_position":"","_kad_post_header":false,"_kad_post_footer":false,"_kad_post_classname":""},"product_brand":[],"product_cat":[2000884],"product_tag":[],"class_list":{"0":"post-2015178","1":"product","2":"type-product","3":"status-publish","4":"has-post-thumbnail","6":"product_cat-auto-suv-zelte-und-vorzelte","8":"first","9":"instock","10":"shipping-taxable","11":"product-type-external","12":"entry","13":"content-bg","14":"loop-entry"},"taxonomy_info":{"product_cat":[{"value":2000884,"label":"Auto-\/SUV-Zelte und Vorzelte"}]},"featured_image_src_large":["https:\/\/nimblecamper.com\/wp-content\/uploads\/2022\/09\/tentbox-classic-roof-tent-black-and-grey-_1_.webp",646,646,false],"author_info":[],"comment_info":0,"_links":{"self":[{"href":"https:\/\/nimblecamper.com\/de\/wp-json\/wp\/v2\/product\/2015178","targetHints":{"allow":["GET"]}}],"collection":[{"href":"https:\/\/nimblecamper.com\/de\/wp-json\/wp\/v2\/product"}],"about":[{"href":"https:\/\/nimblecamper.com\/de\/wp-json\/wp\/v2\/types\/product"}],"replies":[{"embeddable":true,"href":"https:\/\/nimblecamper.com\/de\/wp-json\/wp\/v2\/comments?post=2015178"}],"wp:featuredmedia":[{"embeddable":true,"href":"https:\/\/nimblecamper.com\/de\/wp-json\/wp\/v2\/media\/2011532"}],"wp:attachment":[{"href":"https:\/\/nimblecamper.com\/de\/wp-json\/wp\/v2\/media?parent=2015178"}],"wp:term":[{"taxonomy":"product_brand","embeddable":true,"href":"https:\/\/nimblecamper.com\/de\/wp-json\/wp\/v2\/product_brand?post=2015178"},{"taxonomy":"product_cat","embeddable":true,"href":"https:\/\/nimblecamper.com\/de\/wp-json\/wp\/v2\/product_cat?post=2015178"},{"taxonomy":"product_tag","embeddable":true,"href":"https:\/\/nimblecamper.com\/de\/wp-json\/wp\/v2\/product_tag?post=2015178"}],"curies":[{"name":"wp","href":"https:\/\/api.w.org\/{rel}","templated":true}]}}